{"id":2352,"date":"2024-05-13T09:25:36","date_gmt":"2024-05-13T07:25:36","guid":{"rendered":"https:\/\/modest-cartwright.45-82-188-209.plesk.page\/?post_type=product&#038;p=2352"},"modified":"2025-07-10T15:20:53","modified_gmt":"2025-07-10T13:20:53","slug":"sea-dragon-mini-1300s","status":"publish","type":"product","link":"https:\/\/sealife-cameras.eu\/de\/produkt\/sea-dragon-mini-1300s\/","title":{"rendered":"Seedrache Mini 1300S"},"content":{"rendered":"<p><em>Seedrache Mini 1300S<br \/>\nProdukt-Nr. SL654<\/em><\/p>\n<p>DIESER ARTIKEL IST NUR IN BEGRENZTEM UMFANG VERF\u00dcGBAR.<\/p>\n<p>Die kompakte Sea Dragon Mini 1300S Tauchlampe mit 1300 Lumen bietet dem Benutzer eine enorme Helligkeit und einen schmalen 8\u00b0-Lichtstrahl mit gro\u00dfer Reichweite. Alle Lichtfunktionen sind leicht zug\u00e4nglich mit einer Handsteuerung, um durch f\u00fcnf Lichtmodi zu schalten. Diese Lampe wird nicht mit Batterien geliefert.<\/p>\n<p>Spezifikationen<\/p>\n<p>Leistungsstarkes Licht mit 1300 Lumen<br \/>\nTiefe getestet bis 100 m \/ 330 ft<br \/>\n8\u00b0 enger Abstrahlwinkel<br \/>\nF\u00fcnf Lichtmodi<br \/>\nGeh\u00e4use aus eloxiertem Aluminium<\/p>","protected":false},"excerpt":{"rendered":"<p>Sea Dragon Mini 1300S Product Nr. SL654 DIT ITEM IS BEPERKT LEVERBAAR. De compacte Sea Dragon Mini 1300S duiklamp met 1300 lumen [&hellip;]<\/p>\n","protected":false},"featured_media":2768,"comment_status":"closed","ping_status":"closed","template":"","meta":{"_acf_changed":false},"product_brand":[],"product_cat":[44],"product_tag":[],"class_list":{"0":"post-2352","1":"product","2":"type-product","3":"status-publish","4":"has-post-thumbnail","6":"product_cat-duiklampen","7":"product_shipping_class-pakket","9":"first","10":"instock","11":"product-type-simple"},"acf":[],"_links":{"self":[{"href":"https:\/\/sealife-cameras.eu\/de\/wp-json\/wp\/v2\/product\/2352","targetHints":{"allow":["GET"]}}],"collection":[{"href":"https:\/\/sealife-cameras.eu\/de\/wp-json\/wp\/v2\/product"}],"about":[{"href":"https:\/\/sealife-cameras.eu\/de\/wp-json\/wp\/v2\/types\/product"}],"replies":[{"embeddable":true,"href":"https:\/\/sealife-cameras.eu\/de\/wp-json\/wp\/v2\/comments?post=2352"}],"wp:featuredmedia":[{"embeddable":true,"href":"https:\/\/sealife-cameras.eu\/de\/wp-json\/wp\/v2\/media\/2768"}],"wp:attachment":[{"href":"https:\/\/sealife-cameras.eu\/de\/wp-json\/wp\/v2\/media?parent=2352"}],"wp:term":[{"taxonomy":"product_brand","embeddable":true,"href":"https:\/\/sealife-cameras.eu\/de\/wp-json\/wp\/v2\/product_brand?post=2352"},{"taxonomy":"product_cat","embeddable":true,"href":"https:\/\/sealife-cameras.eu\/de\/wp-json\/wp\/v2\/product_cat?post=2352"},{"taxonomy":"product_tag","embeddable":true,"href":"https:\/\/sealife-cameras.eu\/de\/wp-json\/wp\/v2\/product_tag?post=2352"}],"curies":[{"name":"wp","href":"https:\/\/api.w.org\/{rel}","templated":true}]}}