{"id":2396,"date":"2024-05-13T09:26:02","date_gmt":"2024-05-13T07:26:02","guid":{"rendered":"https:\/\/modest-cartwright.45-82-188-209.plesk.page\/?post_type=product&#038;p=2396"},"modified":"2025-07-10T15:10:21","modified_gmt":"2025-07-10T13:10:21","slug":"reefmaster-rm-4k","status":"publish","type":"product","link":"https:\/\/sealife-cameras.eu\/de\/produkt\/reefmaster-rm-4k\/","title":{"rendered":"Reefmaster RM-4K"},"content":{"rendered":"<p><em>Reefmaster RM-4K<br \/>\nProdukt-Nr. SL350<\/em><\/p>\n<p>DIESER ARTIKEL IST NUR IN BEGRENZTEM UMFANG VERF\u00dcGBAR.<\/p>\n<p>Der ultrakompakte ReefMaster RM-4K kann \u00fcberall hin mitgenommen werden und ist bereit, Ihr Tauchabenteuer festzuhalten. Seine Form passt bequem in Ihre Hand oder l\u00e4sst sich leicht an einer Foto-\/Videoleuchte wie der Sea Dragon 2000F befestigen. Dank der 4K-Videoaufl\u00f6sung werden Ihre Videos gestochen scharf und farbenfroh, und der hochwertige 14-Megapixel-Bildsensor sorgt f\u00fcr atemberaubende Standbilder. Auf der R\u00fcckseite befindet sich ein hochaufl\u00f6sendes 5-cm-Display zum einfachen Anvisieren und schnellen \u00dcberpr\u00fcfen. Die drucksichere R\u00e4ndelschraube fixiert das Kamerageh\u00e4use auf 130 \u2032 \/ 40 m.<\/p>\n<p>Spezifikationen<\/p>\n<p>14 MP Panasonic\u00ae CMOS-Bildsensor<br \/>\n140\u00b0 Weitwinkel-Fisheye-Objektiv<br \/>\nErweiterbarer Speicher mit Micro-SD-Karten<br \/>\n4K @ 30fps oder 1080p @ 60fps Video<br \/>\nEinfache und sichere Abdichtung durch R\u00e4ndelschrauben<br \/>\nUnterwasser-Farbkorrektur f\u00fcr die Tiefe<br \/>\nJPG-Bilderfassung<br \/>\nEinfache Bedienung und 4-Tasten-Men\u00fc<br \/>\nHochaufl\u00f6sender 2-Zoll-LCD-Farbbildschirm<\/p>","protected":false},"excerpt":{"rendered":"<p>Reefmaster RM-4K Product Nr. SL350 DIT ITEM IS BEPERKT LEVERBAAR. De ultracompacte ReefMaster RM-4K gaat overal naartoe en is klaar om je [&hellip;]<\/p>\n","protected":false},"featured_media":2779,"comment_status":"closed","ping_status":"closed","template":"","meta":{"_acf_changed":false},"product_brand":[],"product_cat":[387],"product_tag":[152,282,146,168,252,377,394,395,379,237],"class_list":{"0":"post-2396","1":"product","2":"type-product","3":"status-publish","4":"has-post-thumbnail","6":"product_cat-cameras-en-behuizing","7":"product_tag-camera","8":"product_tag-diving","9":"product_tag-fotografie","10":"product_tag-onderwater","11":"product_tag-onderwaterwereld","12":"product_tag-photography","13":"product_tag-reefmaster","14":"product_tag-reefmaster-rm-4k","15":"product_tag-sealife","16":"product_tag-underwater","17":"product_shipping_class-pakket","19":"first","20":"instock","21":"product-type-simple"},"acf":[],"_links":{"self":[{"href":"https:\/\/sealife-cameras.eu\/de\/wp-json\/wp\/v2\/product\/2396","targetHints":{"allow":["GET"]}}],"collection":[{"href":"https:\/\/sealife-cameras.eu\/de\/wp-json\/wp\/v2\/product"}],"about":[{"href":"https:\/\/sealife-cameras.eu\/de\/wp-json\/wp\/v2\/types\/product"}],"replies":[{"embeddable":true,"href":"https:\/\/sealife-cameras.eu\/de\/wp-json\/wp\/v2\/comments?post=2396"}],"wp:featuredmedia":[{"embeddable":true,"href":"https:\/\/sealife-cameras.eu\/de\/wp-json\/wp\/v2\/media\/2779"}],"wp:attachment":[{"href":"https:\/\/sealife-cameras.eu\/de\/wp-json\/wp\/v2\/media?parent=2396"}],"wp:term":[{"taxonomy":"product_brand","embeddable":true,"href":"https:\/\/sealife-cameras.eu\/de\/wp-json\/wp\/v2\/product_brand?post=2396"},{"taxonomy":"product_cat","embeddable":true,"href":"https:\/\/sealife-cameras.eu\/de\/wp-json\/wp\/v2\/product_cat?post=2396"},{"taxonomy":"product_tag","embeddable":true,"href":"https:\/\/sealife-cameras.eu\/de\/wp-json\/wp\/v2\/product_tag?post=2396"}],"curies":[{"name":"wp","href":"https:\/\/api.w.org\/{rel}","templated":true}]}}