{"id":2482,"date":"2024-05-13T09:26:55","date_gmt":"2024-05-13T07:26:55","guid":{"rendered":"https:\/\/modest-cartwright.45-82-188-209.plesk.page\/?post_type=product&#038;p=2482"},"modified":"2024-08-20T12:42:46","modified_gmt":"2024-08-20T10:42:46","slug":"aquapod-mini","status":"publish","type":"product","link":"https:\/\/sealife-cameras.eu\/de\/produkt\/aquapod-mini\/","title":{"rendered":"AquaPod Mini"},"content":{"rendered":"<p><em>AquaPod Mini<br \/>\nProdukt-Nr. SL912<\/p>\n<p>Mit dem SeaLife AquaPod Mini k\u00f6nnen Sie Ihre Kamera ganz nah an Land- und Meerestiere heranf\u00fchren, ohne den Abstand zu verlieren, und Sie k\u00f6nnen das perfekte Foto von sich selbst inmitten des Geschehens aufnehmen. Drehen Sie die Kamera auf dem AquaPod Mini, um ganz einfach Selbstportr\u00e4tfotos zu machen. Der AquaPod Mini ist einfach zu bedienen und liegt stabil in der Hand. Er l\u00e4sst sich von 39 cm (15,5 Zoll) auf 97 cm (38 Zoll) ausziehen. Er ist besonders reisefreundlich, da er zusammengefaltet leicht in einen Koffer oder ins Handgep\u00e4ck passt.<\/p>","protected":false},"excerpt":{"rendered":"<p>AquaPod Mini Product Nr. SL912 Met de SeaLife AquaPod Mini kunt u uw camera dicht bij zowel land- als zeedieren plaatsen terwijl [&hellip;]<\/p>\n","protected":false},"featured_media":2515,"comment_status":"closed","ping_status":"closed","template":"","meta":{"_acf_changed":false},"product_brand":[],"product_cat":[385],"product_tag":[251,433,152,282,146,168,252,377,379,237],"class_list":{"0":"post-2482","1":"product","2":"type-product","3":"status-publish","4":"has-post-thumbnail","6":"product_cat-overige-accessoires","7":"product_tag-accessoires","8":"product_tag-aquapod","9":"product_tag-camera","10":"product_tag-diving","11":"product_tag-fotografie","12":"product_tag-onderwater","13":"product_tag-onderwaterwereld","14":"product_tag-photography","15":"product_tag-sealife","16":"product_tag-underwater","17":"product_shipping_class-pakket","19":"first","20":"instock","21":"product-type-simple"},"acf":[],"_links":{"self":[{"href":"https:\/\/sealife-cameras.eu\/de\/wp-json\/wp\/v2\/product\/2482","targetHints":{"allow":["GET"]}}],"collection":[{"href":"https:\/\/sealife-cameras.eu\/de\/wp-json\/wp\/v2\/product"}],"about":[{"href":"https:\/\/sealife-cameras.eu\/de\/wp-json\/wp\/v2\/types\/product"}],"replies":[{"embeddable":true,"href":"https:\/\/sealife-cameras.eu\/de\/wp-json\/wp\/v2\/comments?post=2482"}],"wp:featuredmedia":[{"embeddable":true,"href":"https:\/\/sealife-cameras.eu\/de\/wp-json\/wp\/v2\/media\/2515"}],"wp:attachment":[{"href":"https:\/\/sealife-cameras.eu\/de\/wp-json\/wp\/v2\/media?parent=2482"}],"wp:term":[{"taxonomy":"product_brand","embeddable":true,"href":"https:\/\/sealife-cameras.eu\/de\/wp-json\/wp\/v2\/product_brand?post=2482"},{"taxonomy":"product_cat","embeddable":true,"href":"https:\/\/sealife-cameras.eu\/de\/wp-json\/wp\/v2\/product_cat?post=2482"},{"taxonomy":"product_tag","embeddable":true,"href":"https:\/\/sealife-cameras.eu\/de\/wp-json\/wp\/v2\/product_tag?post=2482"}],"curies":[{"name":"wp","href":"https:\/\/api.w.org\/{rel}","templated":true}]}}