{"id":2532,"date":"2024-05-13T09:27:27","date_gmt":"2024-05-13T07:27:27","guid":{"rendered":"https:\/\/modest-cartwright.45-82-188-209.plesk.page\/?post_type=product&#038;p=2532"},"modified":"2024-08-20T12:42:44","modified_gmt":"2024-08-20T10:42:44","slug":"sea-dragon-eva-case","status":"publish","type":"product","link":"https:\/\/sealife-cameras.eu\/de\/produkt\/sea-dragon-eva-case\/","title":{"rendered":"Seedrache EVA-Koffer"},"content":{"rendered":"<p><em>Sea Dragon EVA-H\u00fclle<br \/>\nProdukt-Nr. SL942<\/em><\/p>\n<p>Thermof\u00f6rmige Tasche f\u00fcr Ihre Kamera, Ihr Licht und anderes Zubeh\u00f6r. Sch\u00fctzend, kompakt und f\u00fcr das Wesentliche konzipiert. Die Tasche passt problemlos in Ihr Gep\u00e4ck und macht das Reisen mit Ihrer Ausr\u00fcstung zum Kinderspiel.<br \/>\nDer Sea Dragon EVA-Koffer bietet ausreichend Platz f\u00fcr eine Kamera, Flex-Connect Single Tray, Griff und Licht.<\/p>","protected":false},"excerpt":{"rendered":"<p>Sea Dragon EVA-hoes Product Nr. SL942 Thermo-vormige hoes voor uw camera, licht en andere accessoires. Beschermend, compact en ontworpen om je essenti\u00eble [&hellip;]<\/p>\n","protected":false},"featured_media":2562,"comment_status":"closed","ping_status":"closed","template":"","meta":{"_acf_changed":false},"product_brand":[],"product_cat":[385],"product_tag":[251,152,451,282,146,168,252,377,379,237],"class_list":{"0":"post-2532","1":"product","2":"type-product","3":"status-publish","4":"has-post-thumbnail","6":"product_cat-overige-accessoires","7":"product_tag-accessoires","8":"product_tag-camera","9":"product_tag-cases","10":"product_tag-diving","11":"product_tag-fotografie","12":"product_tag-onderwater","13":"product_tag-onderwaterwereld","14":"product_tag-photography","15":"product_tag-sealife","16":"product_tag-underwater","17":"product_shipping_class-pakket","19":"first","20":"instock","21":"product-type-simple"},"acf":[],"_links":{"self":[{"href":"https:\/\/sealife-cameras.eu\/de\/wp-json\/wp\/v2\/product\/2532","targetHints":{"allow":["GET"]}}],"collection":[{"href":"https:\/\/sealife-cameras.eu\/de\/wp-json\/wp\/v2\/product"}],"about":[{"href":"https:\/\/sealife-cameras.eu\/de\/wp-json\/wp\/v2\/types\/product"}],"replies":[{"embeddable":true,"href":"https:\/\/sealife-cameras.eu\/de\/wp-json\/wp\/v2\/comments?post=2532"}],"wp:featuredmedia":[{"embeddable":true,"href":"https:\/\/sealife-cameras.eu\/de\/wp-json\/wp\/v2\/media\/2562"}],"wp:attachment":[{"href":"https:\/\/sealife-cameras.eu\/de\/wp-json\/wp\/v2\/media?parent=2532"}],"wp:term":[{"taxonomy":"product_brand","embeddable":true,"href":"https:\/\/sealife-cameras.eu\/de\/wp-json\/wp\/v2\/product_brand?post=2532"},{"taxonomy":"product_cat","embeddable":true,"href":"https:\/\/sealife-cameras.eu\/de\/wp-json\/wp\/v2\/product_cat?post=2532"},{"taxonomy":"product_tag","embeddable":true,"href":"https:\/\/sealife-cameras.eu\/de\/wp-json\/wp\/v2\/product_tag?post=2532"}],"curies":[{"name":"wp","href":"https:\/\/api.w.org\/{rel}","templated":true}]}}