{"id":2533,"date":"2024-05-13T09:27:27","date_gmt":"2024-05-13T07:27:27","guid":{"rendered":"https:\/\/modest-cartwright.45-82-188-209.plesk.page\/?post_type=product&#038;p=2533"},"modified":"2025-07-10T15:11:35","modified_gmt":"2025-07-10T13:11:35","slug":"sealife-sportdiver-met-seadragon-2500","status":"publish","type":"product","link":"https:\/\/sealife-cameras.eu\/de\/produkt\/sealife-sportdiver-met-seadragon-2500\/","title":{"rendered":"SeaLife SportDiver Pro 2500 Set"},"content":{"rendered":"<p>SeaLife SportDiver Pro 2500 Set<br \/>\nProdukt-Nr. SL401<\/p>\n<p>BITTE BEACHTEN SIE, DASS DIESES PRODUKT NICHT MEHR ERH\u00c4LTLICH IST.<\/p>\n<p>SeaLife stellt ein kompaktes und leichtes Unterwassergeh\u00e4use f\u00fcr Smartphones vor. Mit dem neuen SeaLife SportDiver-Geh\u00e4use k\u00f6nnen Taucher, Schnorchler und Schwimmer Fotos und Videos mit ihren iPhones bis zu einer Tiefe von 40 Metern aufnehmen.<\/p>\n<p>Geeignet f\u00fcr:<br \/>\nPr\u00fcfen Sie hier die aktuelle Kompatibilit\u00e4t:\u00a0<a href=\"https:\/\/www.sealife-cameras.com\/sportdiver-compatibility\/\">https:\/\/www.sealife-cameras.com\/sportdiver-compatibility\/<\/a>.<\/p>\n<p>Langlebig:<br \/>\nDas robuste Geh\u00e4use ist aus Polycarbonat, Edelstahl, Aluminium und optischem Glas gefertigt. Und obwohl das SportDiver-Geh\u00e4use \"Heavy Duty\" ist, ist es mit nur 641 Gramm nicht schwer. Es ist ein Leichtgewicht f\u00fcr unterwegs und hat im Wasser einen nahezu neutralen Auftrieb, je nachdem, welches iPhone-Modell verwendet wird.<\/p>\n<p>IPhone als kreative Fotokamera:<br \/>\nDer SportDiver liegt gut in der Hand und ist einfach zu bedienen. Sie verf\u00fcgt \u00fcber eine gro\u00dfe Ausl\u00f6setaste und leicht zug\u00e4ngliche Steuertasten auf der R\u00fcckseite, die auch mit Tauchhandschuhen leicht zu bedienen sind. Kreative Schnorchler und Taucher k\u00f6nnen die optionalen erweiterten Einstellungen der Kamera-App f\u00fcr die Aufnahme ihrer Fotos oder Videos nutzen. Dazu geh\u00f6ren: Zoom, Belichtung (EV), automatischer\/manueller Fokus, Wei\u00dfabgleich, Farbton, Objektivauswahl, RAW- und JPEG-Modus, Live Photo und Hintergrundunsch\u00e4rfe (bei verf\u00fcgbaren iPhone-Modellen).<\/p>\n<p>Kein Risiko, doppelte Sicherheit:<br \/>\nSicherheit f\u00fcr Ihr Handy \u00fcber alles! Der SportDiver verf\u00fcgt \u00fcber einen DOPPELTEN LEAK ALARM, einschlie\u00dflich eines internen Feuchtigkeitsalarms UND eines Unterdruckalarms, der Sie mit einer Bildschirmanzeige, einem Ton und einem LED-Signal warnt, falls das Geh\u00e4use in irgendeiner Form undicht ist und Feuchtigkeit im Geh\u00e4use festgestellt wird oder ein Druckverlust im Geh\u00e4use auftritt.  Mit der mitgelieferten Vakuumpumpe saugen Sie das Geh\u00e4use auf Unterdruck ab. Das im Geh\u00e4use eingebaute Manometer zeigt auf dem Bildschirm des iPhones an, ob Sie das Geh\u00e4use auf den richtigen Unterdruck gebracht haben. Danach muss man nur noch kurz warten, bis das Vakuumsystem anzeigt, dass keine Druckver\u00e4nderung stattgefunden hat, und schon kann man das Set getrost mit unter Wasser nehmen. Das Geh\u00e4use ist mit einem TPE-O-Ring und einem robusten Cam-Lock-Verschluss abgedichtet, der die wasserdichte T\u00fcr einfach und sicher verschlie\u00dft. Um zu verhindern, dass das Innere des Geh\u00e4uses durch Feuchtigkeit beschl\u00e4gt, wird empfohlen, die Anti-Beschlag-Kapsel \"Moisture Muncher\" zu verwenden, um die Luftfeuchtigkeit zu minimieren und so die innere Kondensation so weit wie m\u00f6glich zu verhindern.<\/p>\n<p>Kostenlose SportDiver App:<br \/>\nDas SportDiver-Geh\u00e4use wird in Verbindung mit der kostenlosen SeaLife SportDiver-Kamera-App f\u00fcr iOS 12 und h\u00f6her verwendet.  (Im Gegensatz zu anderen Smartphone-Geh\u00e4use-Apps gibt es keine l\u00e4stigen In-App-K\u00e4ufe oder Werbung). Sie k\u00f6nnen ganz einfach zwischen Foto- und Videomodus wechseln. Die SportDiver-App nutzt die iPhone-Kameratechnologie, die in jedem iPhone\u00ae-Modell enthalten ist.<\/p>\n<p>Fotos und Videos sind jederzeit verf\u00fcgbar:<br \/>\nDer Wiedergabemodus der App zeigt Fotos und Videos in voller Gr\u00f6\u00dfe mit einem vertikalen Miniaturstreifen zum einfachen Durchbl\u00e4ttern der Bilder an. Videos werden automatisch abgespielt, wenn sie ausgew\u00e4hlt werden. Alle Dateien werden auch in der iPhone-Filmspule gespeichert. Das SportDiver-Geh\u00e4use verbindet sich automatisch mit dem iPhone und der SportDiver-App \u00fcber die drahtlose Bluetooth\u00ae Low Energy (LE) 5-Technologie. Es werden keine Kabel oder Tasten mit dem Telefon verbunden. Der SportDiver hat einen extrem niedrigen Stromverbrauch, sowohl f\u00fcr das Telefon als auch f\u00fcr das Geh\u00e4use, das mit zwei AAA-Batterien betrieben wird, die bei Dauerbetrieb mehr als 50 Stunden halten.<\/p>\n<p>Inklusive Farbkorrekturfilter:<br \/>\nF\u00fcr bessere Bildergebnisse in tropischem Blauwasser ist die SportDiver mit einem austauschbaren Farbkorrekturfilter ausgestattet, der die nat\u00fcrlichen Unterwasserfarben wiederherstellt. Der Filter l\u00e4sst sich unter Wasser leicht anbringen oder abnehmen und ist mit einem Sicherheitsband versehen, um einen Verlust zu verhindern.<\/p>\n<p>Optionale externe Belichtung:<br \/>\nDas SportDiver-Geh\u00e4use hat drei 1\/4-20-Stativhalterungen, die an jede Lampe oder Grundplatte mit Standard-Stativgewinde montiert werden k\u00f6nnen, wie z. B. SeaLifes eigene Reihe von Sea Dragon-Unterwasser-Foto\/Video-Lampen. SeaLife bietet auch die Kombination SportDiver mit Sea Dragon-Unterwasserleuchten an, das SL401 \"SportDiver Pro 2500 Set\".<\/p>\n<p>Universell einsetzbar:<br \/>\nF\u00fcr die Sicherheit und den Schutz des Telefons ist der SportDiver mit einem Federsystem und gummierten Grifflaschen ausgestattet, die das Smartphone fest an seinem Platz halten und vor St\u00f6\u00dfen sch\u00fctzen. Dies macht es auch sehr einfach, Smartphone-Modelle in der Tasche zu wechseln.<\/p>\n<p>Im Lieferumfang des SeaLife SportDiver Pro 2500 Sets, Modell SL401, enthalten:<br \/>\nSportDiver Unterwassertasche f\u00fcr iPhone, Modell SL400 wie oben<br \/>\nSea Dragon 2500 Unterwasser-Foto-\/Videoleuchte, Modell SL671<br \/>\nFlex-Connect Single Tray mit Standard \u00bc-20 Befestigungsschraube<br \/>\nFlex-Connect-Griff<br \/>\n25-Wh-Lithium-Ionen-Akku<br \/>\nNetzadapter, Ladeschale und internationale Steckeradapter<br \/>\nErsatz-O-Ringe, O-Ring-Schmiermittel, Werkzeug zum Entfernen von O-Ringen<br \/>\nSea Dragon EVA-H\u00fclle<\/p>","protected":false},"excerpt":{"rendered":"<p>[et_pb_section fb_built=&#8221;1&#8243; _builder_version=&#8221;3.22&#8243; custom_padding=&#8221;0px||||false|false&#8221;][et_pb_row _builder_version=&#8221;3.25&#8243; background_size=&#8221;initial&#8221; background_position=&#8221;top_left&#8221; background_repeat=&#8221;repeat&#8221; width=&#8221;100%&#8221; custom_padding=&#8221;0px||0px||false|false&#8221;][et_pb_column type=&#8221;4_4&#8243; _builder_version=&#8221;3.25&#8243; custom_padding=&#8221;|||&#8221; custom_padding__hover=&#8221;|||&#8221;][et_pb_wc_breadcrumb _builder_version=&#8221;3.0.47&#8243;][\/et_pb_wc_breadcrumb][et_pb_wc_cart_notice _builder_version=&#8221;3.0.47&#8243;][\/et_pb_wc_cart_notice][\/et_pb_column][\/et_pb_row][et_pb_row column_structure=&#8221;1_2,1_2&#8243; _builder_version=&#8221;3.25&#8243; background_size=&#8221;initial&#8221; background_position=&#8221;top_left&#8221; background_repeat=&#8221;repeat&#8221; width=&#8221;100%&#8221; custom_padding=&#8221;0px||||false|false&#8221;][et_pb_column type=&#8221;1_2&#8243; _builder_version=&#8221;3.25&#8243; custom_padding=&#8221;|||&#8221; custom_padding__hover=&#8221;|||&#8221;][et_pb_wc_images _builder_version=&#8221;3.0.47&#8243;][\/et_pb_wc_images][\/et_pb_column][et_pb_column type=&#8221;1_2&#8243; _builder_version=&#8221;3.25&#8243; custom_padding=&#8221;|||&#8221; custom_padding__hover=&#8221;|||&#8221;][et_pb_wc_title _builder_version=&#8221;3.0.47&#8243;][\/et_pb_wc_title][et_pb_wc_rating _builder_version=&#8221;3.0.47&#8243;][\/et_pb_wc_rating][et_pb_wc_price _builder_version=&#8221;3.0.47&#8243;][\/et_pb_wc_price][et_pb_wc_description _builder_version=&#8221;3.0.47&#8243;][\/et_pb_wc_description][et_pb_wc_add_to_cart _builder_version=&#8221;3.0.47&#8243;][\/et_pb_wc_add_to_cart][et_pb_wc_meta _builder_version=&#8221;3.0.47&#8243;][\/et_pb_wc_meta][\/et_pb_column][\/et_pb_row][et_pb_row _builder_version=&#8221;3.25&#8243; background_size=&#8221;initial&#8221; background_position=&#8221;top_left&#8221; background_repeat=&#8221;repeat&#8221; width=&#8221;100%&#8221;][et_pb_column type=&#8221;4_4&#8243; _builder_version=&#8221;3.25&#8243; custom_padding=&#8221;|||&#8221; custom_padding__hover=&#8221;|||&#8221;][et_pb_wc_tabs _builder_version=&#8221;3.0.47&#8243;] [\/et_pb_wc_tabs][et_pb_wc_upsells _builder_version=&#8221;3.0.47&#8243;][\/et_pb_wc_upsells][et_pb_wc_related_products _builder_version=&#8221;3.0.47&#8243;][\/et_pb_wc_related_products][\/et_pb_column][\/et_pb_row][\/et_pb_section]<\/p>\n","protected":false},"featured_media":2563,"comment_status":"closed","ping_status":"closed","template":"","meta":{"_acf_changed":false},"product_brand":[],"product_cat":[387],"product_tag":[251,152,451,282,146,213,168,252,377,378,439,379,57,237,380],"class_list":{"0":"post-2533","1":"product","2":"type-product","3":"status-publish","4":"has-post-thumbnail","6":"product_cat-cameras-en-behuizing","7":"product_tag-accessoires","8":"product_tag-camera","9":"product_tag-cases","10":"product_tag-diving","11":"product_tag-fotografie","12":"product_tag-light","13":"product_tag-onderwater","14":"product_tag-onderwaterwereld","15":"product_tag-photography","16":"product_tag-sea-dragon","17":"product_tag-sea-dragon-lampen","18":"product_tag-sealife","19":"product_tag-set","20":"product_tag-underwater","21":"product_tag-universal","22":"product_shipping_class-pakket","24":"first","25":"instock","26":"shipping-taxable","27":"product-type-simple"},"acf":[],"_links":{"self":[{"href":"https:\/\/sealife-cameras.eu\/de\/wp-json\/wp\/v2\/product\/2533","targetHints":{"allow":["GET"]}}],"collection":[{"href":"https:\/\/sealife-cameras.eu\/de\/wp-json\/wp\/v2\/product"}],"about":[{"href":"https:\/\/sealife-cameras.eu\/de\/wp-json\/wp\/v2\/types\/product"}],"replies":[{"embeddable":true,"href":"https:\/\/sealife-cameras.eu\/de\/wp-json\/wp\/v2\/comments?post=2533"}],"wp:featuredmedia":[{"embeddable":true,"href":"https:\/\/sealife-cameras.eu\/de\/wp-json\/wp\/v2\/media\/2563"}],"wp:attachment":[{"href":"https:\/\/sealife-cameras.eu\/de\/wp-json\/wp\/v2\/media?parent=2533"}],"wp:term":[{"taxonomy":"product_brand","embeddable":true,"href":"https:\/\/sealife-cameras.eu\/de\/wp-json\/wp\/v2\/product_brand?post=2533"},{"taxonomy":"product_cat","embeddable":true,"href":"https:\/\/sealife-cameras.eu\/de\/wp-json\/wp\/v2\/product_cat?post=2533"},{"taxonomy":"product_tag","embeddable":true,"href":"https:\/\/sealife-cameras.eu\/de\/wp-json\/wp\/v2\/product_tag?post=2533"}],"curies":[{"name":"wp","href":"https:\/\/api.w.org\/{rel}","templated":true}]}}