{"id":2536,"date":"2024-05-13T09:27:28","date_gmt":"2024-05-13T07:27:28","guid":{"rendered":"https:\/\/modest-cartwright.45-82-188-209.plesk.page\/?post_type=product&#038;p=2536"},"modified":"2025-07-10T15:08:04","modified_gmt":"2025-07-10T13:08:04","slug":"sealife-sportdiver-smartphone-behuizing","status":"publish","type":"product","link":"https:\/\/sealife-cameras.eu\/de\/produkt\/sealife-sportdiver-smartphone-behuizing\/","title":{"rendered":"Sealife SportDiver Smartphone-Tasche"},"content":{"rendered":"<p>Sealife SportDiver<br \/>\nProdukt-Nr. SL400-U<\/p>\n<p>HINWEIS: DIESES PRODUKT IST NICHT MEHR ERH\u00c4LTLICH<\/p>\n<p>SeaLife SportDiver Unterwassertasche f\u00fcr Smartphone\u00ae<\/p>\n<p>Mit diesem SeaLife SportDiver-Geh\u00e4use k\u00f6nnen Taucher, Schnorchler oder Schwimmer die einzigartigsten Unterwasserfotos und -videos mit ihrem eigenen Smartphone aufnehmen! Zu Hause im Pool im Garten, am Strand oder am Tauchplatz auf dem Deich. Aber nat\u00fcrlich auch an Ihrem Urlaubsort k\u00f6nnen Sie die sch\u00f6nsten Bilder in Tiefen von bis zu 40 Metern einfangen.<\/p>\n<p>Geeignet f\u00fcr:<br \/>\nDer SportDiver kann in Kombination mit verschiedenen Smartphone-Marken verwendet werden. Pr\u00fcfen Sie am besten auf der Website, ob Ihr Telefon in das Geh\u00e4use passt: <a href=\"https:\/\/www.sealife-cameras.com\/sportdiver-compatibility\/\">https:\/\/www.sealife-cameras.com\/sportdiver-compatibility\/<\/a><\/p>\n<p>Langlebig:<br \/>\nDas robuste Geh\u00e4use ist aus Polycarbonat, Edelstahl, Aluminium und optischem Glas gefertigt. Und obwohl das SportDiver-Geh\u00e4use \"Heavy Duty\" ist, ist es mit einem Gewicht von nur 641 Gramm nicht schwer. Es ist ein Leichtgewicht f\u00fcr unterwegs und hat im Wasser einen nahezu neutralen Auftrieb, je nachdem, welches Smartphone-Modell verwendet wird.<\/p>\n<p>Das Smartphone als kreative Fotokamera:<br \/>\nDer SportDiver liegt gut in der Hand und ist einfach zu bedienen. Sie verf\u00fcgt \u00fcber eine gro\u00dfe Ausl\u00f6setaste und leicht zug\u00e4ngliche Steuertasten auf der R\u00fcckseite, die auch mit Tauchhandschuhen leicht zu bedienen sind. Kreative Schnorchler und Taucher k\u00f6nnen die optionalen erweiterten Einstellungen der Kamera-App f\u00fcr die Aufnahme ihrer Fotos oder Videos nutzen. Dazu geh\u00f6ren: Zoom, Belichtung (EV), automatischer\/manueller Fokus, Wei\u00dfabgleich, Farbton, Objektivauswahl, RAW + JPEG-Modus, Live Photo und Hintergrundunsch\u00e4rfe (bei verf\u00fcgbaren Smartphone-Modellen).<\/p>\n<p>Kein Risiko, doppelte Sicherheit:<br \/>\nSicherheit f\u00fcr Ihr Handy \u00fcber alles! Der SportDiver verf\u00fcgt \u00fcber einen DOPPELTEN LEAK ALARM, einschlie\u00dflich eines internen Feuchtigkeitsalarms UND eines Unterdruckalarms, der Sie mit einer Bildschirmanzeige, einem Ton und einem LED-Signal warnt, falls das Geh\u00e4use in irgendeiner Form undicht ist und Feuchtigkeit im Geh\u00e4use festgestellt wird oder ein Druckverlust im Geh\u00e4use auftritt. Mit der mitgelieferten Vakuumpumpe saugen Sie das Geh\u00e4use auf Unterdruck ab. Das im Geh\u00e4use eingebaute Manometer zeigt auf dem Bildschirm des Smartphones an, ob Sie das Geh\u00e4use auf den richtigen Unterdruck gebracht haben. Dann muss man nur noch darauf warten, dass das Vakuumsystem anzeigt, dass keine Druckver\u00e4nderung stattgefunden hat, und schon kann man das Set getrost mit unter Wasser nehmen. Das Geh\u00e4use ist mit einem TPE-O-Ring und einem robusten Cam-Lock-Verschluss abgedichtet, der die wasserdichte T\u00fcr einfach und sicher verschlie\u00dft. Um zu verhindern, dass das Innere des Geh\u00e4uses durch Feuchtigkeit beschl\u00e4gt, wird empfohlen, die Anti-Beschlag-Kapsel \"Moisture Muncher\" zu verwenden, um die Luftfeuchtigkeit zu minimieren und so die innere Kondensation so weit wie m\u00f6glich zu verhindern.<\/p>\n<p>Kostenlose SportDiver App:<br \/>\nDas SportDiver-Geh\u00e4use wird in Verbindung mit der kostenlosen SeaLife SportDiver-Kamera-App verwendet.  (Im Gegensatz zu anderen Smartphone-Geh\u00e4use-Apps gibt es keine l\u00e4stigen In-App-K\u00e4ufe oder Werbung). Sie k\u00f6nnen ganz einfach zwischen Foto- und Videomodus wechseln. Die SportDiver-App nutzt die Smartphone-Kameratechnologie, die in jedem Smartphone-Modell enthalten ist. Die App ist sowohl f\u00fcr IOS- als auch f\u00fcr Android-Telefone verf\u00fcgbar.<\/p>\n<p>Fotos und Videos sind jederzeit verf\u00fcgbar:<br \/>\nDer Wiedergabemodus der App zeigt Fotos und Videos in voller Gr\u00f6\u00dfe mit einem vertikalen Miniaturstreifen zum einfachen Durchbl\u00e4ttern der Bilder an. Videos werden automatisch wiedergegeben, wenn sie ausgew\u00e4hlt werden. Alle Dateien werden auch in der Filmrolle gespeichert. Das SportDiver-Geh\u00e4use verbindet sich automatisch mit Ihrem Smartphone und der SportDiver-App \u00fcber die drahtlose Bluetooth\u00ae Low Energy (LE) 5-Technologie. Es werden keine Kabel oder Tasten mit dem Telefon verbunden. Der SportDiver hat einen extrem niedrigen Stromverbrauch, sowohl f\u00fcr das Telefon als auch f\u00fcr das Geh\u00e4use, das mit zwei AAA-Batterien betrieben wird, die bei Dauerbetrieb mehr als 50 Stunden halten.<\/p>\n<p>Inklusive Farbkorrekturfilter:<br \/>\nF\u00fcr bessere Bildergebnisse in tropischem Blauwasser ist die SportDiver mit einem austauschbaren Farbkorrekturfilter ausgestattet, der die nat\u00fcrlichen Unterwasserfarben wiederherstellt. Der Filter l\u00e4sst sich unter Wasser leicht anbringen oder abnehmen und ist mit einem Sicherheitsband versehen, um einen Verlust zu verhindern.<\/p>\n<p>Optionale externe Belichtung:<br \/>\nDas SportDiver-Geh\u00e4use hat drei 1\/4-20-Stativhalterungen, die an jede Lampe oder Grundplatte mit Standard-Stativgewinde montiert werden k\u00f6nnen, wie z. B. SeaLifes eigene Reihe von Sea Dragon-Unterwasser-Foto\/Video-Lampen. SeaLife bietet auch die Kombination SportDiver mit Sea Dragon-Unterwasserleuchten an, das SL401 \"SportDiver Pro 2500 Set\".<\/p>\n<p>Universell einsetzbar:<br \/>\nF\u00fcr die Sicherheit und den Schutz des Telefons ist der SportDiver mit einem Federsystem und gummierten Grifflaschen ausgestattet, die das Smartphone\u00ae fest an seinem Platz halten und vor St\u00f6\u00dfen sch\u00fctzen. Dies macht es auch sehr einfach, Smartphone-Modelle in der Tasche zu wechseln.<\/p>\n<p>Artikel Beschreibung GMP<br \/>\nSL400-U SportDiver Unterwassergeh\u00e4use f\u00fcr Smartphone \u20ac 349<br \/>\nSL401 SportDiver Pro 2500 Set mit Sea Dragon 2500 Unterwasserlicht \u20ac 799<\/p>\n<p>Im Lieferumfang des SeaLife SportDiver, Modell SL400-U, enthalten:<br \/>\nSportDiver Unterwasser-Smartphone-Tasche<br \/>\nFilter f\u00fcr die Farbkorrektur unter Wasser<br \/>\nVakuumpumpe<br \/>\nGummigriffschalen (12x klein, 12x mittel und 12x gro\u00df)<br \/>\nErsatz-O-Ringe (1x Haupt-O-Ring und 1x Vakuum-Kontrollanschluss-O-Ring)<br \/>\nO-Ring-Schmiermittel<br \/>\nWerkzeuge zum Entfernen des O-Rings<br \/>\nLuxuri\u00f6ses Handgelenkband mit Clip<br \/>\nMoisture Muncher Probepackung (1 Kapsel)<br \/>\nAAA-Alkalibatterien (2)<br \/>\nEVA-Tragekoffer<\/p>","protected":false},"excerpt":{"rendered":"<p>Sealife SportDiver<br \/>\nProdukt-Nr. SL400-U<\/p>\n<p>SeaLife SportDiver Unterwassertasche f\u00fcr Smartphone\u00ae<\/p>\n<p>Mit diesem SeaLife SportDiver-Geh\u00e4use k\u00f6nnen Taucher, Schnorchler oder Schwimmer die einzigartigsten Unterwasserfotos und -videos mit ihrem eigenen Smartphone aufnehmen! Zu Hause im Pool im Garten, am Strand oder am Tauchplatz auf dem Deich. Aber nat\u00fcrlich auch an Ihrem Urlaubsort k\u00f6nnen Sie die sch\u00f6nsten Bilder in Tiefen von bis zu 40 Metern einfangen.<\/p>\n<p>Geeignet f\u00fcr:<br \/>\nDer SportDiver kann in Kombination mit verschiedenen Smartphone-Marken verwendet werden. Pr\u00fcfen Sie am besten auf der Website, ob Ihr Telefon in das Geh\u00e4use passt: <a href=\"https:\/\/www.sealife-cameras.com\/sportdiver-compatibility\/\">https:\/\/www.sealife-cameras.com\/sportdiver-compatibility\/<\/a><\/p>\n<p>Langlebig:<br \/>\nDas robuste Geh\u00e4use ist aus Polycarbonat, Edelstahl, Aluminium und optischem Glas gefertigt. Und obwohl das SportDiver-Geh\u00e4use \"Heavy Duty\" ist, ist es mit einem Gewicht von nur 641 Gramm nicht schwer. Es ist ein Leichtgewicht f\u00fcr unterwegs und hat im Wasser einen nahezu neutralen Auftrieb, je nachdem, welches Smartphone-Modell verwendet wird.<\/p>\n<p>Das Smartphone als kreative Fotokamera:<br \/>\nDer SportDiver liegt gut in der Hand und ist einfach zu bedienen. Sie verf\u00fcgt \u00fcber eine gro\u00dfe Ausl\u00f6setaste und leicht zug\u00e4ngliche Steuertasten auf der R\u00fcckseite, die auch mit Tauchhandschuhen leicht zu bedienen sind. Kreative Schnorchler und Taucher k\u00f6nnen die optionalen erweiterten Einstellungen der Kamera-App f\u00fcr die Aufnahme ihrer Fotos oder Videos nutzen. Dazu geh\u00f6ren: Zoom, Belichtung (EV), automatischer\/manueller Fokus, Wei\u00dfabgleich, Farbton, Objektivauswahl, RAW + JPEG-Modus, Live Photo und Hintergrundunsch\u00e4rfe (bei verf\u00fcgbaren Smartphone-Modellen).<\/p>\n<p>Kein Risiko, doppelte Sicherheit:<br \/>\nSicherheit f\u00fcr Ihr Handy \u00fcber alles! Der SportDiver verf\u00fcgt \u00fcber einen DOPPELTEN LEAK ALARM, einschlie\u00dflich eines internen Feuchtigkeitsalarms UND eines Unterdruckalarms, der Sie mit einer Bildschirmanzeige, einem Ton und einem LED-Signal warnt, falls das Geh\u00e4use in irgendeiner Form undicht ist und Feuchtigkeit im Geh\u00e4use festgestellt wird oder ein Druckverlust im Geh\u00e4use auftritt. Mit der mitgelieferten Vakuumpumpe saugen Sie das Geh\u00e4use auf Unterdruck ab. Das im Geh\u00e4use eingebaute Manometer zeigt auf dem Bildschirm des Smartphones an, ob Sie das Geh\u00e4use auf den richtigen Unterdruck gebracht haben. Dann muss man nur noch darauf warten, dass das Vakuumsystem anzeigt, dass keine Druckver\u00e4nderung stattgefunden hat, und schon kann man das Set getrost mit unter Wasser nehmen. Das Geh\u00e4use ist mit einem TPE-O-Ring und einem robusten Cam-Lock-Verschluss abgedichtet, der die wasserdichte T\u00fcr einfach und sicher verschlie\u00dft. Um zu verhindern, dass das Innere des Geh\u00e4uses durch Feuchtigkeit beschl\u00e4gt, wird empfohlen, die Anti-Beschlag-Kapsel \"Moisture Muncher\" zu verwenden, um die Luftfeuchtigkeit zu minimieren und so die innere Kondensation so weit wie m\u00f6glich zu verhindern.<\/p>\n<p>Kostenlose SportDiver App:<br \/>\nDas SportDiver-Geh\u00e4use wird in Verbindung mit der kostenlosen SeaLife SportDiver-Kamera-App verwendet.  (Im Gegensatz zu anderen Smartphone-Geh\u00e4use-Apps gibt es keine l\u00e4stigen In-App-K\u00e4ufe oder Werbung). Sie k\u00f6nnen ganz einfach zwischen Foto- und Videomodus wechseln. Die SportDiver-App nutzt die Smartphone-Kameratechnologie, die in jedem Smartphone-Modell enthalten ist. Die App ist sowohl f\u00fcr IOS- als auch f\u00fcr Android-Telefone verf\u00fcgbar.<\/p>\n<p>Fotos und Videos sind jederzeit verf\u00fcgbar:<br \/>\nDer Wiedergabemodus der App zeigt Fotos und Videos in voller Gr\u00f6\u00dfe mit einem vertikalen Miniaturstreifen zum einfachen Durchbl\u00e4ttern der Bilder an. Videos werden automatisch wiedergegeben, wenn sie ausgew\u00e4hlt werden. Alle Dateien werden auch in der Filmrolle gespeichert. Das SportDiver-Geh\u00e4use verbindet sich automatisch mit Ihrem Smartphone und der SportDiver-App \u00fcber die drahtlose Bluetooth\u00ae Low Energy (LE) 5-Technologie. Es werden keine Kabel oder Tasten mit dem Telefon verbunden. Der SportDiver hat einen extrem niedrigen Stromverbrauch, sowohl f\u00fcr das Telefon als auch f\u00fcr das Geh\u00e4use, das mit zwei AAA-Batterien betrieben wird, die bei Dauerbetrieb mehr als 50 Stunden halten.<\/p>\n<p>Inklusive Farbkorrekturfilter:<br \/>\nF\u00fcr bessere Bildergebnisse in tropischem Blauwasser ist die SportDiver mit einem austauschbaren Farbkorrekturfilter ausgestattet, der die nat\u00fcrlichen Unterwasserfarben wiederherstellt. Der Filter l\u00e4sst sich unter Wasser leicht anbringen oder abnehmen und ist mit einem Sicherheitsband versehen, um einen Verlust zu verhindern.<\/p>\n<p>Optionale externe Belichtung:<br \/>\nDas SportDiver-Geh\u00e4use hat drei 1\/4-20-Stativhalterungen, die an jede Lampe oder Grundplatte mit Standard-Stativgewinde montiert werden k\u00f6nnen, wie z. B. SeaLifes eigene Reihe von Sea Dragon-Unterwasser-Foto\/Video-Lampen. SeaLife bietet auch die Kombination SportDiver mit Sea Dragon-Unterwasserleuchten an, das SL401 \"SportDiver Pro 2500 Set\".<\/p>\n<p>Universell einsetzbar:<br \/>\nF\u00fcr die Sicherheit und den Schutz des Telefons ist der SportDiver mit einem Federsystem und gummierten Grifflaschen ausgestattet, die das Smartphone\u00ae fest an seinem Platz halten und vor St\u00f6\u00dfen sch\u00fctzen. Dies macht es auch sehr einfach, Smartphone-Modelle in der Tasche zu wechseln.<\/p>\n<p>Artikel Beschreibung GMP<br \/>\nSL400-U SportDiver Unterwassergeh\u00e4use f\u00fcr Smartphone \u20ac 349<br \/>\nSL401 SportDiver Pro 2500 Set mit Sea Dragon 2500 Unterwasserlicht \u20ac 799<\/p>\n<p>Im Lieferumfang des SeaLife SportDiver, Modell SL400-U, enthalten:<br \/>\nSportDiver Unterwasser-Smartphone-Tasche<br \/>\nFilter f\u00fcr die Farbkorrektur unter Wasser<br \/>\nVakuumpumpe<br \/>\nGummigriffschalen (12x klein, 12x mittel und 12x gro\u00df)<br \/>\nErsatz-O-Ringe (1x Haupt-O-Ring und 1x Vakuum-Kontrollanschluss-O-Ring)<br \/>\nO-Ring-Schmiermittel<br \/>\nWerkzeuge zum Entfernen des O-Rings<br \/>\nLuxuri\u00f6ses Handgelenkband mit Clip<br \/>\nMoisture Muncher Probepackung (1 Kapsel)<br \/>\nAAA-Alkalibatterien (2)<br \/>\nEVA-Tragekoffer<\/p>","protected":false},"featured_media":2566,"comment_status":"closed","ping_status":"closed","template":"","meta":{"_acf_changed":false},"product_brand":[],"product_cat":[387],"product_tag":[],"class_list":{"0":"post-2536","1":"product","2":"type-product","3":"status-publish","4":"has-post-thumbnail","6":"product_cat-cameras-en-behuizing","7":"product_shipping_class-pakket","9":"first","10":"instock","11":"shipping-taxable","12":"product-type-simple"},"acf":[],"_links":{"self":[{"href":"https:\/\/sealife-cameras.eu\/de\/wp-json\/wp\/v2\/product\/2536","targetHints":{"allow":["GET"]}}],"collection":[{"href":"https:\/\/sealife-cameras.eu\/de\/wp-json\/wp\/v2\/product"}],"about":[{"href":"https:\/\/sealife-cameras.eu\/de\/wp-json\/wp\/v2\/types\/product"}],"replies":[{"embeddable":true,"href":"https:\/\/sealife-cameras.eu\/de\/wp-json\/wp\/v2\/comments?post=2536"}],"wp:featuredmedia":[{"embeddable":true,"href":"https:\/\/sealife-cameras.eu\/de\/wp-json\/wp\/v2\/media\/2566"}],"wp:attachment":[{"href":"https:\/\/sealife-cameras.eu\/de\/wp-json\/wp\/v2\/media?parent=2536"}],"wp:term":[{"taxonomy":"product_brand","embeddable":true,"href":"https:\/\/sealife-cameras.eu\/de\/wp-json\/wp\/v2\/product_brand?post=2536"},{"taxonomy":"product_cat","embeddable":true,"href":"https:\/\/sealife-cameras.eu\/de\/wp-json\/wp\/v2\/product_cat?post=2536"},{"taxonomy":"product_tag","embeddable":true,"href":"https:\/\/sealife-cameras.eu\/de\/wp-json\/wp\/v2\/product_tag?post=2536"}],"curies":[{"name":"wp","href":"https:\/\/api.w.org\/{rel}","templated":true}]}}