{"id":2546,"date":"2024-05-13T09:27:28","date_gmt":"2024-05-13T07:27:28","guid":{"rendered":"https:\/\/modest-cartwright.45-82-188-209.plesk.page\/?post_type=product&#038;p=2546"},"modified":"2024-08-20T12:42:43","modified_gmt":"2024-08-20T10:42:43","slug":"sea-dragon-3000-pro-dual-beam","status":"publish","type":"product","link":"https:\/\/sealife-cameras.eu\/de\/produkt\/sea-dragon-3000-pro-dual-beam\/","title":{"rendered":"Sea Dragon 3000 Pro Doppelstrahl"},"content":{"rendered":"<p><em>Sea Dragon Pro Doppelstrahl<\/em><br \/>\n<em>Produkt-Nr. SL679<\/em><\/p>\n<p><strong>Ein Licht, zwei starke Strahlen und mehr!<\/strong><\/p>\n<p>Die kompakte Sea Dragon 3000SF Pro Dual Beam Foto- und Videoleuchte ist die perfekte Allround-Foto-, Video- und Tauchleuchte. Mit einem einfachen Tastendruck k\u00f6nnen Sie vom breiten 3000-Lumen-Strahl mit 120\u00b0 auf einen schmalen 1500-Lumen-Strahl mit 15\u00b0 umschalten. F\u00fcr die Bildgebung bietet der Spotstrahl viele kreative M\u00f6glichkeiten, wie z. B. die Erzeugung eines schmalen, fokussierten Snoot- oder Spotlichteffekts. Der Strahl dient auch als prim\u00e4re oder sekund\u00e4re Tauchlampe f\u00fcr die meisten Tauchanwendungen. Zwei rote LEDs machen diese Lampe zur perfekten Kombination f\u00fcr Tag- und Nachttauchg\u00e4nge.<br \/>\nDie Funktion des schmalen Strahls hat einen gro\u00dfen Wirkungsbereich und ist daher n\u00fctzlich f\u00fcr die Beobachtung in dunklen Bereichen und die Entdeckung versteckter Fische. Die Sea Dragon Pro Dual Beam bietet au\u00dferdem zwei rote LEDs mit 180 Lumen und 88\u00b0. Rotes Licht beeintr\u00e4chtigt weder die Nachtsicht Ihrer eigenen Augen noch erschreckt es lichtempfindliche Meerestiere. Ein einfacher Druck auf die Funktionstaste schaltet das Licht von Rot auf den breiten 3000-Lumen-Strahl um. Im Handumdrehen sind Sie bereit f\u00fcr Foto- oder Videoaufnahmen.<\/p>\n<p>Mit dem Funktionsdrehknopf lassen sich die g\u00e4ngigsten Funktionen einfach umschalten:<br \/>\n3000 (Lumen) Flutlicht &gt; 1500 Flutlicht &gt; 750 Flutlicht &gt; 1500 Spot &gt; 750 Spot &gt; 180 ROT Flutlicht &gt; Wiederholung<\/p>\n<p>Die Sea Dragon Pro Dual Beam-Leuchte umfasst ein Flex-Connect\u00ae Single-Tray, einen Flex-Connect\u00ae Grip, eine Sea Dragon EVA-Reisetasche, einen Adapter f\u00fcr GoPro\u00ae-Kameras, einen Li-Ionen-Akku, ein AC-Ladeger\u00e4t und internationale Steckeradapter.<br \/>\nEin Teil der beeindruckenden Leistung der Sea Dragon ist der leistungsstarke 25Wh 3400mAh Li-Ionen-Akku, der die Lampe 60 Minuten lang bei voller Leistung (3000 Lumen) leuchten l\u00e4sst.<\/p>\n<p><strong>Eigenschaften<\/strong><\/p>\n<p>- Leistungsstarke COB-LED mit 3000 Lumen f\u00fcr breiten Lichtkegel (BridgeLux V18 COB LED) und LED mit 1500 Lumen f\u00fcr engen Lichtkegel (Luminus SST-40-W LED)<br \/>\n- 90 Farbwiedergabeindex (CRI), der das nat\u00fcrliche Tageslicht imitiert<br \/>\n- Ein-Knopf-Steuerung f\u00fcr einfache Bedienung. Eine Taste zum Ein- und Ausschalten des Lichts und zur Auswahl der Helligkeit<br \/>\n- 6 Lichtmodi: Flutlicht 100%, 50%, 25%; Spot 100%, 50%; ein Rotlichtmodus<br \/>\n- 60 Minuten Betriebszeit bei voller Leistung<br \/>\n- Konstante Helligkeit - geregelte Schaltkreise, so dass das Licht bei Batteriebetrieb nicht gedimmt wird<br \/>\n- Leicht erweiterbar mit Flex-Connect\u2122-Schalen, Griffen und Flexarmen<br \/>\n- Schnellausl\u00f6setaste zum Ausl\u00f6sen und Ausrichten der Lampe in Ritzen und schwer zug\u00e4nglichen Stellen<br \/>\n- 120\u00b0 breiter Lichtkegel leuchtet das Motiv gleichm\u00e4\u00dfig und ohne Hotspots aus (90\u00b0 unter Wasser)<br \/>\n- 15\u00b0 enger Lichtkegel f\u00fcr gro\u00dfe Reichweite und kreativen Snoot-Effekt (11\u00b0 unter Wasser)<br \/>\n- Der Notfallmodus sendet ein Blinklicht oder ein SOS-Signal, um andere auf einen Notfall aufmerksam zu machen. Wird durch Dr\u00fccken und Halten der Ein-\/Aus-Taste f\u00fcr 5 Sekunden aus dem ausgeschalteten Zustand aktiviert.<br \/>\n- Gesch\u00e4tzte Tiefe bis zu 100 Meter (330 ft)<br \/>\n- Korrosionsbest\u00e4ndiger Metall-Lampenkopf f\u00fcr W\u00e4rmeableitung und Haltbarkeit<br \/>\n- Herausnehmbarer 25Wh 3400 mAh Li-Ion-Akku mit Ladeger\u00e4t und internationalen Steckeradaptern<br \/>\n- Das wasserdichte Batteriefach sch\u00fctzt die interne Elektronik auch bei versehentlicher \u00dcberflutung<br \/>\n- Inklusive Standard Single Tray, Grip und kompaktem Reisekoffer<br \/>\n- Montageplatte mit universeller \u00bc-20 Schraube passend f\u00fcr alle SeaLife und andere Marken<\/p>","protected":false},"excerpt":{"rendered":"<p>Sea Dragon Pro Dual Beam Product Nr. SL679 E\u00e9n licht, twee krachtige stralen en meer! De compacte Sea Dragon 3000SF Pro Dual [&hellip;]<\/p>\n","protected":false},"featured_media":2593,"comment_status":"open","ping_status":"closed","template":"","meta":{"_acf_changed":false},"product_brand":[],"product_cat":[142],"product_tag":[],"class_list":{"0":"post-2546","1":"product","2":"type-product","3":"status-publish","4":"has-post-thumbnail","6":"product_cat-foto-en-videolampen","7":"product_shipping_class-pakket","9":"first","10":"instock","11":"shipping-taxable","12":"product-type-simple"},"acf":[],"_links":{"self":[{"href":"https:\/\/sealife-cameras.eu\/de\/wp-json\/wp\/v2\/product\/2546","targetHints":{"allow":["GET"]}}],"collection":[{"href":"https:\/\/sealife-cameras.eu\/de\/wp-json\/wp\/v2\/product"}],"about":[{"href":"https:\/\/sealife-cameras.eu\/de\/wp-json\/wp\/v2\/types\/product"}],"replies":[{"embeddable":true,"href":"https:\/\/sealife-cameras.eu\/de\/wp-json\/wp\/v2\/comments?post=2546"}],"wp:featuredmedia":[{"embeddable":true,"href":"https:\/\/sealife-cameras.eu\/de\/wp-json\/wp\/v2\/media\/2593"}],"wp:attachment":[{"href":"https:\/\/sealife-cameras.eu\/de\/wp-json\/wp\/v2\/media?parent=2546"}],"wp:term":[{"taxonomy":"product_brand","embeddable":true,"href":"https:\/\/sealife-cameras.eu\/de\/wp-json\/wp\/v2\/product_brand?post=2546"},{"taxonomy":"product_cat","embeddable":true,"href":"https:\/\/sealife-cameras.eu\/de\/wp-json\/wp\/v2\/product_cat?post=2546"},{"taxonomy":"product_tag","embeddable":true,"href":"https:\/\/sealife-cameras.eu\/de\/wp-json\/wp\/v2\/product_tag?post=2546"}],"curies":[{"name":"wp","href":"https:\/\/api.w.org\/{rel}","templated":true}]}}