{"id":2547,"date":"2024-05-13T09:27:28","date_gmt":"2024-05-13T07:27:28","guid":{"rendered":"https:\/\/modest-cartwright.45-82-188-209.plesk.page\/?post_type=product&#038;p=2547"},"modified":"2024-08-20T12:42:43","modified_gmt":"2024-08-20T10:42:43","slug":"micro-wide-angle-dome-lens","status":"publish","type":"product","link":"https:\/\/sealife-cameras.eu\/de\/produkt\/micro-wide-angle-dome-lens\/","title":{"rendered":"Mikro-Weitwinkel-Kuppelobjektiv"},"content":{"rendered":"<p><em>Mikro-Weitwinkel-Kuppelobjektiv<\/em><br \/>\n<em>Produkt-Nr. SL052<\/em><\/p>\n<p>Das Micro Wide Angle Dome Objektiv f\u00fcr die Micro Serie und die ReefMaster RM-4K Unterwasserkameras vergr\u00f6\u00dfert das Sichtfeld der Kamera um fast 50% und erm\u00f6glicht es dem Fotografen, dreimal n\u00e4her an das Motiv heranzukommen.<br \/>\nDas Mikro-Weitwinkel-Dome-Objektiv verwendet hochwertige Optiken, die in 4 Elementen angeordnet sind und eine scharfe Sch\u00e4rfe von Rand zu Rand liefern. Die internen Elemente bestehen aus mehrfach beschichtetem optischem Glas. Die Kuppellinse besteht aus optischem Polycarbonat mit harter Anti-Kratz-Beschichtung. Das Objektiv hat eine effektive Brennweite von 13,3 mm (film\u00e4quivalent), wenn es mit der SeaLife Micro 3.0 verwendet wird, und ist bis 60 m wasserdicht.<br \/>\nDas Objektiv passt auf alle Kameras der SeaLife Micro-Serie (Micro HD, HD+, Micro 2.0, Micro 3.0) und funktioniert auch mit der SeaLife ReefMaster RM-4K, wobei der Aufnahmewinkel der kleinen Kamera auf 196\u00b0 vergr\u00f6\u00dfert wird. Das Micro Wide Angle Dome-Objektiv vergr\u00f6\u00dfert den Aufnahmewinkel der Micro 3.0 um 43% auf 143\u00b0 (in Luft) und erm\u00f6glicht es dem Benutzer, fast 3x n\u00e4her an das Motiv heranzukommen.<br \/>\nDas Micro Wide Angle Dome-Objektiv ist ein \"Nassobjektiv\" und kann unter Wasser leicht angebracht und abgenommen werden. Ein Sicherungsring verhindert, dass sich das Objektiv bei St\u00f6\u00dfen oder in rauem Wasser versehentlich l\u00f6st. Das Objektiv wiegt 331 Gramm und hat einen negativen Auftrieb. Eine mitgelieferte Leine verhindert den Verlust des Objektivs unter Wasser, und das Objektiv kann am Lens Caddy (SL091) befestigt werden, wenn es nicht gebraucht wird.<br \/>\nDie schwenkbare Gegenlichtblende verhindert unerw\u00fcnschte Blendung durch externe Beleuchtung oder Sonnenlicht und sch\u00fctzt die Kuppellinse vor St\u00f6\u00dfen und Verschlei\u00df.<\/p>\n<p><strong>Spezifikationen<\/strong><\/p>\n<p>- 3x n\u00e4her und 43% gr\u00f6\u00dferes Sichtfeld<br \/>\n- Optisches Design korrigiert tonnenf\u00f6rmige Verzeichnung und verbessert die Sch\u00e4rfe von Kante zu Kante<br \/>\n- 0,7-fache Weitwinkelkonversion<br \/>\n- Vollst\u00e4ndig mehrfach beschichtete Optik f\u00fcr maximale Lichtdurchl\u00e4ssigkeit<br \/>\n- Passend f\u00fcr alle SeaLife Micro Serie und ReefMaster RM-4K Kameras<br \/>\n- Einfaches Anbringen\/Abnehmen des Objektivs unter Wasser<br \/>\n- Kann am SeaLife \"Lens Caddy\" Objektivhalter befestigt werden (Artikel SL091)<br \/>\n- Pr\u00e4zise 4-Element-Hochleistungsoptik (internes optisches Glas)<br \/>\n- Kuppelscheibe aus Polycarbonat mit kratzfester Hartbeschichtung<br \/>\n- Inklusive Neopren-Kuppelobjektivdeckel, hinterem Objektivdeckel und Schutztasche<br \/>\n- Wasserdicht bis zu 60 Meter (200ft)<\/p>","protected":false},"excerpt":{"rendered":"<p>Micro Wide Angle Dome Lens Product Nr. SL052 De Micro Wide Angle Dome Lens voor Micro-serie en ReefMaster RM-4K onderwatercamera&#8217;s vergroot het [&hellip;]<\/p>\n","protected":false},"featured_media":2838,"comment_status":"open","ping_status":"closed","template":"","meta":{"_acf_changed":false},"product_brand":[],"product_cat":[171],"product_tag":[251,152,282,146,400,168,252,377,378,379,237,380,170],"class_list":{"0":"post-2547","1":"product","2":"type-product","3":"status-publish","4":"has-post-thumbnail","6":"product_cat-lenzen","7":"product_tag-accessoires","8":"product_tag-camera","9":"product_tag-diving","10":"product_tag-fotografie","11":"product_tag-lenses","12":"product_tag-onderwater","13":"product_tag-onderwaterwereld","14":"product_tag-photography","15":"product_tag-sea-dragon","16":"product_tag-sealife","17":"product_tag-underwater","18":"product_tag-universal","19":"product_tag-wide-angle","20":"product_shipping_class-pakket","22":"first","23":"instock","24":"shipping-taxable","25":"product-type-simple"},"acf":[],"_links":{"self":[{"href":"https:\/\/sealife-cameras.eu\/de\/wp-json\/wp\/v2\/product\/2547","targetHints":{"allow":["GET"]}}],"collection":[{"href":"https:\/\/sealife-cameras.eu\/de\/wp-json\/wp\/v2\/product"}],"about":[{"href":"https:\/\/sealife-cameras.eu\/de\/wp-json\/wp\/v2\/types\/product"}],"replies":[{"embeddable":true,"href":"https:\/\/sealife-cameras.eu\/de\/wp-json\/wp\/v2\/comments?post=2547"}],"wp:featuredmedia":[{"embeddable":true,"href":"https:\/\/sealife-cameras.eu\/de\/wp-json\/wp\/v2\/media\/2838"}],"wp:attachment":[{"href":"https:\/\/sealife-cameras.eu\/de\/wp-json\/wp\/v2\/media?parent=2547"}],"wp:term":[{"taxonomy":"product_brand","embeddable":true,"href":"https:\/\/sealife-cameras.eu\/de\/wp-json\/wp\/v2\/product_brand?post=2547"},{"taxonomy":"product_cat","embeddable":true,"href":"https:\/\/sealife-cameras.eu\/de\/wp-json\/wp\/v2\/product_cat?post=2547"},{"taxonomy":"product_tag","embeddable":true,"href":"https:\/\/sealife-cameras.eu\/de\/wp-json\/wp\/v2\/product_tag?post=2547"}],"curies":[{"name":"wp","href":"https:\/\/api.w.org\/{rel}","templated":true}]}}