{"id":2580,"date":"2024-05-13T09:27:56","date_gmt":"2024-05-13T07:27:56","guid":{"rendered":"https:\/\/modest-cartwright.45-82-188-209.plesk.page\/?post_type=product&#038;p=2580"},"modified":"2024-08-20T12:42:41","modified_gmt":"2024-08-20T10:42:41","slug":"sea-dragon-3000f-color-boost","status":"publish","type":"product","link":"https:\/\/sealife-cameras.eu\/de\/produkt\/sea-dragon-3000f-color-boost\/","title":{"rendered":"Sea Dragon 3000F Color Boost\u2122"},"content":{"rendered":"<p>Seriennummer: SL681<\/p>\n<p>Die Sea Dragon 3000F mit Color Boost\u2122 Unterwasser-Foto- und Videoleuchte bietet mehrere interessante Funktionen.<\/p>\n<p>Die Lampe verf\u00fcgt \u00fcber ein hochwertiges COB-LED-Array, das 3.000 Lumen in einem gleichm\u00e4\u00dfigen, 120\u00b0 breiten Lichtkegel liefert und einen Farbwiedergabeindex (CRI) von 90 aufweist, der das nat\u00fcrliche Sonnenlicht imitiert.<\/p>\n<p>Mit dem neuen, zum Patent angemeldeten SeaLife Color Boost\u2122-Modus verleiht die Leuchte Unterwasserfotos und -videos lebendige Farben. Die Sea Dragon 3000 schaltet sich mit 3000 Lumen wei\u00dfem Licht bei einer Farbtemperatur von 5000K (Kelvin) ein. Wenn der SeaLife Color Boost\u2122 aktiviert ist, erw\u00e4rmt sich die Farbtemperatur auf 3900K und f\u00fcllt verlorene Rott\u00f6ne f\u00fcr einen ausgewogenen und farbenfrohen Effekt wieder auf. Der Effekt ist sofort erkennbar, sowohl f\u00fcr das Auge als auch auf Ihrer Kamera in Fotos oder Videos.<\/p>\n<p>Ein weiteres Merkmal ist der gro\u00dfe, ger\u00e4ndelte Drehknopf der Lampe, mit dem der Benutzer sie schnell einschalten und die Helligkeit stufenlos von 300 bis 3000 Lumen einstellen kann, ohne Stufen oder pl\u00f6tzliche \u00c4nderungen der Lichtintensit\u00e4t. Ein einfacher Tastendruck schaltet die Leuchte vom reinen Wei\u00df- in den Color-Boost-Modus. Die Leuchte bietet auch einen reinen Rot-Modus, bei dem zwei rote LEDs f\u00fcr Nachttauchg\u00e4nge verwendet werden, ohne die auf helles Licht empfindlichen Meerestiere zu verschrecken.<\/p>\n<p>Die Sea Dragon 3000 verf\u00fcgt au\u00dferdem \u00fcber Notsignalmodi, die ein SOS-Signal oder ein 1-sek\u00fcndiges Blinklicht f\u00fcr mehr als 20 Stunden bei voller Helligkeit ausstrahlen. Die 3000F Color Boost\u2122 ist leichter und kleiner als ihr 5000+ Color Boost\u2122 Bruder und verwendet den von SeaLife entwickelten 2-Zellen-Lithium-Ionen-Akku mit 3400 mAh.<\/p>\n<p><strong>Merkmale:<\/strong><\/p>\n<ul>\n<li>Ein-Dreh-Bedienung f\u00fcr schnelle, einfache Bedienung. Drehen zum Ein- und Ausschalten und zum Einstellen der Helligkeit<\/li>\n<li>Der zum Patent angemeldete Color Boost\u2122-Modus f\u00fcllt verlorenes Rot wieder auf und sorgt so f\u00fcr einen warmen, lebendigen Farbeffekt<\/li>\n<li>Leistungsstarke 3000 Lumen mit Bridgelux Gen 8 Vero COB LED-Array<\/li>\n<li>60 Minuten Betriebszeit bei voller Leistung<\/li>\n<li>Konstante Helligkeit - Geregelte Schaltkreise, so dass das Licht nicht schw\u00e4cher wird, wenn die Batterie in Betrieb ist.<\/li>\n<li>90 CRI imitiert nat\u00fcrliches Tageslicht.<\/li>\n<li>Leicht erweiterbar mit Flex-Connect\u2122-Schalen, Griff- und Flexarmen<\/li>\n<li>Schnellausl\u00f6setaste zum Ausl\u00f6sen des Lichts und zum Ausrichten auf Ritzen und schwer zug\u00e4ngliche Stellen<\/li>\n<li>Der breite Abstrahlwinkel von 120\u00b0 leuchtet das Motiv gleichm\u00e4\u00dfig und ohne Hotspots aus. 90\u00b0 unter Wasser<\/li>\n<li>Der Notfallmodus sendet ein Blinklicht oder ein SOS-Signal, um andere auf einen Notfall aufmerksam zu machen.<\/li>\n<li>Tarnmodus - Nur Rot schreckt n\u00e4chtliche Meerestiere nicht ab<\/li>\n<li>Gesch\u00e4tzte Tiefe bis zu 100 m<\/li>\n<li>Herausnehmbarer 25 Wh 3400 mAh Li-Ion-Akku mit Ladeger\u00e4t und internationalen Steckeradaptern im Lieferumfang<\/li>\n<li>Wasserdichtes Batteriefach sch\u00fctzt die interne Elektronik, selbst wenn versehentlich Licht eindringt<\/li>\n<li>Inklusive Standardtablett und Griff.<\/li>\n<li>Befestigung mit universeller \u00bc-20 Schraube passend f\u00fcr alle SeaLife und andere Marken<\/li>\n<\/ul>\n<p>Empfohlener Verkaufspreis: 679,00 \u20ac inkl. MwSt.<\/p>","protected":false},"excerpt":{"rendered":"<p>Serienummer: SL681 De Sea Dragon 3000F met Color Boost\u2122 onderwaterfoto-videolamp biedt verschillende opwindende functies. Om te beginnen is de lamp voorzien van [&hellip;]<\/p>\n","protected":false},"featured_media":2614,"comment_status":"open","ping_status":"closed","template":"","meta":{"_acf_changed":false},"product_brand":[],"product_cat":[142],"product_tag":[391,282,146,168,252,377,378,439,379,57,237,380],"class_list":{"0":"post-2580","1":"product","2":"type-product","3":"status-publish","4":"has-post-thumbnail","6":"product_cat-foto-en-videolampen","7":"product_tag-391","8":"product_tag-diving","9":"product_tag-fotografie","10":"product_tag-onderwater","11":"product_tag-onderwaterwereld","12":"product_tag-photography","13":"product_tag-sea-dragon","14":"product_tag-sea-dragon-lampen","15":"product_tag-sealife","16":"product_tag-set","17":"product_tag-underwater","18":"product_tag-universal","19":"product_shipping_class-pakket","21":"first","22":"instock","23":"featured","24":"shipping-taxable","25":"product-type-simple"},"acf":[],"_links":{"self":[{"href":"https:\/\/sealife-cameras.eu\/de\/wp-json\/wp\/v2\/product\/2580","targetHints":{"allow":["GET"]}}],"collection":[{"href":"https:\/\/sealife-cameras.eu\/de\/wp-json\/wp\/v2\/product"}],"about":[{"href":"https:\/\/sealife-cameras.eu\/de\/wp-json\/wp\/v2\/types\/product"}],"replies":[{"embeddable":true,"href":"https:\/\/sealife-cameras.eu\/de\/wp-json\/wp\/v2\/comments?post=2580"}],"wp:featuredmedia":[{"embeddable":true,"href":"https:\/\/sealife-cameras.eu\/de\/wp-json\/wp\/v2\/media\/2614"}],"wp:attachment":[{"href":"https:\/\/sealife-cameras.eu\/de\/wp-json\/wp\/v2\/media?parent=2580"}],"wp:term":[{"taxonomy":"product_brand","embeddable":true,"href":"https:\/\/sealife-cameras.eu\/de\/wp-json\/wp\/v2\/product_brand?post=2580"},{"taxonomy":"product_cat","embeddable":true,"href":"https:\/\/sealife-cameras.eu\/de\/wp-json\/wp\/v2\/product_cat?post=2580"},{"taxonomy":"product_tag","embeddable":true,"href":"https:\/\/sealife-cameras.eu\/de\/wp-json\/wp\/v2\/product_tag?post=2580"}],"curies":[{"name":"wp","href":"https:\/\/api.w.org\/{rel}","templated":true}]}}