{"id":2584,"date":"2024-05-13T09:27:56","date_gmt":"2024-05-13T07:27:56","guid":{"rendered":"https:\/\/modest-cartwright.45-82-188-209.plesk.page\/?post_type=product&#038;p=2584"},"modified":"2025-01-10T09:10:28","modified_gmt":"2025-01-10T08:10:28","slug":"sealife-sportdiver-ultra","status":"publish","type":"product","link":"https:\/\/sealife-cameras.eu\/de\/produkt\/sealife-sportdiver-ultra\/","title":{"rendered":"Sealife SportDiver Ultra"},"content":{"rendered":"<p>Artikel Nr. SL405<\/p>\n<p>Der SeaLife SportDiver Ultra ist ein kompaktes und leichtes Unterwassergeh\u00e4use f\u00fcr Smartphones. Mit dem SportDiver Ultra-Geh\u00e4use k\u00f6nnen Taucher Fotos und Videos mit ihren Smartphones bis zu einer Tiefe von 40 Metern aufnehmen. Der SportDiver eignet sich f\u00fcr die meisten Android-Modelle, einschlie\u00dflich aller gr\u00f6\u00dferen Modelle der Samsung S-Serie Ultra und der Pixel-Reihe von Google, sowie f\u00fcr die meisten iPhones. Die kostenlose SportDiver-App ist im App Store oder Play Store erh\u00e4ltlich und funktioniert mit der aktuellen und fr\u00fcheren Generation des Betriebssystems. Sehen Sie sich unseren SportDiver Kompatibilit\u00e4ts- und Anpassungsleitfaden an: <a href=\"https:\/\/www.sealife-cameras.com\/sportdiver-compatibility\/\">https:\/\/www.sealife-cameras.com\/sportdiver-compatibility\/<\/a><\/p>\n<p>Das robuste Geh\u00e4use besteht aus Polycarbonat, Edelstahl, Aluminium und Glas in optischer Qualit\u00e4t. Das SportDiver Ultra-Geh\u00e4use ist \"heavy duty\", aber nicht schwer. Es wiegt weniger als 808 Gramm, ist leicht f\u00fcr Reisen und bietet einen nahezu neutralen Auftrieb im Wasser, je nachdem, welches Smartphone-Modell verwendet wird.<\/p>\n<p>Die SportDiver Ultra liegt gut in der Hand und l\u00e4sst sich dank der gro\u00dfen Drucktaste und der hinteren Steuertasten auch mit Tauchhandschuhen leicht bedienen. Schnorchler und Taucher k\u00f6nnen mit den erweiterten Kameraeinstellungen* noch kreativer mit ihren Fotos oder Videoaufnahmen werden. Sie k\u00f6nnen den Zoom, die Belichtung (EV), den automatischen\/manuellen Fokus, den Wei\u00dfabgleich, den Farbton, die Objektivauswahl, den RAW+JPEG-Modus und die Videostabilisierung (bei verf\u00fcgbaren Telefonmodellen)* anpassen.<\/p>\n<p>Das SportDiver Ultra-Geh\u00e4use umfasst die kostenlose SportDiver-App; im Gegensatz zu anderen Smartphone-Geh\u00e4use-Apps gibt es keine l\u00e4stigen In-App-K\u00e4ufe oder Werbung. Sie k\u00f6nnen ganz einfach zwischen Foto- und Videomodus wechseln. Die SportDiver-App nutzt die Kameratechnologie Ihres Telefons, die f\u00fcr jedes Telefonmodell* spezifisch ist. Die App unterst\u00fctzt aktuelle und fr\u00fchere Betriebssystemversionen, die App wird entsprechend neuer Betriebssystemversionen aktualisiert.<\/p>\n<p>Der Wiedergabemodus der App zeigt Fotos und Videos in voller Gr\u00f6\u00dfe mit einer vertikalen Miniaturansicht an, so dass Sie Ihre Bilder leicht finden k\u00f6nnen. Videos werden automatisch wiedergegeben, wenn sie ausgew\u00e4hlt werden. Alle Dateien werden auch in der Filmrolle des Telefons gespeichert. Das SportDiver Ultra-Geh\u00e4use verbindet sich automatisch mit Ihrem Smartphone und der SportDiver-App \u00fcber die drahtlose Bluetooth\u00ae Low Energy (LE) 5-Technologie. Es gibt keine Kabel oder Tasten, die das Telefon ber\u00fchren, und der Stromverbrauch ist extrem niedrig, sowohl f\u00fcr das Telefon als auch f\u00fcr das Geh\u00e4use, das mit zwei AAA-Batterien betrieben wird, die f\u00fcr mehr als 50 Stunden Dauerbetrieb ausreichen.<\/p>\n<p>F\u00fcr bessere Bildergebnisse ist die SportDiver Ultra mit einem abnehmbaren Unterwasser-Farbkorrekturfilter ausgestattet, der die nat\u00fcrlichen Unterwasserfarben wiederherstellt. Der Rotfilter l\u00e4sst sich unter Wasser leicht anbringen oder abnehmen und ist mit einem Sicherheitsband versehen, damit er nicht verloren geht. Das SportDiver Ultra-Geh\u00e4use wird mit sieben 1\/4-20-Stativhalterungen geliefert, die an jede Lampe oder Flex-Connect-Schale mit Standard-Stativgewinde montiert werden k\u00f6nnen, wie z. B. die SeaLife-Unterwasser-Foto-\/Video-Lampen der Serie Sea Dragon.<\/p>\n<p>F\u00fcr die Sicherheit und den Schutz des Telefons verf\u00fcgt der SportDiver Ultra \u00fcber eine robuste Feder und Gummigriffschlaufen, die das Smartphone sicher an Ort und Stelle halten und einen Sto\u00dfschutz bieten. Der SportDiver Ultra verf\u00fcgt \u00fcber \"Dual Leak Alarms\", darunter ein interner Feuchtigkeitsalarm und ein Unterdruckalarm, der den Taucher mit Bildschirmwarnungen, Audio- und LED-Signalen warnt, falls die wasserdichte Abdichtung beeintr\u00e4chtigt ist und ein Druckverlust im Geh\u00e4use auftritt oder Feuchtigkeit festgestellt wird. Die T\u00fcr des SportDiver Ultra ist mit einem TPE-O-Ring und einer robusten Cam-Lock-Dichtung abgedichtet, die die wasserdichte T\u00fcr einfach und sicher verschlie\u00dft. Um ein Beschlagen des Innenraums aufgrund von Restfeuchtigkeit zu verhindern, verf\u00fcgt der SportDiver Ultra \u00fcber die Anti-Beschlag-Kapsel \"Moisture Muncher\", die das Beschlagen und die Kondensation im Inneren verhindert.<\/p>\n<p>*Wichtig: Einige Einstellungen sind je nach Marke\/Modell des Telefons m\u00f6glicherweise nicht verf\u00fcgbar. Je nach widerspr\u00fcchlichen Einstellungen k\u00f6nnen Einstellungen blockiert oder nicht zug\u00e4nglich sein. Die Einstellung Portr\u00e4t (Hintergrundunsch\u00e4rfe) ist beispielsweise nur auf iPhones mit mehreren Objektiven verf\u00fcgbar. Die Einstellung Objektivauswahl enth\u00e4lt m\u00f6glicherweise nicht alle verf\u00fcgbaren Telefonobjektive; das Teleobjektiv ist f\u00fcr Android-Telefone nicht verf\u00fcgbar. \u00dcberpr\u00fcfen Sie den App Store und den Play Store auf Updates f\u00fcr die SportDiver-App.<\/p>\n<p>&nbsp;<\/p>\n<p><strong>Spezifikationen<\/strong><br \/>\nSportDiver Ultra Smartphone-Tasche<\/p>\n<p>Kostenlose App Name: SportDiver in App &amp; Play Stores<br \/>\nKompatible Telefone: Funktioniert mit iPhone\u00ae, Samsung Galaxy und den meisten Max- und Ultra-Formaten. Siehe Kompatibilit\u00e4tstabelle.<br \/>\nBewertung der Tiefe: 40 m<br \/>\nStromversorgung: 2x AAA-Batterien (Alkaline oder NiMH)<br \/>\nLebensdauer der Batterie: 50 Stunden<br \/>\nZwei LED-Anzeigen: Leckalarm-Druckanzeige: Blinkt gr\u00fcn, wenn kein Vakuumdruck anliegt; Kontinuierlich gr\u00fcn, wenn der Vakuumdruck in Ordnung ist; Blinkt rot, wenn ein Leck festgestellt wird Stromversorgung\/Drahtlosverbindungsstatus: Blinkt blau, wenn eingeschaltet und nicht drahtlos verbunden; Kontinuierlich blau, wenn eingeschaltet und drahtlos verbunden<br \/>\nDrahtlose Technologie: Bluetooth\u00ae Low Energy (LE)<br \/>\nSprache der App: Englisch<br \/>\nHandbuch: Enth\u00e4lt ein gedrucktes Handbuch in Englisch. Die Sprachen Spanisch, Deutsch, Franz\u00f6sisch, Italienisch und Niederl\u00e4ndisch k\u00f6nnen von der SeaLife-Website heruntergeladen werden.<br \/>\nBedienelemente: Ausl\u00f6ser, Modus, Nach oben (Zoom\/Fokus +), Nach unten (Zoom\/Fokus -), Wiedergabe und Kameraeinstellungen<br \/>\nArbeitstemperatur: 1\u00b0C bis 38\u00b0C<br \/>\nLagertemperatur: 1\u00b0C bis 38\u00b0C<br \/>\nO-Ring: Haupt-O-Ring (1): TPE-Gummimaterial O-Ringe des Vakuumkontrollanschlusses (2): Silikon-Gummimaterial Hinweis: O-Ringe ben\u00f6tigen Silikonschmiermittel (im Lieferumfang enthalten). Ersatz-O-Ring-Satz Teile-Nr. ist SL40010.<br \/>\nObjektivanschluss: Objektivanschluss aus optischem Glas mit Antireflexionsbeschichtung auf der Innenseite des Objektivs. Der Linsenrahmen erm\u00f6glicht die Anbringung eines Farbkorrekturfilters unter Wasser.<br \/>\nLCD-Fenster: Polycarbonat-Vollbild-Displayfenster in optischer Qualit\u00e4t (Bildschirmschutz erh\u00e4ltlich - separat erh\u00e4ltlich)<br \/>\nStativhalterung: sieben Standard \u00bc-20-Stativgewinde zur Befestigung von Zubeh\u00f6r<br \/>\nSchnur: Gepolsterte SeaLife-Deluxe-Schnur mit drehbarem Befestigungsclip<br \/>\nMaterial: Geh\u00e4use aus Polycarbonat mit Metallteilen aus Edelstahl 304-316 und harteloxiertem Aluminium T6061<br \/>\nAbmessungen: Au\u00dfen: 213,1 mm x 125,7 mm x 54,8 mm. Innen: 165 mm x 80 mm x 9,7 mm<br \/>\nGewicht: 808 g nur UW-Geh\u00e4use - ohne Batterien, Filter, Moisture Muncher 680 g nur UW-Geh\u00e4use - mit Batterien, Filter, Moisture Muncher, 10x med. Griffschalen<br \/>\nAuftrieb: Positiv 150,4 g nur UW-Geh\u00e4use - mit Batterien, Rotfilter und Moisture Muncher Subtrahieren Sie das Gewicht vom Telefon, um den gesamten UW-Auftrieb im Meerwasser zu berechnen<br \/>\nGarantie: 1 Jahr eingeschr\u00e4nkte Garantie oder l\u00e4nger, je nach den \u00f6rtlichen gesetzlichen Bestimmungen<br \/>\nZertifizierung: CE, ROHS, FCC (FCC ID: 2ACKF-SL405)<br \/>\nHerkunftsland: entworfen\/entwickelt in den USA, hergestellt in China<br \/>\nSportDiver-App f\u00fcr iOS<\/p>\n<p>App-Kompatibilit\u00e4t: Unterst\u00fctzt Smartphones mit dem aktuellen und fr\u00fcheren Betriebssystem, das von Apple oder Google ge\u00e4ndert werden kann.<br \/>\nModi: Foto - nimmt bei jedem Dr\u00fccken des Ausl\u00f6sers ein Bild auf Video - dr\u00fccken Sie den Ausl\u00f6ser, um die Videoaufnahme zu starten\/stoppen Einstellungen - passen Sie die Kameraeinstellungen an (siehe unten) Wiedergabe - betrachten Sie Fotos und Videos<br \/>\niOS-Einstellungen: Objektiv: W\u00e4hlen Sie ein oder mehrere Objektive (je nach Telefonmodell)<br \/>\nFokus: automatisch oder manuell<br \/>\nWei\u00dfabgleich (WB): automatisch oder manuell (3000K bis 8000K) in 100K-Schritten<br \/>\nFarbton: +150 bis -150 Farbton in Schritten von 10 Einheiten<br \/>\nBelichtungswert (EV): -3,0 bis +3,0 in 0,3-Blenden-Schritten<br \/>\nBildformat: JPEG (.jpg), RAW (.dng) und JPEG + RAW<br \/>\nProRAW (.dng) verf\u00fcgbar mit iPhone 12\/13\/14\/15 Pro\/ProMax und h\u00f6her<br \/>\nProRAW-Aufl\u00f6sung: 12 MP oder 48 MP (48 MP nur beim iPhone 14\/15 Pro\/ProMax verf\u00fcgbar)<br \/>\nVideoaufl\u00f6sung: ProRes, 4K, 1080p oder 720p (ProRes nur auf iPhone 13\/14\/15 Pro\/ProMax)<br \/>\nEnergiesparmodus: Aus, 1 min, 2 min oder 5 min (zum Aufwachen eine beliebige Taste dr\u00fccken)<br \/>\nBildschirmhelligkeit: von 10% bis 100%<br \/>\nLeckalarm: Ein oder Aus (akustischer Alarm und Warnmeldung, wenn ein Leck entdeckt wird)<br \/>\nBildschirmdaten: Anzeige der Belichtungseinstellungen (kann ein- oder ausgeschaltet werden)<br \/>\nAndroid-Einstellungen: Objektiv: W\u00e4hlen Sie ein oder mehrere Objektive (je nach Telefonmodell)<br \/>\nVerschlusszeit: automatisch oder manuell (1\/30 s bis 1\/2000 s)<br \/>\nISO: automatisch oder manuell (50 bis 3200)<br \/>\nBelichtungswert (EV): -3,0 bis +3,0 in 0,3-Blenden-Schritten<br \/>\nFokus: automatisch oder manuell<br \/>\nWei\u00dfabgleich (WB): Automatisch, Manuell, UW tief, UW flach, Tageslicht, Bew\u00f6lkt<br \/>\nManueller Wei\u00dfabgleich: (2000K bis 1000K) in 100K-Schritten<br \/>\nFarbeffekte: Aus, Schwarz und Wei\u00df, Negativ, Sepia<br \/>\n3-Shot Burst: nimmt 3 Bilder innerhalb von 1 Sekunde auf<br \/>\nFotoaufl\u00f6sung: W\u00e4hlen Sie eine der verf\u00fcgbaren Einstellungen f\u00fcr die Fotoaufl\u00f6sung<br \/>\nVideoaufl\u00f6sung: 4K, 1080p oder 720p<br \/>\nStabilisierung: Ein oder Aus (gilt nur f\u00fcr Videoaufnahmen)<br \/>\nRAW+JPEG: Ein oder Aus Erfassen von RAW (.dng) und JPEG (.jpg) Bilddateien<br \/>\nEnergiesparmodus: Aus, 1 min, 2 min oder 5 min (zum Aufwachen eine beliebige Taste dr\u00fccken)<br \/>\nBildschirmhelligkeit: von 10% bis 100%<br \/>\nLeckalarm: Ein oder Aus (akustischer Alarm und Warnmeldung, wenn ein Leck entdeckt wird)<br \/>\nBildschirmdaten: Anzeige der Belichtungseinstellungen (kann ein- oder ausgeschaltet werden)<br \/>\nSystem-Reset: Wiederherstellung der Werkseinstellungen<\/p>\n<p>Wichtig: Einige Einstellungen sind je nach Marke\/Modell des Telefons m\u00f6glicherweise nicht verf\u00fcgbar.<br \/>\nEinige Einstellungen sind blockiert (nicht zug\u00e4nglich), abh\u00e4ngig von anderen widerspr\u00fcchlichen Einstellungen.<\/p>\n<p>Die Einstellung f\u00fcr die Objektivauswahl umfasst m\u00f6glicherweise nicht alle verf\u00fcgbaren Telefonobjektive.<\/p>\n<p>Telelens ist f\u00fcr Android-Handys verf\u00fcgbar.<\/p>\n<p>\u00dcberpr\u00fcfen Sie den Apple App Store und den Google Play Store auf Updates f\u00fcr die SportDiver-App.<\/p>\n<p>L\u00f6schfunktion: Ja - dr\u00fccken Sie die OK-Taste zweimal, um die ausgew\u00e4hlte Datei im Wiedergabemodus zu l\u00f6schen<br \/>\nAkkustandsanzeige: Zeigt die verbleibende Akkulaufzeit des Telefons und des Unterwassergeh\u00e4uses an<br \/>\nZoom: Ja - Zoombereich variiert je nach Telefonmodell<br \/>\nSpeicherort der Datei: Fotos und Videos werden zur Bearbeitung und Freigabe in der Fotos-App des Telefons gespeichert.<\/p>","protected":false},"excerpt":{"rendered":"<p>Itemnr. SL405 De SeaLife SportDiver Ultra is een compact en lichtgewicht onderwaterhuis voor smartphones. Met de SportDiver Ultra-behuizing kunnen duikers foto&#8217;s en [&hellip;]<\/p>\n","protected":false},"featured_media":2645,"comment_status":"open","ping_status":"closed","template":"","meta":{"_acf_changed":false},"product_brand":[],"product_cat":[387],"product_tag":[151,451,168,252,377,379,454,459,460,237,380],"class_list":{"0":"post-2584","1":"product","2":"type-product","3":"status-publish","4":"has-post-thumbnail","6":"product_cat-cameras-en-behuizing","7":"product_tag-behuizing","8":"product_tag-cases","9":"product_tag-onderwater","10":"product_tag-onderwaterwereld","11":"product_tag-photography","12":"product_tag-sealife","13":"product_tag-sportdiver","14":"product_tag-sportdiver-ultra","15":"product_tag-ultra","16":"product_tag-underwater","17":"product_tag-universal","18":"product_shipping_class-pakket","20":"first","21":"instock","22":"featured","23":"shipping-taxable","24":"product-type-simple"},"acf":[],"_links":{"self":[{"href":"https:\/\/sealife-cameras.eu\/de\/wp-json\/wp\/v2\/product\/2584","targetHints":{"allow":["GET"]}}],"collection":[{"href":"https:\/\/sealife-cameras.eu\/de\/wp-json\/wp\/v2\/product"}],"about":[{"href":"https:\/\/sealife-cameras.eu\/de\/wp-json\/wp\/v2\/types\/product"}],"replies":[{"embeddable":true,"href":"https:\/\/sealife-cameras.eu\/de\/wp-json\/wp\/v2\/comments?post=2584"}],"wp:featuredmedia":[{"embeddable":true,"href":"https:\/\/sealife-cameras.eu\/de\/wp-json\/wp\/v2\/media\/2645"}],"wp:attachment":[{"href":"https:\/\/sealife-cameras.eu\/de\/wp-json\/wp\/v2\/media?parent=2584"}],"wp:term":[{"taxonomy":"product_brand","embeddable":true,"href":"https:\/\/sealife-cameras.eu\/de\/wp-json\/wp\/v2\/product_brand?post=2584"},{"taxonomy":"product_cat","embeddable":true,"href":"https:\/\/sealife-cameras.eu\/de\/wp-json\/wp\/v2\/product_cat?post=2584"},{"taxonomy":"product_tag","embeddable":true,"href":"https:\/\/sealife-cameras.eu\/de\/wp-json\/wp\/v2\/product_tag?post=2584"}],"curies":[{"name":"wp","href":"https:\/\/api.w.org\/{rel}","templated":true}]}}