{"id":2597,"date":"2024-05-13T09:28:20","date_gmt":"2024-05-13T07:28:20","guid":{"rendered":"https:\/\/modest-cartwright.45-82-188-209.plesk.page\/?post_type=product&#038;p=2597"},"modified":"2025-01-10T09:12:05","modified_gmt":"2025-01-10T08:12:05","slug":"sealife-sportdiver-ultra-2500-set","status":"publish","type":"product","link":"https:\/\/sealife-cameras.eu\/de\/produkt\/sealife-sportdiver-ultra-2500-set\/","title":{"rendered":"Sealife SportDiver Ultra 2500 Set"},"content":{"rendered":"<p>SportDiver Ultra 2500 Satz<br \/>\nProdukt-Nr. SL406<\/p>\n<p>Das SeaLife SportDiver Ultra Pro 2500 Set ist ein kompaktes und leichtes Unterwassergeh\u00e4use f\u00fcr Smartphones mit der leistungsstarken, farbverst\u00e4rkenden Sea Dragon 2500 Foto-Videoleuchte. Mit dem SportDiver Ultra-Geh\u00e4use k\u00f6nnen Taucher Fotos und Videos mit ihren Smartphones bis zu einer Tiefe von 40 Metern aufnehmen. Der SportDiver Ultra eignet sich f\u00fcr die meisten Android-Modelle, einschlie\u00dflich aller gr\u00f6\u00dferen Modelle der Samsung S-Serie Ultra und der Pixel-Serie von Google, sowie f\u00fcr die meisten Iphones. Sehen Sie sich unseren SportDiver Kompatibilit\u00e4ts- und Anpassungsleitfaden an: <a href=\"https:\/\/www.sealife-cameras.com\/sportdiver-compatibility\/\">https:\/\/www.sealife-cameras.com\/sportdiver-compatibility\/<\/a> um zu sehen, ob Ihr Telefon hineinpasst. Die kostenlose SportDiver-App ist im App Store oder Play Store erh\u00e4ltlich und funktioniert mit der aktuellen und fr\u00fcheren Generation des Betriebssystems.<\/p>\n<p>Das robuste Geh\u00e4use ist aus Polycarbonat, Edelstahl, Aluminium und optischem Glas gefertigt. Das SportDiver Ultra-Geh\u00e4use ist \"heavy duty\", aber nicht schwer. Mit einem Gewicht von 808 Gramm ist es ein Leichtgewicht f\u00fcr die Reise und bietet einen nahezu neutralen Auftrieb im Wasser, je nachdem, welches Smartphone-Modell verwendet wird. Das Sea Dragon 2500 wiegt 623 Gramm, komplett mit Akku, Griff und Tablett. Sie kann je nach Beleuchtungsbedarf einfach angebracht oder abgenommen werden.<\/p>\n<p>Die SportDiver Ultra liegt gut in der Hand und l\u00e4sst sich dank des gro\u00dfen Ausl\u00f6sehebels und der hinteren Steuertasten auch mit Tauchhandschuhen leicht bedienen. Schnorchler und Taucher k\u00f6nnen ihre Fotos und Videoaufnahmen mit den erweiterten Kameraeinstellungen* noch kreativer gestalten. Sie k\u00f6nnen den Zoom, die Belichtung (EV), den automatischen\/manuellen Fokus, den Wei\u00dfabgleich, den Farbton, die Objektivauswahl, den RAW+JPEG-Modus und die Videostabilisierung (bei verf\u00fcgbaren Telefonmodellen)* anpassen.<\/p>\n<p>Helles Licht f\u00fcr leuchtende Farben<br \/>\nDie Sea Dragon 2500 nutzt die flache COB-LED-Technologie, um das nat\u00fcrliche Sonnenlicht genau zu imitieren und atemberaubende Farben in Unterwasserfotos und -videos hervorzubringen. Mit einem Farbwiedergabeindex von 90 l\u00f6st die Sea Dragon 2500 das Problem der ged\u00e4mpften Farben in Unterwasserfotos und -videos.<\/p>\n<p>Das SportDiver Ultra-Geh\u00e4use umfasst die kostenlose SportDiver-App; im Gegensatz zu anderen Smartphone-Geh\u00e4use-Apps gibt es keine l\u00e4stigen In-App-K\u00e4ufe oder Werbung. Sie k\u00f6nnen ganz einfach zwischen Foto- und Videomodus wechseln. Die SportDiver-App nutzt die Kameratechnologie Ihres Telefons, die f\u00fcr jedes Telefonmodell* spezifisch ist. Die App unterst\u00fctzt aktuelle und fr\u00fchere Betriebssystemversionen, die App wird entsprechend neuer Betriebssystemversionen aktualisiert.<\/p>\n<p>Der Wiedergabemodus der App zeigt Fotos und Videos in voller Gr\u00f6\u00dfe mit einer vertikalen Miniaturansicht an, so dass Sie Ihre Bilder leicht finden k\u00f6nnen. Videos werden automatisch wiedergegeben, wenn sie ausgew\u00e4hlt werden. Alle Dateien werden auch in der Filmrolle des Telefons gespeichert. Das SportDiver Ultra-Geh\u00e4use verbindet sich automatisch mit Ihrem Smartphone und der SportDiver-App \u00fcber die drahtlose Bluetooth\u00ae Low Energy (LE) 5-Technologie. Es gibt keine Kabel oder Tasten, die das Telefon ber\u00fchren, und der Stromverbrauch ist extrem niedrig, sowohl f\u00fcr das Telefon als auch f\u00fcr das Geh\u00e4use, das mit zwei AAA-Batterien betrieben wird, die f\u00fcr mehr als 50 Stunden Dauerbetrieb ausreichen.<\/p>\n<p>F\u00fcr bessere Bildergebnisse ist die SportDiver Ultra mit einem abnehmbaren Unterwasser-Farbkorrekturfilter ausgestattet, der die nat\u00fcrlichen Unterwasserfarben wiederherstellt. Der Rotfilter l\u00e4sst sich unter Wasser leicht anbringen oder abnehmen und ist mit einem Sicherheitsband versehen, damit er nicht verloren geht.<\/p>\n<p>Das SportDiver Ultra-Geh\u00e4use verf\u00fcgt \u00fcber sieben 1\/4-20-Stativhalterungen, die an jede Lampe mit Standard-Stativgewinde montiert werden k\u00f6nnen, wie z. B. die SeaLife-Unterwasser-Foto-\/Videolampen der Serie Sea Dragon.<\/p>\n<p>F\u00fcr die Sicherheit und den Schutz des Telefons verf\u00fcgt der SportDiver Ultra \u00fcber eine robuste Feder und Gummigriffschlaufen, die das Smartphone sicher an Ort und Stelle halten und einen Sto\u00dfschutz bieten. Der SportDiver Ultra verf\u00fcgt \u00fcber \"Dual Leak Alarms\", darunter ein interner Feuchtigkeitsalarm und ein Unterdruckalarm, der den Taucher mit Bildschirmwarnungen, Audio- und LED-Signalen warnt, falls die wasserdichte Abdichtung beeintr\u00e4chtigt ist und ein Druckverlust im Geh\u00e4use auftritt oder Feuchtigkeit festgestellt wird. Die T\u00fcr des SportDiver Ultra ist mit einem TPE-O-Ring und einer robusten Cam-Lock-Dichtung abgedichtet, die die wasserdichte T\u00fcr einfach und sicher verschlie\u00dft. Um ein Beschlagen des Innenraums aufgrund von Restfeuchtigkeit zu verhindern, verf\u00fcgt der SportDiver Ultra \u00fcber die Anti-Beschlag-Kapsel \"Moisture Muncher\", die das Beschlagen und die Kondensation im Inneren verhindert.<\/p>\n<p>*Wichtig: Einige Einstellungen sind je nach Marke\/Modell des Telefons m\u00f6glicherweise nicht verf\u00fcgbar. Je nach widerspr\u00fcchlichen Einstellungen k\u00f6nnen Einstellungen blockiert oder nicht zug\u00e4nglich sein. Die Einstellung Portr\u00e4t (Hintergrundunsch\u00e4rfe) ist beispielsweise nur auf iPhones mit mehreren Objektiven verf\u00fcgbar. Die Einstellung Objektivauswahl enth\u00e4lt m\u00f6glicherweise nicht alle verf\u00fcgbaren Telefonobjektive; das Teleobjektiv ist f\u00fcr Android-Telefone nicht verf\u00fcgbar. \u00dcberpr\u00fcfen Sie den App Store und den Play Store auf Updates f\u00fcr die SportDiver-App.<\/p>","protected":false},"excerpt":{"rendered":"<p>SportDiver Ultra 2500 Set Product Nr. SL406 De SeaLife SportDiver Ultra Pro 2500 Set is een compacte en lichtgewicht onderwaterbehuizing voor smartphones [&hellip;]<\/p>\n","protected":false},"featured_media":2780,"comment_status":"open","ping_status":"closed","template":"","meta":{"_acf_changed":false},"product_brand":[],"product_cat":[387],"product_tag":[152,146,168,252,377,378,439,379,454,459,461,460,237,380],"class_list":{"0":"post-2597","1":"product","2":"type-product","3":"status-publish","4":"has-post-thumbnail","6":"product_cat-cameras-en-behuizing","7":"product_tag-camera","8":"product_tag-fotografie","9":"product_tag-onderwater","10":"product_tag-onderwaterwereld","11":"product_tag-photography","12":"product_tag-sea-dragon","13":"product_tag-sea-dragon-lampen","14":"product_tag-sealife","15":"product_tag-sportdiver","16":"product_tag-sportdiver-ultra","17":"product_tag-sportdiver-ultra-2500-set","18":"product_tag-ultra","19":"product_tag-underwater","20":"product_tag-universal","21":"product_shipping_class-pakket","23":"first","24":"instock","25":"shipping-taxable","26":"product-type-simple"},"acf":[],"_links":{"self":[{"href":"https:\/\/sealife-cameras.eu\/de\/wp-json\/wp\/v2\/product\/2597","targetHints":{"allow":["GET"]}}],"collection":[{"href":"https:\/\/sealife-cameras.eu\/de\/wp-json\/wp\/v2\/product"}],"about":[{"href":"https:\/\/sealife-cameras.eu\/de\/wp-json\/wp\/v2\/types\/product"}],"replies":[{"embeddable":true,"href":"https:\/\/sealife-cameras.eu\/de\/wp-json\/wp\/v2\/comments?post=2597"}],"wp:featuredmedia":[{"embeddable":true,"href":"https:\/\/sealife-cameras.eu\/de\/wp-json\/wp\/v2\/media\/2780"}],"wp:attachment":[{"href":"https:\/\/sealife-cameras.eu\/de\/wp-json\/wp\/v2\/media?parent=2597"}],"wp:term":[{"taxonomy":"product_brand","embeddable":true,"href":"https:\/\/sealife-cameras.eu\/de\/wp-json\/wp\/v2\/product_brand?post=2597"},{"taxonomy":"product_cat","embeddable":true,"href":"https:\/\/sealife-cameras.eu\/de\/wp-json\/wp\/v2\/product_cat?post=2597"},{"taxonomy":"product_tag","embeddable":true,"href":"https:\/\/sealife-cameras.eu\/de\/wp-json\/wp\/v2\/product_tag?post=2597"}],"curies":[{"name":"wp","href":"https:\/\/api.w.org\/{rel}","templated":true}]}}