{"id":2811,"date":"2024-06-28T12:54:51","date_gmt":"2024-06-28T10:54:51","guid":{"rendered":"https:\/\/sealife-cameras.eu\/?post_type=product&#038;p=2811"},"modified":"2024-08-20T12:42:41","modified_gmt":"2024-08-20T10:42:41","slug":"sealife-large-underwater-retractor","status":"publish","type":"product","link":"https:\/\/sealife-cameras.eu\/de\/produkt\/sealife-large-underwater-retractor\/","title":{"rendered":"SeaLife Gro\u00dfer Getriebe-Retraktor"},"content":{"rendered":"<p>Sealife Gro\u00dfer Getrieberetractor<br \/>\nProdukt-Nr. SL926<\/p>\n<p>Der SeaLife Large Gear Retractor ist f\u00fcr mittelgro\u00dfe Kameras und Geh\u00e4use bis zur Gr\u00f6\u00dfe von SeaLife SportDiver- oder DC-Kameras oder \u00e4hnlichen Modellen ausgelegt. Der gro\u00dfe Retraktor ist auch perfekt f\u00fcr gr\u00f6\u00dfere handgef\u00fchrte Tauchlampen. Der Retraktor verf\u00fcgt \u00fcber einen gro\u00dfen Schnappclip aus 316er Edelstahl, der an Ihrer BCD oder Weste befestigt werden kann. Der Retraktor verf\u00fcgt au\u00dferdem \u00fcber eine Schnelll\u00f6sefunktion, mit der Sie ihn schnell von dem daran befestigten Ger\u00e4t l\u00f6sen k\u00f6nnen. Der gro\u00dfe Retraktor hat eine L\u00e4nge von 107 cm und eine R\u00fcckzugskraft von 340 g. Die R\u00fcckzugskabel haben eine Bruchfestigkeit von 36 kg. Das Aufrollsystem sp\u00fclt sich selbst; die einzige Wartung, die erforderlich ist, ist eine gr\u00fcndliche W\u00e4sche in frischem Wasser.<\/p>","protected":false},"excerpt":{"rendered":"<p>Sealife Large Gear Retractor Product nr. SL926 De SeaLife Large Gear Retractor is ontworpen voor middelgrote camera&#8217;s en behuizingen tot de grootte [&hellip;]<\/p>\n","protected":false},"featured_media":2812,"comment_status":"open","ping_status":"closed","template":"","meta":{"_acf_changed":false},"product_brand":[],"product_cat":[385],"product_tag":[251,282,146,464,168,252,377,463,379,237,380],"class_list":{"0":"post-2811","1":"product","2":"type-product","3":"status-publish","4":"has-post-thumbnail","6":"product_cat-overige-accessoires","7":"product_tag-accessoires","8":"product_tag-diving","9":"product_tag-fotografie","10":"product_tag-gear-retractor","11":"product_tag-onderwater","12":"product_tag-onderwaterwereld","13":"product_tag-photography","14":"product_tag-retractor","15":"product_tag-sealife","16":"product_tag-underwater","17":"product_tag-universal","18":"product_shipping_class-pakket","20":"first","21":"instock","22":"shipping-taxable","23":"product-type-simple"},"acf":[],"_links":{"self":[{"href":"https:\/\/sealife-cameras.eu\/de\/wp-json\/wp\/v2\/product\/2811","targetHints":{"allow":["GET"]}}],"collection":[{"href":"https:\/\/sealife-cameras.eu\/de\/wp-json\/wp\/v2\/product"}],"about":[{"href":"https:\/\/sealife-cameras.eu\/de\/wp-json\/wp\/v2\/types\/product"}],"replies":[{"embeddable":true,"href":"https:\/\/sealife-cameras.eu\/de\/wp-json\/wp\/v2\/comments?post=2811"}],"wp:featuredmedia":[{"embeddable":true,"href":"https:\/\/sealife-cameras.eu\/de\/wp-json\/wp\/v2\/media\/2812"}],"wp:attachment":[{"href":"https:\/\/sealife-cameras.eu\/de\/wp-json\/wp\/v2\/media?parent=2811"}],"wp:term":[{"taxonomy":"product_brand","embeddable":true,"href":"https:\/\/sealife-cameras.eu\/de\/wp-json\/wp\/v2\/product_brand?post=2811"},{"taxonomy":"product_cat","embeddable":true,"href":"https:\/\/sealife-cameras.eu\/de\/wp-json\/wp\/v2\/product_cat?post=2811"},{"taxonomy":"product_tag","embeddable":true,"href":"https:\/\/sealife-cameras.eu\/de\/wp-json\/wp\/v2\/product_tag?post=2811"}],"curies":[{"name":"wp","href":"https:\/\/api.w.org\/{rel}","templated":true}]}}