{"id":3197,"date":"2025-01-10T09:59:43","date_gmt":"2025-01-10T08:59:43","guid":{"rendered":"https:\/\/sealife-cameras.eu\/?post_type=product&#038;p=3197"},"modified":"2025-01-10T11:01:51","modified_gmt":"2025-01-10T10:01:51","slug":"sea-dragon-2300f","status":"publish","type":"product","link":"https:\/\/sealife-cameras.eu\/de\/produkt\/sea-dragon-2300f\/","title":{"rendered":"Seedrache 2300F"},"content":{"rendered":"<p>Seedrache 2300<br \/>\nProdukt-Nr. SL682<\/p>\n<p>2300 Lumen mit 80 Minuten Laufzeit<\/p>\n<p>Das Sea Dragon 2300F Lichtkit bietet eine sehr g\u00fcnstige Farbtemperatur und Farbwiedergabe unter Wasser. Es wurde f\u00fcr Action-Kameras, Smartphones und kompakte Digitalkameras entwickelt, die eine gute Lichtquelle ben\u00f6tigen, um farbenfrohe Fotos und Videos unter Wasser zu produzieren. Die Sea Dragon 2300F ist besonders f\u00fcr Action-Kameras geeignet und umfasst den Flex-Connect Grip, das Micro Tray und eine Action-Kamera-Halterung. Die Lampe hat einen beeindruckenden CRI (Colour Rendering Index) von 80 mit einer Farbtemperatur von 5000K und ist damit ideal f\u00fcr Unterwasserfotos und -videos. Dank der langen Laufzeit von 80 Minuten bei voller Leistung k\u00f6nnen Sie mehrere Tauchg\u00e4nge machen, ohne den Akku aufzuladen.<\/p>\n<p>Breiter Abstrahlwinkel<\/p>\n<p>Die Sea Dragon 2300F (das \"F\" steht f\u00fcr Flood Beam) hat einen Abstrahlwinkel von 120\u00b0 \u00fcber und 90\u00b0 unter Wasser und verf\u00fcgt \u00fcber drei Leistungsstufen von 100%, 50% und 25% der 2300 Lumen Leistung. Der breite Abstrahlwinkel ist ideal f\u00fcr die Kombination mit kompakten Action-Kameras, da er daf\u00fcr sorgt, dass der gesamte Aufnahmebereich mit Licht durchflutet wird. Wie alle SeaLife Sea Dragon-Leuchten sind Leistung und Lumenausbeute zuverl\u00e4ssig und getestet.<\/p>\n<p>Leicht erweiterbar<\/p>\n<p>Der Sea Dragon 2300F ist mit dem Flex-Connect-System von SeaLife, bestehend aus Tabletts, Griffen, Armen und Adaptern, leicht erweiterbar. Der Sea Dragon 2300 kann an jedes Unterwasserkamerasystem mit standardm\u00e4\u00dfigen \u00bc-20-Stativ- oder Action-Kamerahalterungen angeschlossen werden. Flex-Connect-Kugelgelenk-, YS- und Kaltschuhhalterungen sind verf\u00fcgbar, so dass der 2300 mit praktisch jedem Unterwasserkamerasystem kompatibel ist.<\/p>\n<p>Merkmale:<\/p>\n<ul>\n<li>Leistungsstarke LED-Lampe mit 2300 Lumen. Neueste COB-LED-Array-Technologie. Echte, im Labor getestete Lumen und keine \"theoretischen\" Lumen, die von den meisten anderen Herstellern angegeben werden.<\/li>\n<li>Ein-Knopf-Steuerung f\u00fcr einfache Bedienung. Eine Taste schaltet die Lampe ein\/aus und w\u00e4hlt die Helligkeit.<\/li>\n<li>Drei Helligkeitsstufen: 100%, 50% und 25%.<\/li>\n<li>Versteckter Notsignalmodus. Blinkintervall von 1 Sekunde und SOS-Morsecode. Halten Sie die Einschalttaste 4 Sekunden lang gedr\u00fcckt, um sie zu aktivieren.<\/li>\n<li>60 Minuten Betriebszeit bei voller Leistung.<\/li>\n<li>Konstante Helligkeit - Geregeltes Schalten, so dass das Licht im Batteriebetrieb nicht gedimmt wird.<\/li>\n<li>80 Farbwiedergabeindex (CRI), der das nat\u00fcrliche Tageslicht imitiert.<\/li>\n<li>Leicht erweiterbar mit Flex-Connect\u2122-Schalen, Griffen, Armen, Kaltschuhen, Kugelgelenken und Y-S-Adaptern.<\/li>\n<li>Der 120\u00b0 breite Abstrahlwinkel leuchtet das Motiv gleichm\u00e4\u00dfig und ohne Hotspots aus.<\/li>\n<li>Bis zu einer Tiefe von 100 m (330 ft) getestet - Garantiert.<\/li>\n<li>Korrosionsbest\u00e4ndiger Metall-Lampenkopf f\u00fcr W\u00e4rmeableitung und Haltbarkeit.<\/li>\n<li>Herausnehmbarer 25-W-Li-Ion-Akku mit Ladeger\u00e4t und internationalen Steckern im Lieferumfang enthalten.<\/li>\n<li>Wasserdichtes Batteriefach - selbst wenn die O-Ring-Dichtung versagt, ist das Batteriefach isoliert, so dass kein Wasser an die interne Elektronik gelangen kann.<\/li>\n<li>Schutzschaltungen - Die Lampe und der Akku verf\u00fcgen \u00fcber integrierte Schutzschaltungen, die den Strom im unwahrscheinlichen Fall einer \u00dcberhitzung oder eines Kurzschlusses der Lampe abschalten.<\/li>\n<li>Druckablass-Sicherheitsventil - ein wasserdichtes Einwegventil l\u00e4sst im unwahrscheinlichen Fall eines Batterieausfalls den Druck in das Batteriefach ab.<\/li>\n<\/ul>","protected":false},"excerpt":{"rendered":"<p>Sea Dragon 2300 Product Nr. SL682 2300 lumen met 80 minuten looptijd De Sea Dragon 2300F-lichtset biedt een zeer gunstige kleurtemperatuur en [&hellip;]<\/p>\n","protected":false},"featured_media":3211,"comment_status":"open","ping_status":"closed","template":"","meta":{"_acf_changed":false},"product_brand":[],"product_cat":[142],"product_tag":[282,146,213,168,252,377,378,439,237,380],"class_list":{"0":"post-3197","1":"product","2":"type-product","3":"status-publish","4":"has-post-thumbnail","6":"product_cat-foto-en-videolampen","7":"product_tag-diving","8":"product_tag-fotografie","9":"product_tag-light","10":"product_tag-onderwater","11":"product_tag-onderwaterwereld","12":"product_tag-photography","13":"product_tag-sea-dragon","14":"product_tag-sea-dragon-lampen","15":"product_tag-underwater","16":"product_tag-universal","18":"first","19":"instock","20":"featured","21":"shipping-taxable","22":"product-type-simple"},"acf":[],"_links":{"self":[{"href":"https:\/\/sealife-cameras.eu\/de\/wp-json\/wp\/v2\/product\/3197","targetHints":{"allow":["GET"]}}],"collection":[{"href":"https:\/\/sealife-cameras.eu\/de\/wp-json\/wp\/v2\/product"}],"about":[{"href":"https:\/\/sealife-cameras.eu\/de\/wp-json\/wp\/v2\/types\/product"}],"replies":[{"embeddable":true,"href":"https:\/\/sealife-cameras.eu\/de\/wp-json\/wp\/v2\/comments?post=3197"}],"wp:featuredmedia":[{"embeddable":true,"href":"https:\/\/sealife-cameras.eu\/de\/wp-json\/wp\/v2\/media\/3211"}],"wp:attachment":[{"href":"https:\/\/sealife-cameras.eu\/de\/wp-json\/wp\/v2\/media?parent=3197"}],"wp:term":[{"taxonomy":"product_brand","embeddable":true,"href":"https:\/\/sealife-cameras.eu\/de\/wp-json\/wp\/v2\/product_brand?post=3197"},{"taxonomy":"product_cat","embeddable":true,"href":"https:\/\/sealife-cameras.eu\/de\/wp-json\/wp\/v2\/product_cat?post=3197"},{"taxonomy":"product_tag","embeddable":true,"href":"https:\/\/sealife-cameras.eu\/de\/wp-json\/wp\/v2\/product_tag?post=3197"}],"curies":[{"name":"wp","href":"https:\/\/api.w.org\/{rel}","templated":true}]}}