{"id":3292,"date":"2025-04-02T13:54:35","date_gmt":"2025-04-02T11:54:35","guid":{"rendered":"https:\/\/sealife-cameras.eu\/?post_type=product&#038;p=3292"},"modified":"2025-08-07T12:36:16","modified_gmt":"2025-08-07T10:36:16","slug":"micro-3-0-met-bijna-gratis-sea-dragon-2300-lamp","status":"publish","type":"product","link":"https:\/\/sealife-cameras.eu\/de\/produkt\/micro-3-0-met-bijna-gratis-sea-dragon-2300-lamp\/","title":{"rendered":"Micro 3.0 mit (fast) kostenloser Sea Dragon 2300 Lampe"},"content":{"rendered":"<p><em>Micro 3.0 mit (fast) kostenloser Sea Dragon 2300 Lampe<\/em><br \/>\n<em>Produkt-Nr. SL556<\/em><\/p>\n<p>F\u00fcr eine begrenzte Zeit bietet SeaLife das Micro 3.0 Camera &amp; Light Limited Edition-Geschenkset an, das die neue Sea Dragon 2300F Photo Video Light enth\u00e4lt. Das neue Licht hat eine au\u00dfergew\u00f6hnliche Farbwiedergabe von 80 (CRI) und eine Farbtemperatur von 5000K (Kelvin), mit einer langen Betriebszeit von 80 Minuten bei voller Leistung. Die Kamera und die Lampe sind vormontiert und k\u00f6nnen nach dem Aufladen sofort eingesetzt werden.<\/p>\n<p>Die Micro 3.0 Unterwasserkamera, die neueste und dritte Generation der beliebten, dauerhaft abgedichteten Micro-Kameraserie. Die Kamera ist komplett wasserdicht versiegelt. Es gibt keine Ventile, Abdeckungen oder Dichtungen mit O-Ringen, die geschmiert oder gewartet werden m\u00fcssen, so dass man sich keine Sorgen \u00fcber m\u00f6gliche Wassersch\u00e4den oder \u00dcberflutung der Kamera machen muss. Wie ihre Vorg\u00e4nger hat die Micro 3.0 ein ergonomisches, solides und kompaktes Design mit benutzerfreundlichen Bedienelementen und Men\u00fcs.<\/p>\n<p>Das Sea Dragon 2300F Lichtkit bietet eine sehr g\u00fcnstige Farbtemperatur und Farbwiedergabe unter Wasser. Es wurde f\u00fcr Action-Kameras, Smartphones und kompakte Digitalkameras entwickelt, die eine gute Lichtquelle ben\u00f6tigen, um farbenfrohe Fotos und Videos unter Wasser zu produzieren. Die Sea Dragon 2300F ist besonders f\u00fcr Action-Kameras geeignet und umfasst den Flex-Connect Grip, das Micro Tray und eine Action-Kamera-Halterung. Die Lampe hat einen beeindruckenden CRI (Colour Rendering Index) von 80 mit einer Farbtemperatur von 5000K und ist damit ideal f\u00fcr Unterwasserfotos und -videos. Dank der langen Laufzeit von 80 Minuten bei voller Leistung k\u00f6nnen Sie mehrere Tauchg\u00e4nge durchf\u00fchren, ohne den Akku aufzuladen.<\/p>","protected":false},"excerpt":{"rendered":"<p>Micro 3.0 met (bijna) gratis Sea Dragon 2300 lamp Product nr. SL556 Voor een beperkte tijd biedt SeaLife de Micro 3.0 Camera [&hellip;]<\/p>\n","protected":false},"featured_media":3485,"comment_status":"open","ping_status":"closed","template":"","meta":{"_acf_changed":false},"product_brand":[],"product_cat":[387],"product_tag":[],"class_list":{"0":"post-3292","1":"product","2":"type-product","3":"status-publish","4":"has-post-thumbnail","6":"product_cat-cameras-en-behuizing","8":"first","9":"instock","10":"featured","11":"shipping-taxable","12":"product-type-simple"},"acf":[],"_links":{"self":[{"href":"https:\/\/sealife-cameras.eu\/de\/wp-json\/wp\/v2\/product\/3292","targetHints":{"allow":["GET"]}}],"collection":[{"href":"https:\/\/sealife-cameras.eu\/de\/wp-json\/wp\/v2\/product"}],"about":[{"href":"https:\/\/sealife-cameras.eu\/de\/wp-json\/wp\/v2\/types\/product"}],"replies":[{"embeddable":true,"href":"https:\/\/sealife-cameras.eu\/de\/wp-json\/wp\/v2\/comments?post=3292"}],"wp:featuredmedia":[{"embeddable":true,"href":"https:\/\/sealife-cameras.eu\/de\/wp-json\/wp\/v2\/media\/3485"}],"wp:attachment":[{"href":"https:\/\/sealife-cameras.eu\/de\/wp-json\/wp\/v2\/media?parent=3292"}],"wp:term":[{"taxonomy":"product_brand","embeddable":true,"href":"https:\/\/sealife-cameras.eu\/de\/wp-json\/wp\/v2\/product_brand?post=3292"},{"taxonomy":"product_cat","embeddable":true,"href":"https:\/\/sealife-cameras.eu\/de\/wp-json\/wp\/v2\/product_cat?post=3292"},{"taxonomy":"product_tag","embeddable":true,"href":"https:\/\/sealife-cameras.eu\/de\/wp-json\/wp\/v2\/product_tag?post=3292"}],"curies":[{"name":"wp","href":"https:\/\/api.w.org\/{rel}","templated":true}]}}