{"id":3486,"date":"2025-08-07T12:39:42","date_gmt":"2025-08-07T10:39:42","guid":{"rendered":"https:\/\/sealife-cameras.eu\/?post_type=product&#038;p=3486"},"modified":"2025-08-07T12:42:57","modified_gmt":"2025-08-07T10:42:57","slug":"sea-dragon-mini-1600-kit","status":"publish","type":"product","link":"https:\/\/sealife-cameras.eu\/de\/produkt\/sea-dragon-mini-1600-kit\/","title":{"rendered":"Seedrache Mini 1600 KIT"},"content":{"rendered":"<p data-start=\"73\" data-end=\"115\"><em>Seedrache Mini 1600 Bausatz<\/em><br \/>\n<em>Produkt-Nr. SLKIT13<\/em><\/p>\n<p data-start=\"73\" data-end=\"115\"><strong>Klein in der Gr\u00f6\u00dfe, gro\u00df in der Leistung! Der neue SeaDragon Mini 1600<\/strong><strong>\u00a0Tauchlampe.\u00a0<\/strong><\/p>\n<p><strong>Das sollten Sie nicht verpassen:\u00a0<\/strong>Die kompakte SeaDragon Mini 1600 Tauchlampe. Mit 1600 Lumen bietet die handgehaltene Tauchlampe Tauchern einen enorm hellen und zentrierten Lichtstrahl. Mit einem Tastendruck klicken Sie durch 5 verschiedene Lichteinstellungen.<br \/>\n<strong>Merkmale des SeaDragon Mini:\u00a0<\/strong>Die neue Luminus SFT-40 LED und der extrem enge Abstrahlwinkel von 6\u00b0 bzw. 4,5\u00b0 unter Wasser erm\u00f6glichen es den leistungsstarken Leuchten, gro\u00dfe Entfernungen mit minimaler Streuung zu erreichen.<\/p>\n<h3 data-start=\"73\" data-end=\"115\"><strong data-start=\"77\" data-end=\"115\">SeaDragon Mini 1600 Technische Daten:<\/strong><\/h3>\n<ul data-start=\"117\" data-end=\"816\">\n<li data-start=\"117\" data-end=\"183\">\n<p data-start=\"119\" data-end=\"183\"><strong data-start=\"119\" data-end=\"129\">Lumen:<\/strong>\u00a01600 echte Lumen mit der neuesten Luminus SFT-40 LED<\/p>\n<\/li>\n<li data-start=\"184\" data-end=\"295\">\n<p data-start=\"186\" data-end=\"295\"><strong data-start=\"186\" data-end=\"202\">Lichtstrahl:<\/strong>\u00a06\u00b0 Spotstrahl (4,5\u00b0 unter Wasser) f\u00fcr weitreichende Sichtbarkeit und das Aufsp\u00fcren von Meereslebewesen<\/p>\n<\/li>\n<li data-start=\"296\" data-end=\"527\">\n<p data-start=\"298\" data-end=\"322\"><strong data-start=\"298\" data-end=\"320\">Ein-Knopf-Bedienung:<\/strong><\/p>\n<ul data-start=\"325\" data-end=\"527\">\n<li data-start=\"325\" data-end=\"368\">\n<p data-start=\"327\" data-end=\"368\">Langes Dr\u00fccken (1 Sekunde) zum Ein- und Ausschalten<\/p>\n<\/li>\n<li data-start=\"371\" data-end=\"527\">\n<p data-start=\"373\" data-end=\"527\">Kurz dr\u00fccken, um zwischen 3 Helligkeitsmodi zu wechseln:<br data-start=\"425\" data-end=\"428\" \/>- Volle Leistung: 1600 Lumen<br data-start=\"458\" data-end=\"461\" \/>- Halbe Leistung: 800 Lumen<br data-start=\"491\" data-end=\"494\" \/>- Viertel Leistung: 400 Lumen<\/p>\n<\/li>\n<\/ul>\n<\/li>\n<li data-start=\"529\" data-end=\"639\">\n<p data-start=\"531\" data-end=\"639\"><strong data-start=\"531\" data-end=\"552\">Sofort-EIN-Modus:<\/strong>\u00a0Erm\u00f6glicht das direkte Ein- und Ausschalten der Lampe durch Dr\u00fccken der Taste<\/p>\n<\/li>\n<li data-start=\"641\" data-end=\"698\">\n<p data-start=\"643\" data-end=\"698\"><strong data-start=\"643\" data-end=\"660\">Batterie-Typ:<\/strong>\u00a01x 18650 wiederaufladbarer Li-Ion-Akku<\/p>\n<\/li>\n<li data-start=\"700\" data-end=\"816\">\n<p data-start=\"702\" data-end=\"816\"><strong data-start=\"702\" data-end=\"727\">Brenndauer bis zu 7,2 Stunden<\/strong>\u00a0Mit einem 4000mAh-Akku bei viertel Leistung. Detaillierte Spezifikationen pro Akku:<\/p>\n<\/li>\n<\/ul>\n<p data-start=\"818\" data-end=\"866\"><strong data-start=\"818\" data-end=\"864\">Xtar 18650 (4000 mAh) wiederaufladbare Batterie:<\/strong><\/p>\n<ul data-start=\"867\" data-end=\"991\">\n<li data-start=\"867\" data-end=\"894\">\n<p data-start=\"869\" data-end=\"894\">1,2 Stunden bei voller Leistung<\/p>\n<\/li>\n<li data-start=\"895\" data-end=\"923\">\n<p data-start=\"897\" data-end=\"923\">2,4 Stunden bei halber Leistung<\/p>\n<\/li>\n<li data-start=\"924\" data-end=\"953\">\n<p data-start=\"926\" data-end=\"953\">4,8 Stunden mit einem Viertel der Energie<\/p>\n<\/li>\n<li data-start=\"954\" data-end=\"991\">\n<p data-start=\"956\" data-end=\"991\">48+ Stunden im Notfallblink-\/SOS-Modus<\/p>\n<\/li>\n<\/ul>\n<p data-start=\"993\" data-end=\"1041\"><strong data-start=\"993\" data-end=\"1039\">Xtar 18650 (3500 mAh) wiederaufladbare Batterie:<\/strong><\/p>\n<ul data-start=\"1042\" data-end=\"2062\">\n<li data-start=\"1042\" data-end=\"1067\">\n<p data-start=\"1044\" data-end=\"1067\">1 Stunde bei voller Leistung<\/p>\n<\/li>\n<li data-start=\"1068\" data-end=\"1094\">\n<p data-start=\"1070\" data-end=\"1094\">2 Stunden bei halber Leistung<\/p>\n<\/li>\n<li data-start=\"1095\" data-end=\"1122\">\n<p data-start=\"1097\" data-end=\"1122\">4 Stunden mit einem Viertel der Energie<\/p>\n<\/li>\n<li data-start=\"1123\" data-end=\"1160\">\n<p data-start=\"1125\" data-end=\"1160\">40+ Stunden im Notfallblink-\/SOS-Modus<\/p>\n<\/li>\n<li data-start=\"1162\" data-end=\"1284\">\n<p data-start=\"1164\" data-end=\"1284\"><strong data-start=\"1164\" data-end=\"1178\">Notfall-Modus:<\/strong>\u00a0Dr\u00fccken Sie im ausgeschalteten Zustand die Taste und halten Sie sie 4 Sekunden lang gedr\u00fcckt, um den Blink-\/SOS-Modus zu aktivieren.<\/p>\n<\/li>\n<li data-start=\"1286\" data-end=\"1392\">\n<p data-start=\"1288\" data-end=\"1327\"><strong data-start=\"1288\" data-end=\"1325\">Farbcodierte Batterieanzeige:<\/strong><\/p>\n<ul data-start=\"1330\" data-end=\"1392\">\n<li data-start=\"1330\" data-end=\"1345\">\n<p data-start=\"1332\" data-end=\"1345\">Gr\u00fcn = voll<\/p>\n<\/li>\n<li data-start=\"1348\" data-end=\"1368\">\n<p data-start=\"1350\" data-end=\"1368\">Gelb = Durchschnitt<\/p>\n<\/li>\n<li data-start=\"1371\" data-end=\"1392\">\n<p data-start=\"1373\" data-end=\"1392\">Rot = fast leer<\/p>\n<\/li>\n<\/ul>\n<\/li>\n<li data-start=\"1394\" data-end=\"1494\">\n<p data-start=\"1396\" data-end=\"1494\"><strong data-start=\"1396\" data-end=\"1419\">Sicherheitsventil:<\/strong>\u00a0Zur Druckentlastung bei internem Druckaufbau aufgrund einer besch\u00e4digten Batterie<\/p>\n<\/li>\n<li data-start=\"1496\" data-end=\"1562\">\n<p data-start=\"1498\" data-end=\"1562\"><strong data-start=\"1498\" data-end=\"1514\">Konstruktion:<\/strong>\u00a0Hergestellt aus eloxiertem Aluminium (gefr\u00e4st)<\/p>\n<\/li>\n<li data-start=\"1564\" data-end=\"1630\">\n<p data-start=\"1566\" data-end=\"1630\"><strong data-start=\"1566\" data-end=\"1579\">O-Ringe:<\/strong>\u00a0Doppelte Silikon-O-Ringe (Teil # SL65301)<\/p>\n<\/li>\n<li data-start=\"1632\" data-end=\"1666\">\n<p data-start=\"1634\" data-end=\"1666\"><strong data-start=\"1634\" data-end=\"1653\">LED-Lebensdauer:<\/strong>\u00a030.000 Stunden<\/p>\n<\/li>\n<li data-start=\"1668\" data-end=\"1708\">\n<p data-start=\"1670\" data-end=\"1708\"><strong data-start=\"1670\" data-end=\"1691\">Farbtemperatur:<\/strong>\u00a06000 bis 7000K<\/p>\n<\/li>\n<li data-start=\"1710\" data-end=\"1747\">\n<p data-start=\"1712\" data-end=\"1747\"><strong data-start=\"1712\" data-end=\"1742\">Farbwiedergabe-Index (CRI):<\/strong>\u00a070<\/p>\n<\/li>\n<li data-start=\"1749\" data-end=\"1798\">\n<p data-start=\"1751\" data-end=\"1798\"><strong data-start=\"1751\" data-end=\"1777\">Wasserdicht getestet bis:<\/strong>\u00a0100 Meter (330 ft)<\/p>\n<\/li>\n<li data-start=\"1800\" data-end=\"1857\">\n<p data-start=\"1802\" data-end=\"1857\"><strong data-start=\"1802\" data-end=\"1826\">Betriebstemperatur:<\/strong>\u00a00\u00b0C bis 45\u00b0C (0\u00b0F bis 113\u00b0F)<\/p>\n<\/li>\n<li data-start=\"1859\" data-end=\"1917\">\n<p data-start=\"1861\" data-end=\"1917\"><strong data-start=\"1861\" data-end=\"1883\">Lagertemperatur:<\/strong>\u00a0-10\u00b0C bis 60\u00b0C (14\u00b0F bis 140\u00b0F)<\/p>\n<\/li>\n<li data-start=\"1919\" data-end=\"1976\">\n<p data-start=\"1921\" data-end=\"1976\"><strong data-start=\"1921\" data-end=\"1943\">Abmessungen des Produkts:<\/strong>\u00a0\u00d8 40 mm x 151 mm (1,6\" x 5,9\")<\/p>\n<\/li>\n<li data-start=\"1978\" data-end=\"2035\">\n<p data-start=\"1980\" data-end=\"2035\"><strong data-start=\"1980\" data-end=\"1999\">Produktgewicht:<\/strong>\u00a0149 Gramm (5,3 Unzen) ohne Batterie<\/p>\n<\/li>\n<li data-start=\"2037\" data-end=\"2062\">\n<p data-start=\"2039\" data-end=\"2062\"><strong data-start=\"2039\" data-end=\"2047\">UPC:<\/strong>\u00a0077068416586<\/p>\n<\/li>\n<\/ul>\n<p data-start=\"2064\" data-end=\"2297\"><strong data-start=\"2064\" data-end=\"2078\">Bemerkung:<\/strong>\u00a0Verwenden Sie nur eine 18650er-Batterie mit Knopfverschluss (d.h. keine flachen Enden), mit integrierten Schutzschaltungen, mindestens 3500 mAh und einem Mindestentladestrom von 3,5 A.\u00a0<strong data-start=\"2271\" data-end=\"2279\">keine<\/strong>\u00a0CR123-Batterien.<\/p>","protected":false},"excerpt":{"rendered":"<p>Sea Dragon Mini 1600 Kit Product Nr. SLKIT13 Klein van stuk, groots in prestatie! De nieuwe SeaDragon Mini 1600\u00a0duiklamp.\u00a0 Dit mag je [&hellip;]<\/p>\n","protected":false},"featured_media":3490,"comment_status":"open","ping_status":"closed","template":"","meta":{"_acf_changed":false},"product_brand":[],"product_cat":[44],"product_tag":[168,252,377,378,439,379,237],"class_list":{"0":"post-3486","1":"product","2":"type-product","3":"status-publish","4":"has-post-thumbnail","6":"product_cat-duiklampen","7":"product_tag-onderwater","8":"product_tag-onderwaterwereld","9":"product_tag-photography","10":"product_tag-sea-dragon","11":"product_tag-sea-dragon-lampen","12":"product_tag-sealife","13":"product_tag-underwater","15":"first","16":"instock","17":"featured","18":"shipping-taxable","19":"product-type-simple"},"acf":[],"_links":{"self":[{"href":"https:\/\/sealife-cameras.eu\/de\/wp-json\/wp\/v2\/product\/3486","targetHints":{"allow":["GET"]}}],"collection":[{"href":"https:\/\/sealife-cameras.eu\/de\/wp-json\/wp\/v2\/product"}],"about":[{"href":"https:\/\/sealife-cameras.eu\/de\/wp-json\/wp\/v2\/types\/product"}],"replies":[{"embeddable":true,"href":"https:\/\/sealife-cameras.eu\/de\/wp-json\/wp\/v2\/comments?post=3486"}],"wp:featuredmedia":[{"embeddable":true,"href":"https:\/\/sealife-cameras.eu\/de\/wp-json\/wp\/v2\/media\/3490"}],"wp:attachment":[{"href":"https:\/\/sealife-cameras.eu\/de\/wp-json\/wp\/v2\/media?parent=3486"}],"wp:term":[{"taxonomy":"product_brand","embeddable":true,"href":"https:\/\/sealife-cameras.eu\/de\/wp-json\/wp\/v2\/product_brand?post=3486"},{"taxonomy":"product_cat","embeddable":true,"href":"https:\/\/sealife-cameras.eu\/de\/wp-json\/wp\/v2\/product_cat?post=3486"},{"taxonomy":"product_tag","embeddable":true,"href":"https:\/\/sealife-cameras.eu\/de\/wp-json\/wp\/v2\/product_tag?post=3486"}],"curies":[{"name":"wp","href":"https:\/\/api.w.org\/{rel}","templated":true}]}}