{"id":2347,"date":"2024-05-13T09:25:36","date_gmt":"2024-05-13T07:25:36","guid":{"rendered":"https:\/\/modest-cartwright.45-82-188-209.plesk.page\/?post_type=product&#038;p=2347"},"modified":"2024-08-20T12:42:51","modified_gmt":"2024-08-20T10:42:51","slug":"sea-dragon-duo-9000-set","status":"publish","type":"product","link":"https:\/\/sealife-cameras.eu\/es\/producto\/sea-dragon-duo-9000-set\/","title":{"rendered":"Set Sea Dragon Duo 9000"},"content":{"rendered":"<p><em>Set Sea Dragon Duo 9000<br \/>\nC\u00f3digo SL692<\/em><\/p>\n<p>TENGA EN CUENTA QUE ESTE PRODUCTO ES DE SUMINISTRO LIMITADO.<\/p>\n<p>El set Sea Dragon Duo 9000 es el set de iluminaci\u00f3n de foto\/v\u00eddeo perfecto para obtener colores submarinos \u00f3ptimos con un \u00edndice de reproducci\u00f3n crom\u00e1tica extremadamente alto de 96 y un TLCI (\u00edndice de iluminaci\u00f3n de TV) maravillosamente natural de 97. Este set contiene todas las herramientas que necesita para obtener v\u00eddeos brillantes e im\u00e1genes fijas v\u00edvidas. Con dos cabezales de iluminaci\u00f3n de 120\u00b0 cada uno, podr\u00e1 cubrir sus sujetos con luz solar incluso cuando utilice objetivos gran angular.<\/p>\n<p>Especificaciones<\/p>\n<p>Dos potentes l\u00e1mparas de 4500 l\u00famenes<br \/>\nGran \u00e1ngulo de haz de 120<br \/>\nProfundidad evaluada hasta 100 m \/ 330 pies<br \/>\n\u00cdndice de reproducci\u00f3n crom\u00e1tica (IRC) de 96<br \/>\nIncluye SL944 Duo Case<\/p>","protected":false},"excerpt":{"rendered":"<p>Sea Dragon Duo 9000 Set Product Nr. SL692 LET OP DIT PRODUCT IS BEPERKT LEVERBAAR. De Sea Dragon Duo 9000 Set is [&hellip;]<\/p>\n","protected":false},"featured_media":2787,"comment_status":"closed","ping_status":"closed","template":"","meta":{"_acf_changed":false},"product_brand":[],"product_cat":[142],"product_tag":[152,282,146,213,168,252,377,378,379,57,237,380],"class_list":{"0":"post-2347","1":"product","2":"type-product","3":"status-publish","4":"has-post-thumbnail","6":"product_cat-foto-en-videolampen","7":"product_tag-camera","8":"product_tag-diving","9":"product_tag-fotografie","10":"product_tag-light","11":"product_tag-onderwater","12":"product_tag-onderwaterwereld","13":"product_tag-photography","14":"product_tag-sea-dragon","15":"product_tag-sealife","16":"product_tag-set","17":"product_tag-underwater","18":"product_tag-universal","19":"product_shipping_class-pakket","21":"first","22":"instock","23":"product-type-simple"},"acf":[],"_links":{"self":[{"href":"https:\/\/sealife-cameras.eu\/es\/wp-json\/wp\/v2\/product\/2347","targetHints":{"allow":["GET"]}}],"collection":[{"href":"https:\/\/sealife-cameras.eu\/es\/wp-json\/wp\/v2\/product"}],"about":[{"href":"https:\/\/sealife-cameras.eu\/es\/wp-json\/wp\/v2\/types\/product"}],"replies":[{"embeddable":true,"href":"https:\/\/sealife-cameras.eu\/es\/wp-json\/wp\/v2\/comments?post=2347"}],"wp:featuredmedia":[{"embeddable":true,"href":"https:\/\/sealife-cameras.eu\/es\/wp-json\/wp\/v2\/media\/2787"}],"wp:attachment":[{"href":"https:\/\/sealife-cameras.eu\/es\/wp-json\/wp\/v2\/media?parent=2347"}],"wp:term":[{"taxonomy":"product_brand","embeddable":true,"href":"https:\/\/sealife-cameras.eu\/es\/wp-json\/wp\/v2\/product_brand?post=2347"},{"taxonomy":"product_cat","embeddable":true,"href":"https:\/\/sealife-cameras.eu\/es\/wp-json\/wp\/v2\/product_cat?post=2347"},{"taxonomy":"product_tag","embeddable":true,"href":"https:\/\/sealife-cameras.eu\/es\/wp-json\/wp\/v2\/product_tag?post=2347"}],"curies":[{"name":"wp","href":"https:\/\/api.w.org\/{rel}","templated":true}]}}