{"id":2397,"date":"2024-05-13T09:26:02","date_gmt":"2024-05-13T07:26:02","guid":{"rendered":"https:\/\/modest-cartwright.45-82-188-209.plesk.page\/?post_type=product&#038;p=2397"},"modified":"2024-08-20T12:42:50","modified_gmt":"2024-08-20T10:42:50","slug":"reefmaster-rm-4k-pro-2000-set","status":"publish","type":"product","link":"https:\/\/sealife-cameras.eu\/es\/producto\/reefmaster-rm-4k-pro-2000-set\/","title":{"rendered":"Reefmaster RM-4K Pro 2000 Set"},"content":{"rendered":"<p><em>Reefmaster RM-4K Pro 2000 Set<br \/>\nC\u00f3digo SL354<\/em><\/p>\n<p>Esta Sealife Reefmaster RM-4K tiene un dise\u00f1o compacto y un sensor de imagen CMOS de Panasonic de 14 megap\u00edxeles. El dise\u00f1o compacto asegura que los buceadores y snorkelers puedan llevar esta c\u00e1mara a cualquier parte. La c\u00e1mara es capaz de filmar en 4K con correcci\u00f3n del color bajo el agua. La Sealife Reefmaster RM-4K cuenta con controles de cuatro botones y una pantalla LCD de 2 pulgadas, lo que facilita su uso. Tambi\u00e9n cuenta con WiFi, lo que facilita compartir tus tomas con amigos y familiares. La carcasa subacu\u00e1tica cuenta con \"Moisture Muncher\". Se trata de una funci\u00f3n que evita que la c\u00e1mara se empa\u00f1e debido al calor y la humedad del interior de la carcasa. Esta c\u00e1mara subacu\u00e1tica se puede utilizar con una MicroSDHC de hasta 128 GB. <\/p>\n<p>Kit de luz fotov\u00eddeo SeaLife Sea Dragon 2000F UW<\/p>\n<p>La l\u00e1mpara Sealife Sea Dragon 2000F es una potente l\u00e1mpara LED que proporciona hasta 2000 l\u00famenes de luz. La temperatura de color es de 5000K y se aproxima a la de la luz solar. Esto le proporciona un efecto de luz muy natural sobre el sujeto bajo el agua. La l\u00e1mpara tiene un \"haz de luz de inundaci\u00f3n\" con un \u00e1ngulo de iluminaci\u00f3n de 120 grados y 90 grados bajo el agua. Puedes ajustar la intensidad de la luz en tres pasos: 100%, 50% y 25%. Respectivamente 2000, 1000 y 500 l\u00famenes. Gracias a su amplio haz de luz, esta l\u00e1mpara es ideal para c\u00e1maras con un objetivo amplio, como la c\u00e1mara Sealife 2.0 Micro. Simplemente conecte la c\u00e1mara al tornillo de 1\/4\u2033 e inmediatamente tendr\u00e1 un asa extra para cuando nade. \u00a1Esto hace que tomar fotos sea mucho m\u00e1s f\u00e1cil!<br \/>\nCaracter\u00edsticas principales del kit SeaLife Sea Dragon 2000F UW Photo-Video Light:<\/p>\n<p>Accesorios est\u00e1ndar incluidos con el Sealife Reefmaster RM-4K Pro 2000 Set:<\/p>\n<p>    C\u00e1mara subacu\u00e1tica Sealife Reefmaster RM-4K<br \/>\n    Sea Dragon 2000 Luz de v\u00eddeo<br \/>\n    Empu\u00f1adura<br \/>\n    Placa de la c\u00e1mara<br \/>\n    Bater\u00eda<br \/>\n    Pulsera<br \/>\n    Cable USB<\/p>","protected":false},"excerpt":{"rendered":"<p>Reefmaster RM-4K Pro 2000 Set Product Nr. SL354 Deze Sealife Reefmaster RM-4K heeft een compact ontwerp en een 14 megapixel Panasonic CMOS [&hellip;]<\/p>\n","protected":false},"featured_media":2443,"comment_status":"closed","ping_status":"closed","template":"","meta":{"_acf_changed":false},"product_brand":[],"product_cat":[387],"product_tag":[392,152,282,396,393,146,168,252,377,169,394,395,397,379,57,237],"class_list":{"0":"post-2397","1":"product","2":"type-product","3":"status-publish","4":"has-post-thumbnail","6":"product_cat-cameras-en-behuizing","7":"product_tag-392","8":"product_tag-camera","9":"product_tag-diving","10":"product_tag-dragon","11":"product_tag-duo","12":"product_tag-fotografie","13":"product_tag-onderwater","14":"product_tag-onderwaterwereld","15":"product_tag-photography","16":"product_tag-pro","17":"product_tag-reefmaster","18":"product_tag-reefmaster-rm-4k","19":"product_tag-sea","20":"product_tag-sealife","21":"product_tag-set","22":"product_tag-underwater","23":"product_shipping_class-pakket","25":"first","26":"instock","27":"product-type-simple"},"acf":[],"_links":{"self":[{"href":"https:\/\/sealife-cameras.eu\/es\/wp-json\/wp\/v2\/product\/2397","targetHints":{"allow":["GET"]}}],"collection":[{"href":"https:\/\/sealife-cameras.eu\/es\/wp-json\/wp\/v2\/product"}],"about":[{"href":"https:\/\/sealife-cameras.eu\/es\/wp-json\/wp\/v2\/types\/product"}],"replies":[{"embeddable":true,"href":"https:\/\/sealife-cameras.eu\/es\/wp-json\/wp\/v2\/comments?post=2397"}],"wp:featuredmedia":[{"embeddable":true,"href":"https:\/\/sealife-cameras.eu\/es\/wp-json\/wp\/v2\/media\/2443"}],"wp:attachment":[{"href":"https:\/\/sealife-cameras.eu\/es\/wp-json\/wp\/v2\/media?parent=2397"}],"wp:term":[{"taxonomy":"product_brand","embeddable":true,"href":"https:\/\/sealife-cameras.eu\/es\/wp-json\/wp\/v2\/product_brand?post=2397"},{"taxonomy":"product_cat","embeddable":true,"href":"https:\/\/sealife-cameras.eu\/es\/wp-json\/wp\/v2\/product_cat?post=2397"},{"taxonomy":"product_tag","embeddable":true,"href":"https:\/\/sealife-cameras.eu\/es\/wp-json\/wp\/v2\/product_tag?post=2397"}],"curies":[{"name":"wp","href":"https:\/\/api.w.org\/{rel}","templated":true}]}}