{"id":2403,"date":"2024-05-13T09:26:03","date_gmt":"2024-05-13T07:26:03","guid":{"rendered":"https:\/\/modest-cartwright.45-82-188-209.plesk.page\/?post_type=product&#038;p=2403"},"modified":"2024-08-20T12:42:49","modified_gmt":"2024-08-20T10:42:49","slug":"0-75x-wide-angle-conversion-lens-voor-dc-series","status":"publish","type":"product","link":"https:\/\/sealife-cameras.eu\/es\/producto\/0-75x-wide-angle-conversion-lens-voor-dc-series\/","title":{"rendered":"Lente de conversi\u00f3n gran angular 0,75x para la serie DC"},"content":{"rendered":"<p><em>Lente de conversi\u00f3n gran angular 0,75x para la serie DC<br \/>\nC\u00f3digo SL051<\/em><\/p>\n<p>Con la lente de conversi\u00f3n gran angular SeaLife 0,75x, puede permanecer dentro del rango de disparo de su flash y a\u00fan as\u00ed encajar todo en la toma. S\u00f3lo tiene que montar el objetivo y ajustar la c\u00e1mara al modo AF o macro. La lente de conversi\u00f3n gran angular compensa el efecto de aumento del agua y aumenta el campo de visi\u00f3n bajo el agua con 33%.<\/p>\n<p>Especificaciones<\/p>\n<p>Para c\u00e1maras SeaLife de la serie DC<br \/>\nSe adapta a la mayor\u00eda de marcas de c\u00e1maras \/ carcasas<br \/>\nTornillo de fijaci\u00f3n universal de 52 mm<br \/>\nIncluye adaptador de CC para c\u00e1maras SeaLife<br \/>\nCompensa la ampliaci\u00f3n del agua<br \/>\nPreciso y afilado, de borde a borde<br \/>\nProfundidad evaluada hasta 60 m \/ 200 pies<\/p>","protected":false},"excerpt":{"rendered":"<p>0.75x Wide Angle Conversion Lens voor DC-Series Product Nr. SL051 Met de SeaLife 0,75x groothoekconversielens kunt u binnen het opnamebereik van uw [&hellip;]<\/p>\n","protected":false},"featured_media":2839,"comment_status":"closed","ping_status":"closed","template":"","meta":{"_acf_changed":false},"product_brand":[],"product_cat":[171],"product_tag":[152,399,282,146,400,168,252,377,379,237,170],"class_list":{"0":"post-2403","1":"product","2":"type-product","3":"status-publish","4":"has-post-thumbnail","6":"product_cat-lenzen","7":"product_tag-camera","8":"product_tag-dc-series","9":"product_tag-diving","10":"product_tag-fotografie","11":"product_tag-lenses","12":"product_tag-onderwater","13":"product_tag-onderwaterwereld","14":"product_tag-photography","15":"product_tag-sealife","16":"product_tag-underwater","17":"product_tag-wide-angle","18":"product_shipping_class-pakket","20":"first","21":"instock","22":"product-type-simple"},"acf":[],"_links":{"self":[{"href":"https:\/\/sealife-cameras.eu\/es\/wp-json\/wp\/v2\/product\/2403","targetHints":{"allow":["GET"]}}],"collection":[{"href":"https:\/\/sealife-cameras.eu\/es\/wp-json\/wp\/v2\/product"}],"about":[{"href":"https:\/\/sealife-cameras.eu\/es\/wp-json\/wp\/v2\/types\/product"}],"replies":[{"embeddable":true,"href":"https:\/\/sealife-cameras.eu\/es\/wp-json\/wp\/v2\/comments?post=2403"}],"wp:featuredmedia":[{"embeddable":true,"href":"https:\/\/sealife-cameras.eu\/es\/wp-json\/wp\/v2\/media\/2839"}],"wp:attachment":[{"href":"https:\/\/sealife-cameras.eu\/es\/wp-json\/wp\/v2\/media?parent=2403"}],"wp:term":[{"taxonomy":"product_brand","embeddable":true,"href":"https:\/\/sealife-cameras.eu\/es\/wp-json\/wp\/v2\/product_brand?post=2403"},{"taxonomy":"product_cat","embeddable":true,"href":"https:\/\/sealife-cameras.eu\/es\/wp-json\/wp\/v2\/product_cat?post=2403"},{"taxonomy":"product_tag","embeddable":true,"href":"https:\/\/sealife-cameras.eu\/es\/wp-json\/wp\/v2\/product_tag?post=2403"}],"curies":[{"name":"wp","href":"https:\/\/api.w.org\/{rel}","templated":true}]}}