{"id":2431,"date":"2024-05-13T09:26:31","date_gmt":"2024-05-13T07:26:31","guid":{"rendered":"https:\/\/modest-cartwright.45-82-188-209.plesk.page\/?post_type=product&#038;p=2431"},"modified":"2024-08-20T12:42:48","modified_gmt":"2024-08-20T10:42:48","slug":"grip","status":"publish","type":"product","link":"https:\/\/sealife-cameras.eu\/es\/producto\/grip\/","title":{"rendered":"Agarre"},"content":{"rendered":"<p><em>Agarre<br \/>\nC\u00f3digo SL9905<\/em><\/p>\n<p>La empu\u00f1adura Flex-Connect proporciona un agarre c\u00f3modo y un mejor control de su luz, flash o conjunto de c\u00e1mara subacu\u00e1tica.<br \/>\nEl mango recubierto de goma \"encaja\" directamente en una bandeja Flex-Connect y acepta todos los accesorios Flex-Connect y cabezales Sea Dragon Lights &amp; Flash.<\/p>","protected":false},"excerpt":{"rendered":"<p>Grip Product Nr. SL9905 De Flex-Connect Grip zorgt voor een comfortabele grip en verbeterde bediening van je licht-, flitser- of onderwatercamera set. [&hellip;]<\/p>\n","protected":false},"featured_media":2461,"comment_status":"closed","ping_status":"closed","template":"","meta":{"_acf_changed":false},"product_brand":[],"product_cat":[406],"product_tag":[152,282,407,146,128,168,252,377,379,237],"class_list":{"0":"post-2431","1":"product","2":"type-product","3":"status-publish","4":"has-post-thumbnail","6":"product_cat-flex-connect-accessoires","7":"product_tag-camera","8":"product_tag-diving","9":"product_tag-flex-connect","10":"product_tag-fotografie","11":"product_tag-grip","12":"product_tag-onderwater","13":"product_tag-onderwaterwereld","14":"product_tag-photography","15":"product_tag-sealife","16":"product_tag-underwater","17":"product_shipping_class-pakket","19":"first","20":"instock","21":"product-type-simple"},"acf":[],"_links":{"self":[{"href":"https:\/\/sealife-cameras.eu\/es\/wp-json\/wp\/v2\/product\/2431","targetHints":{"allow":["GET"]}}],"collection":[{"href":"https:\/\/sealife-cameras.eu\/es\/wp-json\/wp\/v2\/product"}],"about":[{"href":"https:\/\/sealife-cameras.eu\/es\/wp-json\/wp\/v2\/types\/product"}],"replies":[{"embeddable":true,"href":"https:\/\/sealife-cameras.eu\/es\/wp-json\/wp\/v2\/comments?post=2431"}],"wp:featuredmedia":[{"embeddable":true,"href":"https:\/\/sealife-cameras.eu\/es\/wp-json\/wp\/v2\/media\/2461"}],"wp:attachment":[{"href":"https:\/\/sealife-cameras.eu\/es\/wp-json\/wp\/v2\/media?parent=2431"}],"wp:term":[{"taxonomy":"product_brand","embeddable":true,"href":"https:\/\/sealife-cameras.eu\/es\/wp-json\/wp\/v2\/product_brand?post=2431"},{"taxonomy":"product_cat","embeddable":true,"href":"https:\/\/sealife-cameras.eu\/es\/wp-json\/wp\/v2\/product_cat?post=2431"},{"taxonomy":"product_tag","embeddable":true,"href":"https:\/\/sealife-cameras.eu\/es\/wp-json\/wp\/v2\/product_tag?post=2431"}],"curies":[{"name":"wp","href":"https:\/\/api.w.org\/{rel}","templated":true}]}}