{"id":2469,"date":"2024-05-13T09:26:54","date_gmt":"2024-05-13T07:26:54","guid":{"rendered":"https:\/\/modest-cartwright.45-82-188-209.plesk.page\/?post_type=product&#038;p=2469"},"modified":"2024-08-20T12:42:47","modified_gmt":"2024-08-20T10:42:47","slug":"digital-pro-flash-adapter","status":"publish","type":"product","link":"https:\/\/sealife-cameras.eu\/es\/producto\/digital-pro-flash-adapter\/","title":{"rendered":"Adaptador de flash Digital Pro"},"content":{"rendered":"<p><em>Adaptador de flash Digital Pro<br \/>\nC\u00f3digo SL9619<\/em><\/p>\n<p>TENGA EN CUENTA QUE ESTE PRODUCTO ES DE SUMINISTRO LIMITADO.<\/p>\n<p>Este adaptador Flex-Connect convierte el popular cuello de flash Digital Pro (art\u00edculo SL961) en un soporte Flex-Connect que se puede montar f\u00e1cilmente con un solo clic en el sistema de montaje Flex-Connect con asas, bandejas, brazos y mucho m\u00e1s.<br \/>\nEl cabezal del flash puede instalarse f\u00e1cilmente en el adaptador utilizando el perno de montaje existente en el cuello y la llave Allen suministrada. La instalaci\u00f3n en el adaptador Flex-Connect no lleva m\u00e1s de 10 minutos y no requiere ninguna otra herramienta.<\/p>","protected":false},"excerpt":{"rendered":"<p>Digital Pro Flash Adapter Product Nr. SL9619 LET OP DIT PRODUCT IS BEPERKT LEVERBAAR. Deze Flex-Connect-adapter zet de populaire Digital Pro Flash-hals [&hellip;]<\/p>\n","protected":false},"featured_media":2499,"comment_status":"closed","ping_status":"closed","template":"","meta":{"_acf_changed":false},"product_brand":[],"product_cat":[406],"product_tag":[152,416,282,407,146,168,252,377,379,237],"class_list":{"0":"post-2469","1":"product","2":"type-product","3":"status-publish","4":"has-post-thumbnail","6":"product_cat-flex-connect-accessoires","7":"product_tag-camera","8":"product_tag-digital-pro-flas-adapter","9":"product_tag-diving","10":"product_tag-flex-connect","11":"product_tag-fotografie","12":"product_tag-onderwater","13":"product_tag-onderwaterwereld","14":"product_tag-photography","15":"product_tag-sealife","16":"product_tag-underwater","17":"product_shipping_class-pakket","19":"first","20":"instock","21":"product-type-simple"},"acf":[],"_links":{"self":[{"href":"https:\/\/sealife-cameras.eu\/es\/wp-json\/wp\/v2\/product\/2469","targetHints":{"allow":["GET"]}}],"collection":[{"href":"https:\/\/sealife-cameras.eu\/es\/wp-json\/wp\/v2\/product"}],"about":[{"href":"https:\/\/sealife-cameras.eu\/es\/wp-json\/wp\/v2\/types\/product"}],"replies":[{"embeddable":true,"href":"https:\/\/sealife-cameras.eu\/es\/wp-json\/wp\/v2\/comments?post=2469"}],"wp:featuredmedia":[{"embeddable":true,"href":"https:\/\/sealife-cameras.eu\/es\/wp-json\/wp\/v2\/media\/2499"}],"wp:attachment":[{"href":"https:\/\/sealife-cameras.eu\/es\/wp-json\/wp\/v2\/media?parent=2469"}],"wp:term":[{"taxonomy":"product_brand","embeddable":true,"href":"https:\/\/sealife-cameras.eu\/es\/wp-json\/wp\/v2\/product_brand?post=2469"},{"taxonomy":"product_cat","embeddable":true,"href":"https:\/\/sealife-cameras.eu\/es\/wp-json\/wp\/v2\/product_cat?post=2469"},{"taxonomy":"product_tag","embeddable":true,"href":"https:\/\/sealife-cameras.eu\/es\/wp-json\/wp\/v2\/product_tag?post=2469"}],"curies":[{"name":"wp","href":"https:\/\/api.w.org\/{rel}","templated":true}]}}