{"id":2482,"date":"2024-05-13T09:26:55","date_gmt":"2024-05-13T07:26:55","guid":{"rendered":"https:\/\/modest-cartwright.45-82-188-209.plesk.page\/?post_type=product&#038;p=2482"},"modified":"2024-08-20T12:42:46","modified_gmt":"2024-08-20T10:42:46","slug":"aquapod-mini","status":"publish","type":"product","link":"https:\/\/sealife-cameras.eu\/es\/producto\/aquapod-mini\/","title":{"rendered":"AquaPod Mini"},"content":{"rendered":"<p><em>AquaPod Mini<br \/>\nC\u00f3digo SL912<\/p>\n<p>Con el AquaPod Mini de SeaLife, puedes colocar la c\u00e1mara cerca de las criaturas terrestres y marinas manteniendo la distancia, y puedes hacerte esa foto perfecta en medio de toda la acci\u00f3n. Gira la c\u00e1mara del AquaPod Mini para hacer f\u00e1cilmente autorretratos. F\u00e1cil de usar y estable en la mano, el AquaPod Mini se extiende desde 39 cm (15,5 pulgadas) hasta 97 cm (38 pulgadas). Resulta especialmente pr\u00e1ctico para viajar, ya que plegado cabe f\u00e1cilmente en una maleta o en el equipaje de mano.<\/p>","protected":false},"excerpt":{"rendered":"<p>AquaPod Mini Product Nr. SL912 Met de SeaLife AquaPod Mini kunt u uw camera dicht bij zowel land- als zeedieren plaatsen terwijl [&hellip;]<\/p>\n","protected":false},"featured_media":2515,"comment_status":"closed","ping_status":"closed","template":"","meta":{"_acf_changed":false},"product_brand":[],"product_cat":[385],"product_tag":[251,433,152,282,146,168,252,377,379,237],"class_list":{"0":"post-2482","1":"product","2":"type-product","3":"status-publish","4":"has-post-thumbnail","6":"product_cat-overige-accessoires","7":"product_tag-accessoires","8":"product_tag-aquapod","9":"product_tag-camera","10":"product_tag-diving","11":"product_tag-fotografie","12":"product_tag-onderwater","13":"product_tag-onderwaterwereld","14":"product_tag-photography","15":"product_tag-sealife","16":"product_tag-underwater","17":"product_shipping_class-pakket","19":"first","20":"instock","21":"product-type-simple"},"acf":[],"_links":{"self":[{"href":"https:\/\/sealife-cameras.eu\/es\/wp-json\/wp\/v2\/product\/2482","targetHints":{"allow":["GET"]}}],"collection":[{"href":"https:\/\/sealife-cameras.eu\/es\/wp-json\/wp\/v2\/product"}],"about":[{"href":"https:\/\/sealife-cameras.eu\/es\/wp-json\/wp\/v2\/types\/product"}],"replies":[{"embeddable":true,"href":"https:\/\/sealife-cameras.eu\/es\/wp-json\/wp\/v2\/comments?post=2482"}],"wp:featuredmedia":[{"embeddable":true,"href":"https:\/\/sealife-cameras.eu\/es\/wp-json\/wp\/v2\/media\/2515"}],"wp:attachment":[{"href":"https:\/\/sealife-cameras.eu\/es\/wp-json\/wp\/v2\/media?parent=2482"}],"wp:term":[{"taxonomy":"product_brand","embeddable":true,"href":"https:\/\/sealife-cameras.eu\/es\/wp-json\/wp\/v2\/product_brand?post=2482"},{"taxonomy":"product_cat","embeddable":true,"href":"https:\/\/sealife-cameras.eu\/es\/wp-json\/wp\/v2\/product_cat?post=2482"},{"taxonomy":"product_tag","embeddable":true,"href":"https:\/\/sealife-cameras.eu\/es\/wp-json\/wp\/v2\/product_tag?post=2482"}],"curies":[{"name":"wp","href":"https:\/\/api.w.org\/{rel}","templated":true}]}}