{"id":2536,"date":"2024-05-13T09:27:28","date_gmt":"2024-05-13T07:27:28","guid":{"rendered":"https:\/\/modest-cartwright.45-82-188-209.plesk.page\/?post_type=product&#038;p=2536"},"modified":"2025-07-10T15:08:04","modified_gmt":"2025-07-10T13:08:04","slug":"sealife-sportdiver-smartphone-behuizing","status":"publish","type":"product","link":"https:\/\/sealife-cameras.eu\/es\/producto\/sealife-sportdiver-smartphone-behuizing\/","title":{"rendered":"Funda para smartphone Sealife SportDiver"},"content":{"rendered":"<p>Sealife SportDiver<br \/>\nC\u00f3digo SL400-U<\/p>\n<p>NOTA ESTE PRODUCTO YA NO EST\u00c1 DISPONIBLE<\/p>\n<p>Funda subacu\u00e1tica SeaLife SportDiver para Smartphone<\/p>\n<p>Con esta carcasa SeaLife SportDiver, los submarinistas, buceadores o nadadores pueden hacer las fotos y v\u00eddeos submarinos m\u00e1s exclusivos con su propio Smartphone. En casa, en la piscina del jard\u00edn, en la playa o en el punto de inmersi\u00f3n del dique. Pero sin duda tambi\u00e9n en su destino de vacaciones, podr\u00e1 capturar las im\u00e1genes m\u00e1s bellas a profundidades de hasta 40 metros.<\/p>\n<p>Adecuado para:<br \/>\nEl SportDiver puede utilizarse en combinaci\u00f3n con distintas marcas de tel\u00e9fonos inteligentes. Lo mejor es comprobar en el sitio web si su tel\u00e9fono es adecuado en la carcasa: <a href=\"https:\/\/www.sealife-cameras.com\/sportdiver-compatibility\/\">https:\/\/www.sealife-cameras.com\/sportdiver-compatibility\/<\/a><\/p>\n<p>Duradera:<br \/>\nLa robusta carcasa est\u00e1 fabricada en policarbonato, acero inoxidable, aluminio y cristal de calidad \u00f3ptica. Y aunque la carcasa del SportDiver es \"Heavy Duty\", no es pesada, ya que s\u00f3lo pesa 641 gramos. Es ligera para viajar y tiene una flotabilidad casi neutra en el agua, dependiendo del modelo de Smartphone que se utilice.<\/p>\n<p>El Smartphone como c\u00e1mara de fotos creativa:<br \/>\nEl SportDiver es resistente y f\u00e1cil de usar. Tiene un gran bot\u00f3n de disparo y botones de control accesibles en la parte posterior para facilitar su manejo, incluso con guantes de buceo. Los submarinistas y buceadores creativos pueden utilizar los ajustes avanzados opcionales de la aplicaci\u00f3n de c\u00e1mara para hacer sus fotos o v\u00eddeos. Por ejemplo: zoom, exposici\u00f3n (EV), enfoque autom\u00e1tico\/manual, balance de blancos, tono de color, selecci\u00f3n de objetivo, modo RAW + JPEG, foto en directo y desenfoque del fondo (en los modelos de smartphone disponibles).<\/p>\n<p>Sin riesgo, con doble seguridad:<br \/>\n\u00a1Seguridad para su tel\u00e9fono por encima de todo! El SportDiver tiene una ALARMA DE FUGAS DOBLE, que incluye una alarma de humedad interna Y una alarma de presi\u00f3n de vac\u00edo, que lo alerta con una visualizaci\u00f3n en pantalla, un audio y una se\u00f1al LED en el improbable caso de que la carcasa muestre alg\u00fan tipo de fuga y se detecte humedad en la carcasa o si se produce una p\u00e9rdida de presi\u00f3n en la carcasa. Con la bomba de vac\u00edo incluida, se aspira la carcasa hasta una presi\u00f3n negativa. El man\u00f3metro incorporado en la carcasa proporciona una indicaci\u00f3n en la pantalla del Smartphone para asegurarse de que lleva la carcasa a la presi\u00f3n negativa correcta. Despu\u00e9s de eso, hay que esperar muy poco hasta que el sistema de vac\u00edo indique que no se ha producido ning\u00fan cambio de presi\u00f3n, y as\u00ed sabr\u00e1s que puedes llevarte el conjunto bajo el agua con toda confianza. La carcasa est\u00e1 sellada con una junta t\u00f3rica de TPE y un robusto cierre de leva, que cierra la puerta estanca de forma f\u00e1cil y segura. Para evitar que el interior de la carcasa se empa\u00f1e debido a la humedad, se recomienda utilizar la c\u00e1psula antivaho \"Moisture Muncher\" para minimizar la humedad y evitar as\u00ed la condensaci\u00f3n interna en la medida de lo posible.<\/p>\n<p>Aplicaci\u00f3n gratuita SportDiver:<br \/>\nLa carcasa SportDiver se utiliza junto con la app gratuita para c\u00e1maras SeaLife SportDiver.  (A diferencia de otras aplicaciones de carcasa para smartphone, no hay molestas compras dentro de la aplicaci\u00f3n ni anuncios). Puedes cambiar f\u00e1cilmente entre el modo foto y v\u00eddeo. La app SportDiver utiliza la tecnolog\u00eda de la c\u00e1mara del Smartphone que viene con cada modelo de Smartphone. La aplicaci\u00f3n est\u00e1 disponible para tel\u00e9fonos IOS y Android.<\/p>\n<p>Fotos y v\u00eddeos disponibles:<br \/>\nEl modo de reproducci\u00f3n de la aplicaci\u00f3n muestra las fotos y los v\u00eddeos a tama\u00f1o completo con una tira vertical de miniaturas para facilitar el desplazamiento por las im\u00e1genes. Los v\u00eddeos se reproducen autom\u00e1ticamente cuando se seleccionan. Todos los archivos se guardan tambi\u00e9n en el carrete de pel\u00edculas. La carcasa SportDiver se conecta autom\u00e1ticamente a tu Smartphone y a la aplicaci\u00f3n SportDiver a trav\u00e9s de la tecnolog\u00eda inal\u00e1mbrica Bluetooth\u00ae Low Energy (LE) 5. No hay cables o botones de conexi\u00f3n con el tel\u00e9fono. El SportDiver tiene un consumo de energ\u00eda extremadamente bajo tanto para el tel\u00e9fono como para la carcasa, que funciona con dos pilas AAA, que duran m\u00e1s de 50 horas con un uso continuo.<\/p>\n<p>Filtro de correcci\u00f3n del color incluido:<br \/>\nPara obtener mejores resultados de imagen, en aguas azules tropicales, el SportDiver viene con un filtro de correcci\u00f3n de color intercambiable, que restaura los colores naturales bajo el agua. El filtro se puede poner o quitar f\u00e1cilmente bajo el agua y est\u00e1 provisto de un cord\u00f3n de seguridad para evitar su p\u00e9rdida.<\/p>\n<p>Exposici\u00f3n externa opcional:<br \/>\nLa carcasa SportDiver tiene tres soportes de tr\u00edpode 1\/4-20 que se pueden montar en cualquier l\u00e1mpara o placa base con roscas de tr\u00edpode est\u00e1ndar, como la propia gama de l\u00e1mparas subacu\u00e1ticas Sea Dragon para foto\/v\u00eddeo de SeaLife. SeaLife tambi\u00e9n ofrece la combinaci\u00f3n SportDiver con l\u00e1mparas subacu\u00e1ticas Sea Dragon, el SL401 \"SportDiver Pro 2500 Set\".<\/p>\n<p>Ajuste universal:<br \/>\nPara la seguridad y protecci\u00f3n del tel\u00e9fono, el SportDiver est\u00e1 equipado con un sistema de muelles y leng\u00fcetas de agarre de goma que mantienen el Smartphone\u00ae firmemente en su sitio y proporcionan protecci\u00f3n contra los golpes. Esto tambi\u00e9n hace que sea muy f\u00e1cil cambiar los modelos de Smartphone en la funda.<\/p>\n<p>Art\u00edculo Descripci\u00f3n GMP<br \/>\nCarcasa subacu\u00e1tica SportDiver SL400-U para smartphone \u20ac 349<br \/>\nSL401 SportDiver Pro 2500 Set con luz subacu\u00e1tica Sea Dragon 2500 \u20ac 799<\/p>\n<p>Incluido con el SeaLife SportDiver, modelo SL400-U:<br \/>\nFunda subacu\u00e1tica para smartphone SportDiver<br \/>\nFiltro para la correcci\u00f3n del color bajo el agua<br \/>\nBomba de vac\u00edo<br \/>\nLeng\u00fcetas de agarre de goma (12x peque\u00f1as, 12x medianas y 12x grandes)<br \/>\nJuntas t\u00f3ricas de repuesto (1 junta t\u00f3rica principal y 1 junta t\u00f3rica del puerto de comprobaci\u00f3n de vac\u00edo)<br \/>\nLubricante para juntas t\u00f3ricas<br \/>\nHerramientas para desmontar la junta t\u00f3rica<br \/>\nMu\u00f1equera de lujo con clip<br \/>\nPaquete de muestras Moisture Muncher (1 c\u00e1psula)<br \/>\nPilas alcalinas AAA (2)<br \/>\nFunda de transporte de EVA<\/p>","protected":false},"excerpt":{"rendered":"<p>Sealife SportDiver<br \/>\nC\u00f3digo SL400-U<\/p>\n<p>Funda subacu\u00e1tica SeaLife SportDiver para Smartphone<\/p>\n<p>Con esta carcasa SeaLife SportDiver, los submarinistas, buceadores o nadadores pueden hacer las fotos y v\u00eddeos submarinos m\u00e1s exclusivos con su propio Smartphone. En casa, en la piscina del jard\u00edn, en la playa o en el punto de inmersi\u00f3n del dique. Pero sin duda tambi\u00e9n en su destino de vacaciones, podr\u00e1 capturar las im\u00e1genes m\u00e1s bellas a profundidades de hasta 40 metros.<\/p>\n<p>Adecuado para:<br \/>\nEl SportDiver puede utilizarse en combinaci\u00f3n con distintas marcas de tel\u00e9fonos inteligentes. Lo mejor es comprobar en el sitio web si su tel\u00e9fono es adecuado en la carcasa: <a href=\"https:\/\/www.sealife-cameras.com\/sportdiver-compatibility\/\">https:\/\/www.sealife-cameras.com\/sportdiver-compatibility\/<\/a><\/p>\n<p>Duradera:<br \/>\nLa robusta carcasa est\u00e1 fabricada en policarbonato, acero inoxidable, aluminio y cristal de calidad \u00f3ptica. Y aunque la carcasa del SportDiver es \"Heavy Duty\", no es pesada, ya que s\u00f3lo pesa 641 gramos. Es ligera para viajar y tiene una flotabilidad casi neutra en el agua, dependiendo del modelo de Smartphone que se utilice.<\/p>\n<p>El Smartphone como c\u00e1mara de fotos creativa:<br \/>\nEl SportDiver es resistente y f\u00e1cil de usar. Tiene un gran bot\u00f3n de disparo y botones de control accesibles en la parte posterior para facilitar su manejo, incluso con guantes de buceo. Los submarinistas y buceadores creativos pueden utilizar los ajustes avanzados opcionales de la aplicaci\u00f3n de c\u00e1mara para hacer sus fotos o v\u00eddeos. Por ejemplo: zoom, exposici\u00f3n (EV), enfoque autom\u00e1tico\/manual, balance de blancos, tono de color, selecci\u00f3n de objetivo, modo RAW + JPEG, foto en directo y desenfoque del fondo (en los modelos de smartphone disponibles).<\/p>\n<p>Sin riesgo, con doble seguridad:<br \/>\n\u00a1Seguridad para su tel\u00e9fono por encima de todo! El SportDiver tiene una ALARMA DE FUGAS DOBLE, que incluye una alarma de humedad interna Y una alarma de presi\u00f3n de vac\u00edo, que lo alerta con una visualizaci\u00f3n en pantalla, un audio y una se\u00f1al LED en el improbable caso de que la carcasa muestre alg\u00fan tipo de fuga y se detecte humedad en la carcasa o si se produce una p\u00e9rdida de presi\u00f3n en la carcasa. Con la bomba de vac\u00edo incluida, se aspira la carcasa hasta una presi\u00f3n negativa. El man\u00f3metro incorporado en la carcasa proporciona una indicaci\u00f3n en la pantalla del Smartphone para asegurarse de que lleva la carcasa a la presi\u00f3n negativa correcta. Despu\u00e9s de eso, hay que esperar muy poco hasta que el sistema de vac\u00edo indique que no se ha producido ning\u00fan cambio de presi\u00f3n, y as\u00ed sabr\u00e1s que puedes llevarte el conjunto bajo el agua con toda confianza. La carcasa est\u00e1 sellada con una junta t\u00f3rica de TPE y un robusto cierre de leva, que cierra la puerta estanca de forma f\u00e1cil y segura. Para evitar que el interior de la carcasa se empa\u00f1e debido a la humedad, se recomienda utilizar la c\u00e1psula antivaho \"Moisture Muncher\" para minimizar la humedad y evitar as\u00ed la condensaci\u00f3n interna en la medida de lo posible.<\/p>\n<p>Aplicaci\u00f3n gratuita SportDiver:<br \/>\nLa carcasa SportDiver se utiliza junto con la app gratuita para c\u00e1maras SeaLife SportDiver.  (A diferencia de otras aplicaciones de carcasa para smartphone, no hay molestas compras dentro de la aplicaci\u00f3n ni anuncios). Puedes cambiar f\u00e1cilmente entre el modo foto y v\u00eddeo. La app SportDiver utiliza la tecnolog\u00eda de la c\u00e1mara del Smartphone que viene con cada modelo de Smartphone. La aplicaci\u00f3n est\u00e1 disponible para tel\u00e9fonos IOS y Android.<\/p>\n<p>Fotos y v\u00eddeos disponibles:<br \/>\nEl modo de reproducci\u00f3n de la aplicaci\u00f3n muestra las fotos y los v\u00eddeos a tama\u00f1o completo con una tira vertical de miniaturas para facilitar el desplazamiento por las im\u00e1genes. Los v\u00eddeos se reproducen autom\u00e1ticamente cuando se seleccionan. Todos los archivos se guardan tambi\u00e9n en el carrete de pel\u00edculas. La carcasa SportDiver se conecta autom\u00e1ticamente a tu Smartphone y a la aplicaci\u00f3n SportDiver a trav\u00e9s de la tecnolog\u00eda inal\u00e1mbrica Bluetooth\u00ae Low Energy (LE) 5. No hay cables o botones de conexi\u00f3n con el tel\u00e9fono. El SportDiver tiene un consumo de energ\u00eda extremadamente bajo tanto para el tel\u00e9fono como para la carcasa, que funciona con dos pilas AAA, que duran m\u00e1s de 50 horas con un uso continuo.<\/p>\n<p>Filtro de correcci\u00f3n del color incluido:<br \/>\nPara obtener mejores resultados de imagen, en aguas azules tropicales, el SportDiver viene con un filtro de correcci\u00f3n de color intercambiable, que restaura los colores naturales bajo el agua. El filtro se puede poner o quitar f\u00e1cilmente bajo el agua y est\u00e1 provisto de un cord\u00f3n de seguridad para evitar su p\u00e9rdida.<\/p>\n<p>Exposici\u00f3n externa opcional:<br \/>\nLa carcasa SportDiver tiene tres soportes de tr\u00edpode 1\/4-20 que se pueden montar en cualquier l\u00e1mpara o placa base con roscas de tr\u00edpode est\u00e1ndar, como la propia gama de l\u00e1mparas subacu\u00e1ticas Sea Dragon para foto\/v\u00eddeo de SeaLife. SeaLife tambi\u00e9n ofrece la combinaci\u00f3n SportDiver con l\u00e1mparas subacu\u00e1ticas Sea Dragon, el SL401 \"SportDiver Pro 2500 Set\".<\/p>\n<p>Ajuste universal:<br \/>\nPara la seguridad y protecci\u00f3n del tel\u00e9fono, el SportDiver est\u00e1 equipado con un sistema de muelles y leng\u00fcetas de agarre de goma que mantienen el Smartphone\u00ae firmemente en su sitio y proporcionan protecci\u00f3n contra los golpes. Esto tambi\u00e9n hace que sea muy f\u00e1cil cambiar los modelos de Smartphone en la funda.<\/p>\n<p>Art\u00edculo Descripci\u00f3n GMP<br \/>\nCarcasa subacu\u00e1tica SportDiver SL400-U para smartphone \u20ac 349<br \/>\nSL401 SportDiver Pro 2500 Set con luz subacu\u00e1tica Sea Dragon 2500 \u20ac 799<\/p>\n<p>Incluido con el SeaLife SportDiver, modelo SL400-U:<br \/>\nFunda subacu\u00e1tica para smartphone SportDiver<br \/>\nFiltro para la correcci\u00f3n del color bajo el agua<br \/>\nBomba de vac\u00edo<br \/>\nLeng\u00fcetas de agarre de goma (12x peque\u00f1as, 12x medianas y 12x grandes)<br \/>\nJuntas t\u00f3ricas de repuesto (1 junta t\u00f3rica principal y 1 junta t\u00f3rica del puerto de comprobaci\u00f3n de vac\u00edo)<br \/>\nLubricante para juntas t\u00f3ricas<br \/>\nHerramientas para desmontar la junta t\u00f3rica<br \/>\nMu\u00f1equera de lujo con clip<br \/>\nPaquete de muestras Moisture Muncher (1 c\u00e1psula)<br \/>\nPilas alcalinas AAA (2)<br \/>\nFunda de transporte de EVA<\/p>","protected":false},"featured_media":2566,"comment_status":"closed","ping_status":"closed","template":"","meta":{"_acf_changed":false},"product_brand":[],"product_cat":[387],"product_tag":[],"class_list":{"0":"post-2536","1":"product","2":"type-product","3":"status-publish","4":"has-post-thumbnail","6":"product_cat-cameras-en-behuizing","7":"product_shipping_class-pakket","9":"first","10":"instock","11":"shipping-taxable","12":"product-type-simple"},"acf":[],"_links":{"self":[{"href":"https:\/\/sealife-cameras.eu\/es\/wp-json\/wp\/v2\/product\/2536","targetHints":{"allow":["GET"]}}],"collection":[{"href":"https:\/\/sealife-cameras.eu\/es\/wp-json\/wp\/v2\/product"}],"about":[{"href":"https:\/\/sealife-cameras.eu\/es\/wp-json\/wp\/v2\/types\/product"}],"replies":[{"embeddable":true,"href":"https:\/\/sealife-cameras.eu\/es\/wp-json\/wp\/v2\/comments?post=2536"}],"wp:featuredmedia":[{"embeddable":true,"href":"https:\/\/sealife-cameras.eu\/es\/wp-json\/wp\/v2\/media\/2566"}],"wp:attachment":[{"href":"https:\/\/sealife-cameras.eu\/es\/wp-json\/wp\/v2\/media?parent=2536"}],"wp:term":[{"taxonomy":"product_brand","embeddable":true,"href":"https:\/\/sealife-cameras.eu\/es\/wp-json\/wp\/v2\/product_brand?post=2536"},{"taxonomy":"product_cat","embeddable":true,"href":"https:\/\/sealife-cameras.eu\/es\/wp-json\/wp\/v2\/product_cat?post=2536"},{"taxonomy":"product_tag","embeddable":true,"href":"https:\/\/sealife-cameras.eu\/es\/wp-json\/wp\/v2\/product_tag?post=2536"}],"curies":[{"name":"wp","href":"https:\/\/api.w.org\/{rel}","templated":true}]}}