{"id":2583,"date":"2024-05-13T09:27:56","date_gmt":"2024-05-13T07:27:56","guid":{"rendered":"https:\/\/modest-cartwright.45-82-188-209.plesk.page\/?post_type=product&#038;p=2583"},"modified":"2024-08-20T12:42:42","modified_gmt":"2024-08-20T10:42:42","slug":"sportdiver-52mm-wide-angle-dome-lens","status":"publish","type":"product","link":"https:\/\/sealife-cameras.eu\/es\/producto\/sportdiver-52mm-wide-angle-dome-lens\/","title":{"rendered":"Lente SportDiver 52mm Gran Angular C\u00fapula"},"content":{"rendered":"<p>N\u00famero de serie: SL054<\/p>\n<p>La lente de c\u00fapula gran angular para el SportDiver se acopla a la carcasa del smartphone con su montura roscada de 52 mm al adaptador de lente SportDiver SL081. La lente tambi\u00e9n se puede montar en otras c\u00e1maras y carcasas subacu\u00e1ticas utilizando un accesorio roscado de 52 mm. Esto aumenta el campo de visi\u00f3n del tel\u00e9fono o la c\u00e1mara con 43%, lo que permite a los fot\u00f3grafos acercarse dos veces m\u00e1s al sujeto.<\/p>\n<p>El dise\u00f1o del objetivo gran angular de torreta SportDiver utiliza una \u00f3ptica de alta calidad dispuesta en una matriz de 4 elementos\/4 grupos, que proporciona una nitidez de borde a borde. Los elementos internos est\u00e1n hechos de cristal \u00f3ptico totalmente multi-revestido. La lente gran angular de c\u00fapula est\u00e1 fabricada en policarbonato \u00f3ptico con un revestimiento duro antiara\u00f1azos.<\/p>\n<p>El objetivo tiene una distancia focal efectiva equivalente a 18,2 mm cuando se utiliza con un objetivo de tel\u00e9fono o c\u00e1mara de 26 mm. El objetivo es resistente al agua hasta 60 m.<\/p>\n<p>Caracter\u00edsticas:<\/p>\n<ul>\n<li>Ac\u00e9rcate 3 veces m\u00e1s y obt\u00e9n un campo de visi\u00f3n 43% m\u00e1s amplio<\/li>\n<li>El dise\u00f1o \u00f3ptico corrige la distorsi\u00f3n de barril y mejora la nitidez de borde a borde<\/li>\n<li>Funciona con el adaptador de objetivo SportDiver (SL081), SeaLife DC2000, Olympus y otras carcasas subacu\u00e1ticas con puerto para objetivo de 52 mm<\/li>\n<li>Conversi\u00f3n gran angular 7x<\/li>\n<li>\u00d3ptica con revestimiento m\u00faltiple para una m\u00e1xima transmisi\u00f3n de la luz<\/li>\n<li>El objetivo se puede colocar\/extraer bajo el agua<\/li>\n<li>\u00d3ptica de precisi\u00f3n de alta calidad con 4 elementos\/4 grupos (cristal \u00f3ptico interno)<\/li>\n<li>Lente de c\u00fapula de policarbonato con revestimiento duro resistente a los ara\u00f1azos<\/li>\n<li>Incluye funda de neopreno para la lente.<\/li>\n<li>Sumergible hasta 60 m<\/li>\n<\/ul>","protected":false},"excerpt":{"rendered":"<p>Serienummer: SL054 De Wide Angle Dome Lens voor de SportDiver wordt aan de smartphonebehuizing bevestigd met zijn 52 mm schroefdraadbevestiging aan de [&hellip;]<\/p>\n","protected":false},"featured_media":2640,"comment_status":"open","ping_status":"closed","template":"","meta":{"_acf_changed":false},"product_brand":[],"product_cat":[171],"product_tag":[402,146,52,168,252,377,454,459,237,380,170],"class_list":{"0":"post-2583","1":"product","2":"type-product","3":"status-publish","4":"has-post-thumbnail","6":"product_cat-lenzen","7":"product_tag-adapter","8":"product_tag-fotografie","9":"product_tag-lens","10":"product_tag-onderwater","11":"product_tag-onderwaterwereld","12":"product_tag-photography","13":"product_tag-sportdiver","14":"product_tag-sportdiver-ultra","15":"product_tag-underwater","16":"product_tag-universal","17":"product_tag-wide-angle","18":"product_shipping_class-pakket","20":"first","21":"instock","22":"featured","23":"shipping-taxable","24":"product-type-simple"},"acf":[],"_links":{"self":[{"href":"https:\/\/sealife-cameras.eu\/es\/wp-json\/wp\/v2\/product\/2583","targetHints":{"allow":["GET"]}}],"collection":[{"href":"https:\/\/sealife-cameras.eu\/es\/wp-json\/wp\/v2\/product"}],"about":[{"href":"https:\/\/sealife-cameras.eu\/es\/wp-json\/wp\/v2\/types\/product"}],"replies":[{"embeddable":true,"href":"https:\/\/sealife-cameras.eu\/es\/wp-json\/wp\/v2\/comments?post=2583"}],"wp:featuredmedia":[{"embeddable":true,"href":"https:\/\/sealife-cameras.eu\/es\/wp-json\/wp\/v2\/media\/2640"}],"wp:attachment":[{"href":"https:\/\/sealife-cameras.eu\/es\/wp-json\/wp\/v2\/media?parent=2583"}],"wp:term":[{"taxonomy":"product_brand","embeddable":true,"href":"https:\/\/sealife-cameras.eu\/es\/wp-json\/wp\/v2\/product_brand?post=2583"},{"taxonomy":"product_cat","embeddable":true,"href":"https:\/\/sealife-cameras.eu\/es\/wp-json\/wp\/v2\/product_cat?post=2583"},{"taxonomy":"product_tag","embeddable":true,"href":"https:\/\/sealife-cameras.eu\/es\/wp-json\/wp\/v2\/product_tag?post=2583"}],"curies":[{"name":"wp","href":"https:\/\/api.w.org\/{rel}","templated":true}]}}