{"id":2597,"date":"2024-05-13T09:28:20","date_gmt":"2024-05-13T07:28:20","guid":{"rendered":"https:\/\/modest-cartwright.45-82-188-209.plesk.page\/?post_type=product&#038;p=2597"},"modified":"2025-01-10T09:12:05","modified_gmt":"2025-01-10T08:12:05","slug":"sealife-sportdiver-ultra-2500-set","status":"publish","type":"product","link":"https:\/\/sealife-cameras.eu\/es\/producto\/sealife-sportdiver-ultra-2500-set\/","title":{"rendered":"Set Sealife SportDiver Ultra 2500"},"content":{"rendered":"<p>Set SportDiver Ultra 2500<br \/>\nC\u00f3digo SL406<\/p>\n<p>El set SeaLife SportDiver Ultra Pro 2500 es una carcasa subacu\u00e1tica compacta y ligera para smartphones con la potente luz de foto-v\u00eddeo Sea Dragon 2500 que realza el color. La carcasa SportDiver Ultra permite a los buceadores hacer fotos y v\u00eddeos con sus smartphones hasta una profundidad de 40 metros. La carcasa SportDiver Ultra puede alojar la mayor\u00eda de modelos Android, incluidos todos los modelos Samsung S Series Ultra de mayor tama\u00f1o y la gama Pixel de Google, as\u00ed como la mayor\u00eda de Iphones. Consulta nuestra gu\u00eda de compatibilidad y ajuste del SportDiver: <a href=\"https:\/\/www.sealife-cameras.com\/sportdiver-compatibility\/\">https:\/\/www.sealife-cameras.com\/sportdiver-compatibility\/<\/a> para ver si tu tel\u00e9fono cabe en ella. La aplicaci\u00f3n gratuita SportDiver est\u00e1 disponible en App Store o Play Store y funciona con el sistema operativo de la generaci\u00f3n actual y la anterior.<\/p>\n<p>La robusta carcasa est\u00e1 fabricada en policarbonato, acero inoxidable, aluminio y cristal \u00f3ptico. La carcasa SportDiver Ultra es \"resistente\", pero no pesada. Con un peso de 808 gramos, es ligera para viajar y ofrece una flotabilidad casi neutra en el agua, dependiendo del modelo de smartphone que se utilice. La Sea Dragon 2500 a\u00f1ade 623 gramos, con bater\u00eda, empu\u00f1adura y bandeja. Se puede acoplar o retirar f\u00e1cilmente en funci\u00f3n de las necesidades de iluminaci\u00f3n.<\/p>\n<p>F\u00e1cil de sujetar y utilizar, la SportDiver Ultra ofrece una gran palanca de obturador y botones de control traseros para un manejo sencillo, incluso con guantes de buceo. Los buceadores y submarinistas pueden ser m\u00e1s creativos con sus fotos o grabaciones de v\u00eddeo utilizando los ajustes avanzados de la c\u00e1mara*. Ajusta el zoom, la exposici\u00f3n (EV), el enfoque autom\u00e1tico\/manual, el balance de blancos, el tono, la selecci\u00f3n de objetivo, el modo RAW+JPEG y la estabilizaci\u00f3n de v\u00eddeo (en los modelos de tel\u00e9fono disponibles)*.<\/p>\n<p>Luz brillante para colores deslumbrantes<br \/>\nEl Sea Dragon 2500 utiliza tecnolog\u00eda LED COB de pantalla plana para imitar con precisi\u00f3n la luz solar natural, consiguiendo colores impresionantes en fotos y v\u00eddeos submarinos. Con un \u00edndice de reproducci\u00f3n crom\u00e1tica de 90, la Sea Dragon 2500 resuelve el problema de los colores apagados en fotos y v\u00eddeos submarinos.<\/p>\n<p>La carcasa SportDiver Ultra incluye la aplicaci\u00f3n gratuita SportDiver; a diferencia de otras aplicaciones de carcasa para smartphone, no hay molestas compras dentro de la aplicaci\u00f3n ni anuncios. Puedes cambiar f\u00e1cilmente entre los modos de foto y v\u00eddeo. La aplicaci\u00f3n SportDiver hace uso de la tecnolog\u00eda de la c\u00e1mara de tu tel\u00e9fono que es espec\u00edfica para cada modelo de tel\u00e9fono*. La aplicaci\u00f3n es compatible con las versiones actuales y anteriores del sistema operativo, la aplicaci\u00f3n se actualiza de acuerdo a las nuevas versiones del sistema operativo.<\/p>\n<p>El modo de reproducci\u00f3n de la aplicaci\u00f3n muestra las fotos y los v\u00eddeos a tama\u00f1o completo con una tira vertical de miniaturas, lo que facilita la b\u00fasqueda de las im\u00e1genes. Los v\u00eddeos se reproducen autom\u00e1ticamente cuando se seleccionan. Todos los archivos se guardan tambi\u00e9n en el carrete de pel\u00edculas del tel\u00e9fono. La carcasa SportDiver Ultra se conecta autom\u00e1ticamente a tu smartphone y a la aplicaci\u00f3n SportDiver a trav\u00e9s de la tecnolog\u00eda inal\u00e1mbrica Bluetooth\u00ae Low Energy (LE) 5. No hay cables ni botones que toquen el tel\u00e9fono y el consumo de energ\u00eda es extremadamente bajo tanto para el tel\u00e9fono como para la carcasa, que funciona con dos pilas AAA que duran m\u00e1s de 50 horas de uso continuo.<\/p>\n<p>Para obtener mejores resultados de imagen, el SportDiver Ultra incluye un filtro de correcci\u00f3n del color subacu\u00e1tico extra\u00edble, que restaura los colores naturales bajo el agua. El filtro rojo se puede poner o quitar f\u00e1cilmente bajo el agua y cuenta con un cord\u00f3n de seguridad para evitar que se pierda.<\/p>\n<p>La carcasa SportDiver Ultra cuenta con siete soportes para tr\u00edpode de 1\/4-20 que se pueden montar en cualquier l\u00e1mpara con rosca est\u00e1ndar para tr\u00edpode, como la gama de l\u00e1mparas subacu\u00e1ticas Sea Dragon para foto\/v\u00eddeo de SeaLife.<\/p>\n<p>Para la seguridad y protecci\u00f3n del tel\u00e9fono, el SportDiver Ultra tiene un resorte resistente y leng\u00fcetas de agarre de goma que mantienen el tel\u00e9fono inteligente firmemente en su lugar y proporcionan protecci\u00f3n contra golpes. El SportDiver Ultra tiene \"Alarmas de fuga duales\", incluyendo una alarma de humedad interna y una alarma de presi\u00f3n de vac\u00edo que alerta al buceador con alertas en pantalla, se\u00f1ales de audio y LED en el improbable caso de que el sello a prueba de agua se vea comprometido y haya p\u00e9rdida de presi\u00f3n en la caja o se detecte humedad. La puerta del SportDiver Ultra est\u00e1 sellada con una junta t\u00f3rica de TPE y un robusto cierre de leva que bloquea la puerta estanca de forma f\u00e1cil y segura. Para evitar el empa\u00f1amiento interior debido a la humedad residual, el SportDiver Ultra utiliza la c\u00e1psula antiempa\u00f1amiento \"Moisture Muncher\" que evita el empa\u00f1amiento y la condensaci\u00f3n interna.<\/p>\n<p>*Importante: Algunos ajustes pueden no estar disponibles dependiendo de la marca\/modelo del tel\u00e9fono. Dependiendo de los ajustes en conflicto, los ajustes pueden estar bloqueados o inaccesibles. Por ejemplo, el ajuste Retrato (desenfoque de fondo) s\u00f3lo est\u00e1 disponible en iPhones con varias lentes. Es posible que el ajuste Selecci\u00f3n de lente no incluya todas las lentes de tel\u00e9fono disponibles; la lente Teleobjetivo no est\u00e1 disponible para tel\u00e9fonos Android. Comprueba las actualizaciones de la aplicaci\u00f3n SportDiver en App Store y Play Store.<\/p>","protected":false},"excerpt":{"rendered":"<p>SportDiver Ultra 2500 Set Product Nr. SL406 De SeaLife SportDiver Ultra Pro 2500 Set is een compacte en lichtgewicht onderwaterbehuizing voor smartphones [&hellip;]<\/p>\n","protected":false},"featured_media":2780,"comment_status":"open","ping_status":"closed","template":"","meta":{"_acf_changed":false},"product_brand":[],"product_cat":[387],"product_tag":[152,146,168,252,377,378,439,379,454,459,461,460,237,380],"class_list":{"0":"post-2597","1":"product","2":"type-product","3":"status-publish","4":"has-post-thumbnail","6":"product_cat-cameras-en-behuizing","7":"product_tag-camera","8":"product_tag-fotografie","9":"product_tag-onderwater","10":"product_tag-onderwaterwereld","11":"product_tag-photography","12":"product_tag-sea-dragon","13":"product_tag-sea-dragon-lampen","14":"product_tag-sealife","15":"product_tag-sportdiver","16":"product_tag-sportdiver-ultra","17":"product_tag-sportdiver-ultra-2500-set","18":"product_tag-ultra","19":"product_tag-underwater","20":"product_tag-universal","21":"product_shipping_class-pakket","23":"first","24":"instock","25":"shipping-taxable","26":"product-type-simple"},"acf":[],"_links":{"self":[{"href":"https:\/\/sealife-cameras.eu\/es\/wp-json\/wp\/v2\/product\/2597","targetHints":{"allow":["GET"]}}],"collection":[{"href":"https:\/\/sealife-cameras.eu\/es\/wp-json\/wp\/v2\/product"}],"about":[{"href":"https:\/\/sealife-cameras.eu\/es\/wp-json\/wp\/v2\/types\/product"}],"replies":[{"embeddable":true,"href":"https:\/\/sealife-cameras.eu\/es\/wp-json\/wp\/v2\/comments?post=2597"}],"wp:featuredmedia":[{"embeddable":true,"href":"https:\/\/sealife-cameras.eu\/es\/wp-json\/wp\/v2\/media\/2780"}],"wp:attachment":[{"href":"https:\/\/sealife-cameras.eu\/es\/wp-json\/wp\/v2\/media?parent=2597"}],"wp:term":[{"taxonomy":"product_brand","embeddable":true,"href":"https:\/\/sealife-cameras.eu\/es\/wp-json\/wp\/v2\/product_brand?post=2597"},{"taxonomy":"product_cat","embeddable":true,"href":"https:\/\/sealife-cameras.eu\/es\/wp-json\/wp\/v2\/product_cat?post=2597"},{"taxonomy":"product_tag","embeddable":true,"href":"https:\/\/sealife-cameras.eu\/es\/wp-json\/wp\/v2\/product_tag?post=2597"}],"curies":[{"name":"wp","href":"https:\/\/api.w.org\/{rel}","templated":true}]}}