{"id":2790,"date":"2024-06-28T11:55:02","date_gmt":"2024-06-28T09:55:02","guid":{"rendered":"https:\/\/sealife-cameras.eu\/?post_type=product&#038;p=2790"},"modified":"2024-08-20T12:42:41","modified_gmt":"2024-08-20T10:42:41","slug":"sea-dragon-5000-color-boost","status":"publish","type":"product","link":"https:\/\/sealife-cameras.eu\/es\/producto\/sea-dragon-5000-color-boost\/","title":{"rendered":"Sea Dragon 5000+ Color Boost"},"content":{"rendered":"<p>Sea Dragon 5000+ Color Boost<br \/>\nC\u00f3digo SL680<\/p>\n<p>La luz de foto-v\u00eddeo SL680 Sea Dragon 5000+ es una potente luz de imagen subacu\u00e1tica que ofrece m\u00e1s de 5000 l\u00famenes en un haz de luz uniforme de 120\u00b0 de ancho.<br \/>\nLa luz ofrece un CRI (\u00edndice de reproducci\u00f3n crom\u00e1tica) de 90 con una matriz patentada de LED COB que imita la luz solar natural.<\/p>\n<p>El Sea Dragon 5000+ incorpora el modo Color Boost\u2122 de SeaLife, la luz de foto-v\u00eddeo combina frecuencias de luz roja y blanca para producir un efecto de calentamiento bajo el agua que aumenta el brillo y a\u00f1ade color a las fotos y v\u00eddeos submarinos. La Sea Dragon 5000+ ha sido probada a profundidades de hasta 100 metros. La nueva luz tambi\u00e9n dispone de un modo de 6000 l\u00famenes, con o sin Color Boost, durante un periodo de dos minutos, tras el cual la luz vuelve al modo de 5000 l\u00famenes para ahorrar energ\u00eda.<\/p>\n<p>Cambia al modo F\u00e1cil con s\u00f3lo pulsar un bot\u00f3n:<br \/>\n5000 (Lumen) Flood &gt; 5000 Colour Boost Flood &gt; 3000 Flood &gt; 1500 Flood &gt; LEDS rojos &gt; Repetici\u00f3n<\/p>\n<p>Manteniendo pulsado el bot\u00f3n durante 8 segundos se pasa al Modo Avanzado:<br \/>\n5000 (Lumen) Inundaci\u00f3n &gt; 5000 Aumento de color &gt; 6000 Inundaci\u00f3n &gt; 6000 Aumento de color &gt; 3000 Inundaci\u00f3n &gt; 3000 Aumento de color &gt; 1500 Inundaci\u00f3n &gt; LED rojos &gt; Repetici\u00f3n<\/p>","protected":false},"excerpt":{"rendered":"<p>Sea Dragon 5000+ Color Boost Product nr. SL680 De Sea Dragon 5000+ foto-videolamp SL680\u00a0is een krachtige onderwaterbeeldlamp die meer dan 5000 lumen [&hellip;]<\/p>\n","protected":false},"featured_media":2791,"comment_status":"open","ping_status":"closed","template":"","meta":{"_acf_changed":false},"product_brand":[],"product_cat":[142],"product_tag":[392,462,282,146,168,252,377,378,439,379,237,380],"class_list":{"0":"post-2790","1":"product","2":"type-product","3":"status-publish","4":"has-post-thumbnail","6":"product_cat-foto-en-videolampen","7":"product_tag-392","8":"product_tag-color-boost","9":"product_tag-diving","10":"product_tag-fotografie","11":"product_tag-onderwater","12":"product_tag-onderwaterwereld","13":"product_tag-photography","14":"product_tag-sea-dragon","15":"product_tag-sea-dragon-lampen","16":"product_tag-sealife","17":"product_tag-underwater","18":"product_tag-universal","19":"product_shipping_class-pakket","21":"first","22":"instock","23":"shipping-taxable","24":"product-type-simple"},"acf":[],"_links":{"self":[{"href":"https:\/\/sealife-cameras.eu\/es\/wp-json\/wp\/v2\/product\/2790","targetHints":{"allow":["GET"]}}],"collection":[{"href":"https:\/\/sealife-cameras.eu\/es\/wp-json\/wp\/v2\/product"}],"about":[{"href":"https:\/\/sealife-cameras.eu\/es\/wp-json\/wp\/v2\/types\/product"}],"replies":[{"embeddable":true,"href":"https:\/\/sealife-cameras.eu\/es\/wp-json\/wp\/v2\/comments?post=2790"}],"wp:featuredmedia":[{"embeddable":true,"href":"https:\/\/sealife-cameras.eu\/es\/wp-json\/wp\/v2\/media\/2791"}],"wp:attachment":[{"href":"https:\/\/sealife-cameras.eu\/es\/wp-json\/wp\/v2\/media?parent=2790"}],"wp:term":[{"taxonomy":"product_brand","embeddable":true,"href":"https:\/\/sealife-cameras.eu\/es\/wp-json\/wp\/v2\/product_brand?post=2790"},{"taxonomy":"product_cat","embeddable":true,"href":"https:\/\/sealife-cameras.eu\/es\/wp-json\/wp\/v2\/product_cat?post=2790"},{"taxonomy":"product_tag","embeddable":true,"href":"https:\/\/sealife-cameras.eu\/es\/wp-json\/wp\/v2\/product_tag?post=2790"}],"curies":[{"name":"wp","href":"https:\/\/api.w.org\/{rel}","templated":true}]}}