{"id":3292,"date":"2025-04-02T13:54:35","date_gmt":"2025-04-02T11:54:35","guid":{"rendered":"https:\/\/sealife-cameras.eu\/?post_type=product&#038;p=3292"},"modified":"2025-08-07T12:36:16","modified_gmt":"2025-08-07T10:36:16","slug":"micro-3-0-met-bijna-gratis-sea-dragon-2300-lamp","status":"publish","type":"product","link":"https:\/\/sealife-cameras.eu\/es\/producto\/micro-3-0-met-bijna-gratis-sea-dragon-2300-lamp\/","title":{"rendered":"Micro 3.0 con l\u00e1mpara Sea Dragon 2300 (casi) gratis"},"content":{"rendered":"<p><em>Micro 3.0 con l\u00e1mpara Sea Dragon 2300 (casi) gratis<\/em><br \/>\n<em>C\u00f3digo SL556<\/em><\/p>\n<p>Durante un tiempo limitado, SeaLife ofrece el set de regalo Micro 3.0 Camera &amp; Light Limited Edition, que incluye la nueva l\u00e1mpara Sea Dragon 2300F Photo Video Light. La nueva l\u00e1mpara tiene una excepcional reproducci\u00f3n crom\u00e1tica de 80 (CRI) y una temperatura de color de 5000K (Kelvin), con un largo tiempo de funcionamiento de 80 minutos a plena potencia. La c\u00e1mara y la l\u00e1mpara vienen premontadas y se pueden utilizar casi inmediatamente despu\u00e9s de cargarlas.<\/p>\n<p>La c\u00e1mara subacu\u00e1tica Micro 3.0, la \u00faltima y tercera generaci\u00f3n de la popular serie de c\u00e1maras Micro con sellado permanente. La c\u00e1mara est\u00e1 completamente sellada a prueba de agua. Sin v\u00e1lvulas, tapas ni juntas con juntas t\u00f3ricas que engrasar o mantener, por lo que no hay que preocuparse en absoluto por posibles da\u00f1os causados por el agua o la inundaci\u00f3n de la c\u00e1mara. Al igual que sus predecesoras, la Micro 3.0 tiene un dise\u00f1o ergon\u00f3mico, s\u00f3lido y compacto, con controles y men\u00fas f\u00e1ciles de usar.<\/p>\n<p>El kit de iluminaci\u00f3n Sea Dragon 2300F ofrece una temperatura de color y una reproducci\u00f3n del color bajo el agua muy favorables. Dise\u00f1ado para c\u00e1maras de acci\u00f3n, smartphones y c\u00e1maras digitales compactas que necesitan una buena fuente de luz para producir fotos y v\u00eddeos coloridos bajo el agua. Especialmente \u00fatil para c\u00e1maras de acci\u00f3n, el Sea Dragon 2300F incluye la empu\u00f1adura Flex-Connect, la microbandeja y un soporte para c\u00e1maras de acci\u00f3n. La l\u00e1mpara tiene un impresionante CRI (\u00cdndice de Reproducci\u00f3n Crom\u00e1tica) de 80 con una temperatura de color de 5000K, lo que la hace ideal para fotograf\u00eda y v\u00eddeo submarinos. Su larga autonom\u00eda de 80 minutos a plena potencia le permite realizar varias inmersiones sin recargar la bater\u00eda.<\/p>","protected":false},"excerpt":{"rendered":"<p>Micro 3.0 met (bijna) gratis Sea Dragon 2300 lamp Product nr. SL556 Voor een beperkte tijd biedt SeaLife de Micro 3.0 Camera [&hellip;]<\/p>\n","protected":false},"featured_media":3485,"comment_status":"open","ping_status":"closed","template":"","meta":{"_acf_changed":false},"product_brand":[],"product_cat":[387],"product_tag":[],"class_list":{"0":"post-3292","1":"product","2":"type-product","3":"status-publish","4":"has-post-thumbnail","6":"product_cat-cameras-en-behuizing","8":"first","9":"instock","10":"featured","11":"shipping-taxable","12":"product-type-simple"},"acf":[],"_links":{"self":[{"href":"https:\/\/sealife-cameras.eu\/es\/wp-json\/wp\/v2\/product\/3292","targetHints":{"allow":["GET"]}}],"collection":[{"href":"https:\/\/sealife-cameras.eu\/es\/wp-json\/wp\/v2\/product"}],"about":[{"href":"https:\/\/sealife-cameras.eu\/es\/wp-json\/wp\/v2\/types\/product"}],"replies":[{"embeddable":true,"href":"https:\/\/sealife-cameras.eu\/es\/wp-json\/wp\/v2\/comments?post=3292"}],"wp:featuredmedia":[{"embeddable":true,"href":"https:\/\/sealife-cameras.eu\/es\/wp-json\/wp\/v2\/media\/3485"}],"wp:attachment":[{"href":"https:\/\/sealife-cameras.eu\/es\/wp-json\/wp\/v2\/media?parent=3292"}],"wp:term":[{"taxonomy":"product_brand","embeddable":true,"href":"https:\/\/sealife-cameras.eu\/es\/wp-json\/wp\/v2\/product_brand?post=3292"},{"taxonomy":"product_cat","embeddable":true,"href":"https:\/\/sealife-cameras.eu\/es\/wp-json\/wp\/v2\/product_cat?post=3292"},{"taxonomy":"product_tag","embeddable":true,"href":"https:\/\/sealife-cameras.eu\/es\/wp-json\/wp\/v2\/product_tag?post=3292"}],"curies":[{"name":"wp","href":"https:\/\/api.w.org\/{rel}","templated":true}]}}