{"id":3410,"date":"2025-07-10T17:22:14","date_gmt":"2025-07-10T15:22:14","guid":{"rendered":"https:\/\/sealife-cameras.eu\/?post_type=product&#038;p=3410"},"modified":"2025-08-07T12:40:31","modified_gmt":"2025-08-07T10:40:31","slug":"sea-dragon-mini-1200s","status":"publish","type":"product","link":"https:\/\/sealife-cameras.eu\/es\/producto\/sea-dragon-mini-1200s\/","title":{"rendered":"Sea Dragon Mini 1200"},"content":{"rendered":"<p><em>Sea Dragon Mini 1200<br \/>\nC\u00f3digo SL657<\/em><\/p>\n<p>Lo suficientemente compacto como para caber c\u00f3modamente en la mano, el Sea Dragon Mini 1200 tambi\u00e9n tiene una bater\u00eda de larga duraci\u00f3n. Con una bater\u00eda recargable de iones de litio 18650 de 3500 mAh, funciona hasta 6 horas a un cuarto de potencia, o 1,5 horas a plena potencia. El compartimento de la bater\u00eda tambi\u00e9n est\u00e1 equipado con una v\u00e1lvula de seguridad integrada para aliviar la presi\u00f3n. Con un \u00e1ngulo de haz de 8\u00b0 (6\u00b0 bajo el agua), la potente luz de 1200 l\u00famenes es perfecta para se\u00f1alar la vida marina a distancia, iluminar zonas oscuras o grietas, atraer la atenci\u00f3n de su compa\u00f1ero de inmersi\u00f3n o navegar durante una inmersi\u00f3n nocturna.<\/p>\n<p>Caracter\u00edsticas:<\/p>\n<p data-start=\"73\" data-end=\"122\"><strong data-start=\"73\" data-end=\"122\">1200 l\u00famenes con el \u00faltimo LED Luminus SFT-40<\/strong><\/p>\n<p data-start=\"124\" data-end=\"224\">Incluye correa para la mu\u00f1eca con clip para chaleco, bater\u00eda recargable de iones de litio 18650 de 2600 mAh y cargador de bater\u00eda USB 18650<\/p>\n<p data-start=\"226\" data-end=\"342\"><strong data-start=\"226\" data-end=\"242\">Haz de luz:<\/strong> Haz ultrafino de 8\u00b0 (6\u00b0 bajo el agua) para visibilidad de largo alcance y localizaci\u00f3n de la vida marina<\/p>\n<p data-start=\"344\" data-end=\"368\"><strong data-start=\"344\" data-end=\"366\">Cinco modos de iluminaci\u00f3n:<\/strong><\/p>\n<ul data-start=\"369\" data-end=\"559\">\n<li data-start=\"369\" data-end=\"397\">\n<p data-start=\"371\" data-end=\"397\">Potencia m\u00e1xima: 1200 l\u00famenes<\/p>\n<\/li>\n<li data-start=\"398\" data-end=\"426\">\n<p data-start=\"400\" data-end=\"426\">Media potencia: 600 l\u00famenes<\/p>\n<\/li>\n<li data-start=\"427\" data-end=\"456\">\n<p data-start=\"429\" data-end=\"456\">Cuarto de potencia: 300 l\u00famenes<\/p>\n<\/li>\n<li data-start=\"457\" data-end=\"512\">\n<p data-start=\"459\" data-end=\"512\">Modo intermitente (una vez por segundo a plena potencia)<\/p>\n<\/li>\n<li data-start=\"513\" data-end=\"559\">\n<p data-start=\"515\" data-end=\"559\">SOS (se\u00f1al de emergencia intermitente a plena potencia)<\/p>\n<\/li>\n<\/ul>\n<p data-start=\"561\" data-end=\"609\"><strong data-start=\"561\" data-end=\"609\">Probado hasta una profundidad de 100 metros (330 pies)<\/strong><\/p>\n<p data-start=\"611\" data-end=\"665\"><strong data-start=\"611\" data-end=\"624\">Bater\u00eda:<\/strong> una (1) bater\u00eda recargable 18650 Li-ion<\/p>\n<p data-start=\"667\" data-end=\"708\"><strong data-start=\"667\" data-end=\"706\">Indicador de color del estado de la bater\u00eda:<\/strong><\/p>\n<ul data-start=\"709\" data-end=\"765\">\n<li data-start=\"709\" data-end=\"724\">\n<p data-start=\"711\" data-end=\"724\">Verde = lleno<\/p>\n<\/li>\n<li data-start=\"725\" data-end=\"745\">\n<p data-start=\"727\" data-end=\"745\">Amarillo = medio<\/p>\n<\/li>\n<li data-start=\"746\" data-end=\"765\">\n<p data-start=\"748\" data-end=\"765\">Rojo = casi vac\u00edo<\/p>\n<\/li>\n<\/ul>\n<p data-start=\"767\" data-end=\"862\"><strong data-start=\"767\" data-end=\"789\">V\u00e1lvula de seguridad<\/strong> para aliviar la presi\u00f3n en caso de acumulaci\u00f3n de presi\u00f3n interna debido a una bater\u00eda da\u00f1ada<\/p>\n<p data-start=\"864\" data-end=\"946\">Adecuado para su uso con 2600mAh (o superior) 18650 bater\u00edas de litio recargables.<\/p>\n<ul data-start=\"947\" data-end=\"1076\">\n<li data-start=\"947\" data-end=\"1076\">\n<p data-start=\"949\" data-end=\"972\"><strong data-start=\"949\" data-end=\"970\">Bater\u00eda de 2600mAh:<\/strong><\/p>\n<ul data-start=\"975\" data-end=\"1076\">\n<li data-start=\"975\" data-end=\"1015\">\n<p data-start=\"977\" data-end=\"1015\">66 minutos de autonom\u00eda a plena potencia<\/p>\n<\/li>\n<li data-start=\"1018\" data-end=\"1046\">\n<p data-start=\"1020\" data-end=\"1046\">2,2 horas a media potencia<\/p>\n<\/li>\n<li data-start=\"1049\" data-end=\"1076\">\n<p data-start=\"1051\" data-end=\"1076\">4,4 horas con un cuarto de energ\u00eda<\/p>\n<\/li>\n<\/ul>\n<\/li>\n<\/ul>\n<p data-start=\"1078\" data-end=\"1103\">Disponible opcionalmente:<\/p>\n<ul data-start=\"1104\" data-end=\"1278\">\n<li data-start=\"1104\" data-end=\"1191\">\n<p data-start=\"1106\" data-end=\"1191\"><strong data-start=\"1106\" data-end=\"1144\">Bater\u00eda Li-ion 18650 3,6 V 3500 mAh<\/strong> con hasta 90 minutos de autonom\u00eda a plena potencia<\/p>\n<\/li>\n<li data-start=\"1192\" data-end=\"1278\">\n<p data-start=\"1194\" data-end=\"1278\"><strong data-start=\"1194\" data-end=\"1232\">Bater\u00eda de iones de litio 18650 de 3,6 V y 4000 mAh<\/strong> con hasta 108 minutos de autonom\u00eda a plena potencia<\/p>\n<\/li>\n<\/ul>","protected":false},"excerpt":{"rendered":"<p><em>Sea Dragon Mini 1200S<br \/>\nC\u00f3digo SL657<\/em><\/p>\n<p>Lo suficientemente compacto como para caber c\u00f3modamente en la mano, el Sea Dragon Mini 1200 tambi\u00e9n tiene una bater\u00eda de larga duraci\u00f3n. Con una bater\u00eda recargable de iones de litio 18650 de 3500 mAh, funciona hasta 6 horas a un cuarto de potencia, o 1,5 horas a plena potencia. El compartimento de la bater\u00eda tambi\u00e9n est\u00e1 equipado con una v\u00e1lvula de seguridad integrada para aliviar la presi\u00f3n. Con un \u00e1ngulo de haz de 8\u00b0 (6\u00b0 bajo el agua), la potente luz de 1200 l\u00famenes es perfecta para se\u00f1alar la vida marina a distancia, iluminar zonas oscuras o grietas, atraer la atenci\u00f3n de su compa\u00f1ero de inmersi\u00f3n o navegar durante una inmersi\u00f3n nocturna.<\/p>\n<p>Caracter\u00edsticas:<\/p>\n<p data-start=\"73\" data-end=\"122\"><strong data-start=\"73\" data-end=\"122\">1200 l\u00famenes con el \u00faltimo LED Luminus SFT-40<\/strong><\/p>\n<p data-start=\"124\" data-end=\"224\">Incluye correa para la mu\u00f1eca con clip para chaleco, bater\u00eda recargable de iones de litio 18650 de 2600 mAh y cargador de bater\u00eda USB 18650<\/p>\n<p data-start=\"226\" data-end=\"342\"><strong data-start=\"226\" data-end=\"242\">Haz de luz:<\/strong> Haz ultrafino de 8\u00b0 (6\u00b0 bajo el agua) para visibilidad de largo alcance y localizaci\u00f3n de la vida marina<\/p>\n<p data-start=\"344\" data-end=\"368\"><strong data-start=\"344\" data-end=\"366\">Cinco modos de iluminaci\u00f3n:<\/strong><\/p>\n<ul data-start=\"369\" data-end=\"559\">\n<li data-start=\"369\" data-end=\"397\">\n<p data-start=\"371\" data-end=\"397\">Potencia m\u00e1xima: 1200 l\u00famenes<\/p>\n<\/li>\n<li data-start=\"398\" data-end=\"426\">\n<p data-start=\"400\" data-end=\"426\">Media potencia: 600 l\u00famenes<\/p>\n<\/li>\n<li data-start=\"427\" data-end=\"456\">\n<p data-start=\"429\" data-end=\"456\">Cuarto de potencia: 300 l\u00famenes<\/p>\n<\/li>\n<li data-start=\"457\" data-end=\"512\">\n<p data-start=\"459\" data-end=\"512\">Modo intermitente (una vez por segundo a plena potencia)<\/p>\n<\/li>\n<li data-start=\"513\" data-end=\"559\">\n<p data-start=\"515\" data-end=\"559\">SOS (se\u00f1al de emergencia intermitente a plena potencia)<\/p>\n<\/li>\n<\/ul>\n<p data-start=\"561\" data-end=\"609\"><strong data-start=\"561\" data-end=\"609\">Probado hasta una profundidad de 100 metros (330 pies)<\/strong><\/p>\n<p data-start=\"611\" data-end=\"665\"><strong data-start=\"611\" data-end=\"624\">Bater\u00eda:<\/strong> una (1) bater\u00eda recargable 18650 Li-ion<\/p>\n<p data-start=\"667\" data-end=\"708\"><strong data-start=\"667\" data-end=\"706\">Indicador de color del estado de la bater\u00eda:<\/strong><\/p>\n<ul data-start=\"709\" data-end=\"765\">\n<li data-start=\"709\" data-end=\"724\">\n<p data-start=\"711\" data-end=\"724\">Verde = lleno<\/p>\n<\/li>\n<li data-start=\"725\" data-end=\"745\">\n<p data-start=\"727\" data-end=\"745\">Amarillo = medio<\/p>\n<\/li>\n<li data-start=\"746\" data-end=\"765\">\n<p data-start=\"748\" data-end=\"765\">Rojo = casi vac\u00edo<\/p>\n<\/li>\n<\/ul>\n<p data-start=\"767\" data-end=\"862\"><strong data-start=\"767\" data-end=\"789\">V\u00e1lvula de seguridad<\/strong> para aliviar la presi\u00f3n en caso de acumulaci\u00f3n de presi\u00f3n interna debido a una bater\u00eda da\u00f1ada<\/p>\n<p data-start=\"864\" data-end=\"946\">Adecuado para su uso con 2600mAh (o superior) 18650 bater\u00edas de litio recargables.<\/p>\n<ul data-start=\"947\" data-end=\"1076\">\n<li data-start=\"947\" data-end=\"1076\">\n<p data-start=\"949\" data-end=\"972\"><strong data-start=\"949\" data-end=\"970\">Bater\u00eda de 2600mAh:<\/strong><\/p>\n<ul data-start=\"975\" data-end=\"1076\">\n<li data-start=\"975\" data-end=\"1015\">\n<p data-start=\"977\" data-end=\"1015\">66 minutos de autonom\u00eda a plena potencia<\/p>\n<\/li>\n<li data-start=\"1018\" data-end=\"1046\">\n<p data-start=\"1020\" data-end=\"1046\">2,2 horas a media potencia<\/p>\n<\/li>\n<li data-start=\"1049\" data-end=\"1076\">\n<p data-start=\"1051\" data-end=\"1076\">4,4 horas con un cuarto de energ\u00eda<\/p>\n<\/li>\n<\/ul>\n<\/li>\n<\/ul>\n<p data-start=\"1078\" data-end=\"1103\">Disponible opcionalmente:<\/p>\n<ul data-start=\"1104\" data-end=\"1278\">\n<li data-start=\"1104\" data-end=\"1191\">\n<p data-start=\"1106\" data-end=\"1191\"><strong data-start=\"1106\" data-end=\"1144\">Bater\u00eda Li-ion 18650 3,6 V 3500 mAh<\/strong> con hasta 90 minutos de autonom\u00eda a plena potencia<\/p>\n<\/li>\n<li data-start=\"1192\" data-end=\"1278\">\n<p data-start=\"1194\" data-end=\"1278\"><strong data-start=\"1194\" data-end=\"1232\">Bater\u00eda de iones de litio 18650 de 3,6 V y 4000 mAh<\/strong> con hasta 108 minutos de autonom\u00eda a plena potencia<\/p>\n<\/li>\n<\/ul>\n<p>&nbsp;<\/p>","protected":false},"featured_media":3479,"comment_status":"open","ping_status":"closed","template":"","meta":{"_acf_changed":false},"product_brand":[],"product_cat":[44],"product_tag":[213,168,252,377,378,439,379,237],"class_list":{"0":"post-3410","1":"product","2":"type-product","3":"status-publish","4":"has-post-thumbnail","6":"product_cat-duiklampen","7":"product_tag-light","8":"product_tag-onderwater","9":"product_tag-onderwaterwereld","10":"product_tag-photography","11":"product_tag-sea-dragon","12":"product_tag-sea-dragon-lampen","13":"product_tag-sealife","14":"product_tag-underwater","16":"first","17":"instock","18":"shipping-taxable","19":"product-type-simple"},"acf":[],"_links":{"self":[{"href":"https:\/\/sealife-cameras.eu\/es\/wp-json\/wp\/v2\/product\/3410","targetHints":{"allow":["GET"]}}],"collection":[{"href":"https:\/\/sealife-cameras.eu\/es\/wp-json\/wp\/v2\/product"}],"about":[{"href":"https:\/\/sealife-cameras.eu\/es\/wp-json\/wp\/v2\/types\/product"}],"replies":[{"embeddable":true,"href":"https:\/\/sealife-cameras.eu\/es\/wp-json\/wp\/v2\/comments?post=3410"}],"wp:featuredmedia":[{"embeddable":true,"href":"https:\/\/sealife-cameras.eu\/es\/wp-json\/wp\/v2\/media\/3479"}],"wp:attachment":[{"href":"https:\/\/sealife-cameras.eu\/es\/wp-json\/wp\/v2\/media?parent=3410"}],"wp:term":[{"taxonomy":"product_brand","embeddable":true,"href":"https:\/\/sealife-cameras.eu\/es\/wp-json\/wp\/v2\/product_brand?post=3410"},{"taxonomy":"product_cat","embeddable":true,"href":"https:\/\/sealife-cameras.eu\/es\/wp-json\/wp\/v2\/product_cat?post=3410"},{"taxonomy":"product_tag","embeddable":true,"href":"https:\/\/sealife-cameras.eu\/es\/wp-json\/wp\/v2\/product_tag?post=3410"}],"curies":[{"name":"wp","href":"https:\/\/api.w.org\/{rel}","templated":true}]}}