{"id":21,"date":"2024-01-18T19:56:45","date_gmt":"2024-01-18T19:56:45","guid":{"rendered":"https:\/\/eager-benz.45-82-188-209.plesk.page\/?page_id=21"},"modified":"2024-05-07T12:18:02","modified_gmt":"2024-05-07T10:18:02","slug":"garantie","status":"publish","type":"page","link":"https:\/\/sealife-cameras.eu\/fi\/garantie\/","title":{"rendered":"Takuu"},"content":{"rendered":"<div data-elementor-type=\"wp-page\" data-elementor-id=\"21\" class=\"elementor elementor-21\" data-elementor-post-type=\"page\">\n\t\t\t\t\t\t<section class=\"has_ae_slider elementor-section elementor-top-section elementor-element elementor-element-4a8e963 elementor-section-boxed elementor-section-height-default elementor-section-height-default ae-bg-gallery-type-default\" data-id=\"4a8e963\" data-element_type=\"section\" data-e-type=\"section\" data-settings=\"{&quot;background_background&quot;:&quot;classic&quot;}\">\n\t\t\t\t\t\t<div class=\"elementor-container elementor-column-gap-default\">\n\t\t\t\t\t<div class=\"has_ae_slider elementor-column elementor-col-100 elementor-top-column elementor-element elementor-element-9e749f1 ae-bg-gallery-type-default\" data-id=\"9e749f1\" data-element_type=\"column\" data-e-type=\"column\" data-settings=\"{&quot;background_background&quot;:&quot;classic&quot;}\">\n\t\t\t<div class=\"elementor-widget-wrap elementor-element-populated\">\n\t\t\t\t\t\t<div class=\"elementor-element elementor-element-ac78edf elementor-widget elementor-widget-heading\" data-id=\"ac78edf\" data-element_type=\"widget\" data-e-type=\"widget\" data-widget_type=\"heading.default\">\n\t\t\t\t<div class=\"elementor-widget-container\">\n\t\t\t\t\t<h2 class=\"elementor-heading-title elementor-size-default\">Takuu<\/h2>\t\t\t\t<\/div>\n\t\t\t\t<\/div>\n\t\t\t\t<div class=\"elementor-element elementor-element-60f294c elementor-widget elementor-widget-text-editor\" data-id=\"60f294c\" data-element_type=\"widget\" data-e-type=\"widget\" data-widget_type=\"text-editor.default\">\n\t\t\t\t<div class=\"elementor-widget-container\">\n\t\t\t\t\t\t\t\t\t<p>Poikkeustapauksessa, jos takuuvaatimus on teht\u00e4v\u00e4, se pyrit\u00e4\u00e4n hoitamaan mahdollisimman pian.<br \/>Kyseinen tuote on palautettava yhdess\u00e4 ostotodistuksen (k\u00e4sinkirjoitettuja kuitteja ei hyv\u00e4ksyt\u00e4) ja oranssin v\u00e4risen (t\u00e4ysin t\u00e4ytetyn) takuukortin kanssa osto-osoitteeseen. Jos ostotodistusta ja takuukorttia ei ole toimitettu, takuuta ei voida my\u00f6nt\u00e4\u00e4. Tuotetta k\u00e4sitell\u00e4\u00e4n korjauksena.<br \/>\u00c4l\u00e4 unohda liitt\u00e4\u00e4 mukaan selke\u00e4\u00e4 kuvausta viasta. T\u00e4m\u00e4 nopeuttaa k\u00e4sittely\u00e4. Myyj\u00e4 huolehtii takuun jatkok\u00e4sittelyst\u00e4.<\/p><p>Sealife-tuotteiden korjaukset voi toimittaa mihin tahansa Sealife-j\u00e4lleenmyyj\u00e4lle. Korjauksista annetaan aina etuk\u00e4teen tarjous. Korjaustapauksissa veloitetaan aina tutkimuskustannukset. N\u00e4m\u00e4 tarkastuskustannukset sis\u00e4ltyv\u00e4t korjaustarjouksen hintaan. Kun korjatut tuotteet palautetaan, niist\u00e4 veloitetaan erikseen.<\/p><p>Takuuvaatimuksia tai korjauksia ei voi esitt\u00e4\u00e4 suoraan Sealife Benelux B.V:lle.<\/p>\t\t\t\t\t\t\t\t<\/div>\n\t\t\t\t<\/div>\n\t\t\t\t\t<\/div>\n\t\t<\/div>\n\t\t\t\t\t<\/div>\n\t\t<\/section>\n\t\t\t\t<\/div>","protected":false},"excerpt":{"rendered":"<p>Garantie In het uitzonderlijke geval dat er aanspraak gemaakt moet worden op garantie zal getracht worden dit zo spoedig mogelijk te verzorgen.Het [&hellip;]<\/p>\n","protected":false},"author":1,"featured_media":0,"parent":0,"menu_order":0,"comment_status":"closed","ping_status":"closed","template":"","meta":{"_acf_changed":false,"footnotes":""},"class_list":["post-21","page","type-page","status-publish","hentry"],"acf":[],"_links":{"self":[{"href":"https:\/\/sealife-cameras.eu\/fi\/wp-json\/wp\/v2\/pages\/21","targetHints":{"allow":["GET"]}}],"collection":[{"href":"https:\/\/sealife-cameras.eu\/fi\/wp-json\/wp\/v2\/pages"}],"about":[{"href":"https:\/\/sealife-cameras.eu\/fi\/wp-json\/wp\/v2\/types\/page"}],"author":[{"embeddable":true,"href":"https:\/\/sealife-cameras.eu\/fi\/wp-json\/wp\/v2\/users\/1"}],"replies":[{"embeddable":true,"href":"https:\/\/sealife-cameras.eu\/fi\/wp-json\/wp\/v2\/comments?post=21"}],"version-history":[{"count":16,"href":"https:\/\/sealife-cameras.eu\/fi\/wp-json\/wp\/v2\/pages\/21\/revisions"}],"predecessor-version":[{"id":1692,"href":"https:\/\/sealife-cameras.eu\/fi\/wp-json\/wp\/v2\/pages\/21\/revisions\/1692"}],"wp:attachment":[{"href":"https:\/\/sealife-cameras.eu\/fi\/wp-json\/wp\/v2\/media?parent=21"}],"curies":[{"name":"wp","href":"https:\/\/api.w.org\/{rel}","templated":true}]}}