{"id":2423,"date":"2024-05-13T09:26:31","date_gmt":"2024-05-13T07:26:31","guid":{"rendered":"https:\/\/modest-cartwright.45-82-188-209.plesk.page\/?post_type=product&#038;p=2423"},"modified":"2024-08-20T12:42:48","modified_gmt":"2024-08-20T10:42:48","slug":"super-macro-lens-voor-micro-series","status":"publish","type":"product","link":"https:\/\/sealife-cameras.eu\/fi\/tuote\/super-macro-lens-voor-micro-series\/","title":{"rendered":"Supermakro-objektiivi Micro-sarjaan"},"content":{"rendered":"<p><em>Supermakro-objektiivi Micro-sarjaan<br \/>\nTuotenro SL571<\/em><\/p>\n<p>Super Macro Close Up -objektiivi tallentaa makrokuvia ja -videoita 9-18 cm:n (3,5-7 tuuman) alueelta. Siin\u00e4 on m\u00e4rk\u00e4 optinen laatuobjektiivi, jossa on 2 elementti\u00e4, heijastuksenestopinnoite ja anodisoitu alumiinirakenne, jossa on kuminen objektiivikiinnike. T\u00e4m\u00e4 objektiivi sopii Micro HD \/ HD+ \/ 2.0 -kameroihin.<\/p>\n<p>Tekniset tiedot<\/p>\n<p>SeaLife Micro -sarjan kameroille<br \/>\nOptinen lasi, jossa on 2 elementti\u00e4<br \/>\nSis\u00e4lt\u00e4\u00e4 kaksi tarkennuset\u00e4isyyskeppi\u00e4<br \/>\nIrrotettava johto mukana<br \/>\nPaina kumista linssin kiinnikett\u00e4<\/p>","protected":false},"excerpt":{"rendered":"<p>Super Macro Lens voor Micro Series Product Nr. SL571 De Super Macro Close Up Lens legt macro-afbeeldingen en video&#8217;s vast van 3,5 [&hellip;]<\/p>\n","protected":false},"featured_media":2453,"comment_status":"closed","ping_status":"closed","template":"","meta":{"_acf_changed":false},"product_brand":[],"product_cat":[171],"product_tag":[152,282,146,400,53,404,168,252,377,379,401,237],"class_list":{"0":"post-2423","1":"product","2":"type-product","3":"status-publish","4":"has-post-thumbnail","6":"product_cat-lenzen","7":"product_tag-camera","8":"product_tag-diving","9":"product_tag-fotografie","10":"product_tag-lenses","11":"product_tag-macro","12":"product_tag-micro-series","13":"product_tag-onderwater","14":"product_tag-onderwaterwereld","15":"product_tag-photography","16":"product_tag-sealife","17":"product_tag-super","18":"product_tag-underwater","19":"product_shipping_class-pakket","21":"first","22":"instock","23":"product-type-simple"},"acf":[],"_links":{"self":[{"href":"https:\/\/sealife-cameras.eu\/fi\/wp-json\/wp\/v2\/product\/2423","targetHints":{"allow":["GET"]}}],"collection":[{"href":"https:\/\/sealife-cameras.eu\/fi\/wp-json\/wp\/v2\/product"}],"about":[{"href":"https:\/\/sealife-cameras.eu\/fi\/wp-json\/wp\/v2\/types\/product"}],"replies":[{"embeddable":true,"href":"https:\/\/sealife-cameras.eu\/fi\/wp-json\/wp\/v2\/comments?post=2423"}],"wp:featuredmedia":[{"embeddable":true,"href":"https:\/\/sealife-cameras.eu\/fi\/wp-json\/wp\/v2\/media\/2453"}],"wp:attachment":[{"href":"https:\/\/sealife-cameras.eu\/fi\/wp-json\/wp\/v2\/media?parent=2423"}],"wp:term":[{"taxonomy":"product_brand","embeddable":true,"href":"https:\/\/sealife-cameras.eu\/fi\/wp-json\/wp\/v2\/product_brand?post=2423"},{"taxonomy":"product_cat","embeddable":true,"href":"https:\/\/sealife-cameras.eu\/fi\/wp-json\/wp\/v2\/product_cat?post=2423"},{"taxonomy":"product_tag","embeddable":true,"href":"https:\/\/sealife-cameras.eu\/fi\/wp-json\/wp\/v2\/product_tag?post=2423"}],"curies":[{"name":"wp","href":"https:\/\/api.w.org\/{rel}","templated":true}]}}