{"id":2430,"date":"2024-05-13T09:26:31","date_gmt":"2024-05-13T07:26:31","guid":{"rendered":"https:\/\/modest-cartwright.45-82-188-209.plesk.page\/?post_type=product&#038;p=2430"},"modified":"2024-08-20T12:42:48","modified_gmt":"2024-08-20T10:42:48","slug":"flex-arm","status":"publish","type":"product","link":"https:\/\/sealife-cameras.eu\/fi\/tuote\/flex-arm\/","title":{"rendered":"Flex Connect joustovarsi"},"content":{"rendered":"<p><em>Joustovarsi<br \/>\nTuotenro SL9901<\/em><\/p>\n<p>Laajenna vedenalaisen kamerasi valikoimaa yhdell\u00e4 \"klikkauksella\"! - Flex-varsi mahdollistaa luovan valaistuksen, helpon t\u00e4ht\u00e4yksen ja pienemm\u00e4n hajonnan sijoittamalla salaman tai valon kauemmas kamerasta. Kunkin varren taivutusliike on 100\u00b0 ja se lis\u00e4\u00e4 pituutta 7\".<\/p>","protected":false},"excerpt":{"rendered":"<p>Flex Arm Product Nr. SL9901 Breid uw onderwatercamera set uit met \u00e9\u00e9n &#8220;klik!&#8221; &#8211; De Flex-arm zorgt voor creatieve verlichting, eenvoudig richten [&hellip;]<\/p>\n","protected":false},"featured_media":2865,"comment_status":"closed","ping_status":"closed","template":"","meta":{"_acf_changed":false},"product_brand":[],"product_cat":[406],"product_tag":[152,282,409,407,146,168,252,377,379,237],"class_list":{"0":"post-2430","1":"product","2":"type-product","3":"status-publish","4":"has-post-thumbnail","6":"product_cat-flex-connect-accessoires","7":"product_tag-camera","8":"product_tag-diving","9":"product_tag-flex-arm","10":"product_tag-flex-connect","11":"product_tag-fotografie","12":"product_tag-onderwater","13":"product_tag-onderwaterwereld","14":"product_tag-photography","15":"product_tag-sealife","16":"product_tag-underwater","17":"product_shipping_class-pakket","19":"first","20":"instock","21":"product-type-simple"},"acf":[],"_links":{"self":[{"href":"https:\/\/sealife-cameras.eu\/fi\/wp-json\/wp\/v2\/product\/2430","targetHints":{"allow":["GET"]}}],"collection":[{"href":"https:\/\/sealife-cameras.eu\/fi\/wp-json\/wp\/v2\/product"}],"about":[{"href":"https:\/\/sealife-cameras.eu\/fi\/wp-json\/wp\/v2\/types\/product"}],"replies":[{"embeddable":true,"href":"https:\/\/sealife-cameras.eu\/fi\/wp-json\/wp\/v2\/comments?post=2430"}],"wp:featuredmedia":[{"embeddable":true,"href":"https:\/\/sealife-cameras.eu\/fi\/wp-json\/wp\/v2\/media\/2865"}],"wp:attachment":[{"href":"https:\/\/sealife-cameras.eu\/fi\/wp-json\/wp\/v2\/media?parent=2430"}],"wp:term":[{"taxonomy":"product_brand","embeddable":true,"href":"https:\/\/sealife-cameras.eu\/fi\/wp-json\/wp\/v2\/product_brand?post=2430"},{"taxonomy":"product_cat","embeddable":true,"href":"https:\/\/sealife-cameras.eu\/fi\/wp-json\/wp\/v2\/product_cat?post=2430"},{"taxonomy":"product_tag","embeddable":true,"href":"https:\/\/sealife-cameras.eu\/fi\/wp-json\/wp\/v2\/product_tag?post=2430"}],"curies":[{"name":"wp","href":"https:\/\/api.w.org\/{rel}","templated":true}]}}