{"id":2437,"date":"2024-05-13T09:26:32","date_gmt":"2024-05-13T07:26:32","guid":{"rendered":"https:\/\/modest-cartwright.45-82-188-209.plesk.page\/?post_type=product&#038;p=2437"},"modified":"2024-08-20T12:42:47","modified_gmt":"2024-08-20T10:42:47","slug":"8-rigid-ball-arm-kit","status":"publish","type":"product","link":"https:\/\/sealife-cameras.eu\/fi\/tuote\/8-rigid-ball-arm-kit\/","title":{"rendered":"8\u2033 j\u00e4ykk\u00e4 pallovarsisarja"},"content":{"rendered":"<p><em>8\u2033 j\u00e4ykk\u00e4 pallovarsisarja<br \/>\nTuotenro SLKIT11<\/em><\/p>\n<p>SLKIT11-kuulavarsipaketti on t\u00e4ydellinen avaimet k\u00e4teen -paketti, joka sis\u00e4lt\u00e4\u00e4 yhden SL9909-kuulavarren, kaksi SL9907-kuulakiinnikett\u00e4, yhden SL995 Flex-Connect-kuulanivelen sovittimen ja yhden SL999-kuulanivelen sovittimen Flex-Connectille. K\u00e4ytt\u00e4m\u00e4ll\u00e4 kahta pallovarsipakettia saat 24 cm:n lis\u00e4pidennyksen.<\/p>","protected":false},"excerpt":{"rendered":"<p>8&#8243; Rigid Ball Arm Kit Product Nr. SLKIT11 De SLKIT11 Ball Arm Kit is een compleet turn-key pakket dat \u00e9\u00e9n SL9909 Ball [&hellip;]<\/p>\n","protected":false},"featured_media":2853,"comment_status":"closed","ping_status":"closed","template":"","meta":{"_acf_changed":false},"product_brand":[],"product_cat":[406],"product_tag":[152,282,407,146,292,168,252,377,413,379,237],"class_list":{"0":"post-2437","1":"product","2":"type-product","3":"status-publish","4":"has-post-thumbnail","6":"product_cat-flex-connect-accessoires","7":"product_tag-camera","8":"product_tag-diving","9":"product_tag-flex-connect","10":"product_tag-fotografie","11":"product_tag-kit","12":"product_tag-onderwater","13":"product_tag-onderwaterwereld","14":"product_tag-photography","15":"product_tag-rigid-ball-arm","16":"product_tag-sealife","17":"product_tag-underwater","18":"product_shipping_class-pakket","20":"first","21":"instock","22":"product-type-simple"},"acf":[],"_links":{"self":[{"href":"https:\/\/sealife-cameras.eu\/fi\/wp-json\/wp\/v2\/product\/2437","targetHints":{"allow":["GET"]}}],"collection":[{"href":"https:\/\/sealife-cameras.eu\/fi\/wp-json\/wp\/v2\/product"}],"about":[{"href":"https:\/\/sealife-cameras.eu\/fi\/wp-json\/wp\/v2\/types\/product"}],"replies":[{"embeddable":true,"href":"https:\/\/sealife-cameras.eu\/fi\/wp-json\/wp\/v2\/comments?post=2437"}],"wp:featuredmedia":[{"embeddable":true,"href":"https:\/\/sealife-cameras.eu\/fi\/wp-json\/wp\/v2\/media\/2853"}],"wp:attachment":[{"href":"https:\/\/sealife-cameras.eu\/fi\/wp-json\/wp\/v2\/media?parent=2437"}],"wp:term":[{"taxonomy":"product_brand","embeddable":true,"href":"https:\/\/sealife-cameras.eu\/fi\/wp-json\/wp\/v2\/product_brand?post=2437"},{"taxonomy":"product_cat","embeddable":true,"href":"https:\/\/sealife-cameras.eu\/fi\/wp-json\/wp\/v2\/product_cat?post=2437"},{"taxonomy":"product_tag","embeddable":true,"href":"https:\/\/sealife-cameras.eu\/fi\/wp-json\/wp\/v2\/product_tag?post=2437"}],"curies":[{"name":"wp","href":"https:\/\/api.w.org\/{rel}","templated":true}]}}