{"id":2476,"date":"2024-05-13T09:26:55","date_gmt":"2024-05-13T07:26:55","guid":{"rendered":"https:\/\/modest-cartwright.45-82-188-209.plesk.page\/?post_type=product&#038;p=2476"},"modified":"2024-08-20T12:42:45","modified_gmt":"2024-08-20T10:42:45","slug":"screen-shield-voor-micro-hd-2-0-3-0","status":"publish","type":"product","link":"https:\/\/sealife-cameras.eu\/fi\/tuote\/screen-shield-voor-micro-hd-2-0-3-0\/","title":{"rendered":"N\u00e4yt\u00f6nsuoja Micro HD\/2.0\/3.0:lle"},"content":{"rendered":"<p><em>N\u00e4yt\u00f6nsuoja Micro HD\/2.0\/3.0:lle<br \/>\nTuotenro SL5012<\/p>\n<p>Screen Shield on vedenpit\u00e4v\u00e4 n\u00e4yt\u00f6nsuoja kompaktikameroille ja koteloille, joiden n\u00e4yt\u00f6n koko on 2,4\u2033 tai pienempi. Suojaava nanopinnoite hylkii vett\u00e4, pit\u00e4\u00e4 n\u00e4yt\u00f6n vapaana sormenj\u00e4ljist\u00e4 ja suojaa naarmuilta.<br \/>\nJokainen pakkaus sis\u00e4lt\u00e4\u00e4 kaksi n\u00e4yt\u00f6nsuojaa, p\u00f6lynpoistoteipin, puhdistusliinan ja helppotajuiset ohjeet.<\/p>","protected":false},"excerpt":{"rendered":"<p>Screen Shield voor Micro HD\/2.0\/3.0 Product Nr. SL5012 De Screen Shield is een waterdichte screenprotector voor compact camera&#8217;s en behuizingen met een [&hellip;]<\/p>\n","protected":false},"featured_media":2509,"comment_status":"closed","ping_status":"closed","template":"","meta":{"_acf_changed":false},"product_brand":[],"product_cat":[419,418],"product_tag":[251,152,282,146,168,252,377,424,425,379,237],"class_list":{"0":"post-2476","1":"product","2":"type-product","3":"status-publish","4":"has-post-thumbnail","6":"product_cat-accessoires","7":"product_cat-camera-accessoires","8":"product_tag-accessoires","9":"product_tag-camera","10":"product_tag-diving","11":"product_tag-fotografie","12":"product_tag-onderwater","13":"product_tag-onderwaterwereld","14":"product_tag-photography","15":"product_tag-screen-protector","16":"product_tag-screen-shield","17":"product_tag-sealife","18":"product_tag-underwater","19":"product_shipping_class-pakket","21":"first","22":"instock","23":"product-type-simple"},"acf":[],"_links":{"self":[{"href":"https:\/\/sealife-cameras.eu\/fi\/wp-json\/wp\/v2\/product\/2476","targetHints":{"allow":["GET"]}}],"collection":[{"href":"https:\/\/sealife-cameras.eu\/fi\/wp-json\/wp\/v2\/product"}],"about":[{"href":"https:\/\/sealife-cameras.eu\/fi\/wp-json\/wp\/v2\/types\/product"}],"replies":[{"embeddable":true,"href":"https:\/\/sealife-cameras.eu\/fi\/wp-json\/wp\/v2\/comments?post=2476"}],"wp:featuredmedia":[{"embeddable":true,"href":"https:\/\/sealife-cameras.eu\/fi\/wp-json\/wp\/v2\/media\/2509"}],"wp:attachment":[{"href":"https:\/\/sealife-cameras.eu\/fi\/wp-json\/wp\/v2\/media?parent=2476"}],"wp:term":[{"taxonomy":"product_brand","embeddable":true,"href":"https:\/\/sealife-cameras.eu\/fi\/wp-json\/wp\/v2\/product_brand?post=2476"},{"taxonomy":"product_cat","embeddable":true,"href":"https:\/\/sealife-cameras.eu\/fi\/wp-json\/wp\/v2\/product_cat?post=2476"},{"taxonomy":"product_tag","embeddable":true,"href":"https:\/\/sealife-cameras.eu\/fi\/wp-json\/wp\/v2\/product_tag?post=2476"}],"curies":[{"name":"wp","href":"https:\/\/api.w.org\/{rel}","templated":true}]}}