{"id":2484,"date":"2024-05-13T09:26:55","date_gmt":"2024-05-13T07:26:55","guid":{"rendered":"https:\/\/modest-cartwright.45-82-188-209.plesk.page\/?post_type=product&#038;p=2484"},"modified":"2024-08-20T12:42:47","modified_gmt":"2024-08-20T10:42:47","slug":"flash-link-optical-cable","status":"publish","type":"product","link":"https:\/\/sealife-cameras.eu\/fi\/tuote\/flash-link-optical-cable\/","title":{"rendered":"Flash Link optinen kaapeli"},"content":{"rendered":"<p><em>Flash Link optinen kaapeli<br \/>\nTuotenro SL9621<\/em><\/p>\n<p>K\u00e4yt\u00e4 SeaLife Flash Link Optical Cable -kaapelia kaikille SeaLife-salamoille tai optisesti synkronoiduille salamoille\/salamoille. Joustava kotelo varmistaa, ett\u00e4 salama v\u00e4l\u00e4ht\u00e4\u00e4 kaikissa valaistusolosuhteissa ja t\u00e4ht\u00e4ysasennoissa. 16\u2033 \/ 41 cm:n kaapeli on kierretty ja joustava, eritt\u00e4in kest\u00e4v\u00e4ss\u00e4 kotelossa, joka est\u00e4\u00e4 optisen kanavan mutkalle menemisen.<\/p>","protected":false},"excerpt":{"rendered":"<p>Flash Link Optical Cable Product Nr. SL9621 Gebruik de SeaLife Flash Link Optical Cable voor alle SeaLife of optisch gesynchroniseerde flitsers \/ [&hellip;]<\/p>\n","protected":false},"featured_media":2889,"comment_status":"closed","ping_status":"closed","template":"","meta":{"_acf_changed":false},"product_brand":[],"product_cat":[156],"product_tag":[251,152,282,437,146,168,252,377,379,237],"class_list":{"0":"post-2484","1":"product","2":"type-product","3":"status-publish","4":"has-post-thumbnail","6":"product_cat-seadragon-accessoires","7":"product_tag-accessoires","8":"product_tag-camera","9":"product_tag-diving","10":"product_tag-flash-link-optical-cable","11":"product_tag-fotografie","12":"product_tag-onderwater","13":"product_tag-onderwaterwereld","14":"product_tag-photography","15":"product_tag-sealife","16":"product_tag-underwater","17":"product_shipping_class-pakket","19":"first","20":"instock","21":"product-type-simple"},"acf":[],"_links":{"self":[{"href":"https:\/\/sealife-cameras.eu\/fi\/wp-json\/wp\/v2\/product\/2484","targetHints":{"allow":["GET"]}}],"collection":[{"href":"https:\/\/sealife-cameras.eu\/fi\/wp-json\/wp\/v2\/product"}],"about":[{"href":"https:\/\/sealife-cameras.eu\/fi\/wp-json\/wp\/v2\/types\/product"}],"replies":[{"embeddable":true,"href":"https:\/\/sealife-cameras.eu\/fi\/wp-json\/wp\/v2\/comments?post=2484"}],"wp:featuredmedia":[{"embeddable":true,"href":"https:\/\/sealife-cameras.eu\/fi\/wp-json\/wp\/v2\/media\/2889"}],"wp:attachment":[{"href":"https:\/\/sealife-cameras.eu\/fi\/wp-json\/wp\/v2\/media?parent=2484"}],"wp:term":[{"taxonomy":"product_brand","embeddable":true,"href":"https:\/\/sealife-cameras.eu\/fi\/wp-json\/wp\/v2\/product_brand?post=2484"},{"taxonomy":"product_cat","embeddable":true,"href":"https:\/\/sealife-cameras.eu\/fi\/wp-json\/wp\/v2\/product_cat?post=2484"},{"taxonomy":"product_tag","embeddable":true,"href":"https:\/\/sealife-cameras.eu\/fi\/wp-json\/wp\/v2\/product_tag?post=2484"}],"curies":[{"name":"wp","href":"https:\/\/api.w.org\/{rel}","templated":true}]}}