{"id":2529,"date":"2024-05-13T09:27:27","date_gmt":"2024-05-13T07:27:27","guid":{"rendered":"https:\/\/modest-cartwright.45-82-188-209.plesk.page\/?post_type=product&#038;p=2529"},"modified":"2024-08-20T12:42:44","modified_gmt":"2024-08-20T10:42:44","slug":"lined-neoprene-gear-pouch","status":"publish","type":"product","link":"https:\/\/sealife-cameras.eu\/fi\/tuote\/lined-neoprene-gear-pouch\/","title":{"rendered":"Vuorattu neopreeninen varustepussi"},"content":{"rendered":"<p><em>Vuorattu neopreeninen varustepussi<br \/>\nTuotenro SL933<br \/>\nSeaLife Protective Gear Pouch on pehme\u00e4 pehmustettu pussi, joka suojaa kameroita, objektiiveja, valoja tai muita tarkkuussukellusvarusteita. Gear Pouchin pehme\u00e4 samettinen sis\u00e4pinta est\u00e4\u00e4 herk\u00e4n optiikan ja elektroniikan naarmuuntumisen, ja se on suunniteltu erityisesti objektiiveille.<\/em><\/p>","protected":false},"excerpt":{"rendered":"<p>Lined Neoprene Gear Pouch Product Nr. SL933 De SeaLife Protective Gear Pouch is een zacht gevoerde tas die camera&#8217;s, lenzen, verlichting of [&hellip;]<\/p>\n","protected":false},"featured_media":2559,"comment_status":"closed","ping_status":"closed","template":"","meta":{"_acf_changed":false},"product_brand":[],"product_cat":[385],"product_tag":[251,152,451,282,146,168,252,377,379,237],"class_list":{"0":"post-2529","1":"product","2":"type-product","3":"status-publish","4":"has-post-thumbnail","6":"product_cat-overige-accessoires","7":"product_tag-accessoires","8":"product_tag-camera","9":"product_tag-cases","10":"product_tag-diving","11":"product_tag-fotografie","12":"product_tag-onderwater","13":"product_tag-onderwaterwereld","14":"product_tag-photography","15":"product_tag-sealife","16":"product_tag-underwater","17":"product_shipping_class-pakket","19":"first","20":"instock","21":"product-type-simple"},"acf":[],"_links":{"self":[{"href":"https:\/\/sealife-cameras.eu\/fi\/wp-json\/wp\/v2\/product\/2529","targetHints":{"allow":["GET"]}}],"collection":[{"href":"https:\/\/sealife-cameras.eu\/fi\/wp-json\/wp\/v2\/product"}],"about":[{"href":"https:\/\/sealife-cameras.eu\/fi\/wp-json\/wp\/v2\/types\/product"}],"replies":[{"embeddable":true,"href":"https:\/\/sealife-cameras.eu\/fi\/wp-json\/wp\/v2\/comments?post=2529"}],"wp:featuredmedia":[{"embeddable":true,"href":"https:\/\/sealife-cameras.eu\/fi\/wp-json\/wp\/v2\/media\/2559"}],"wp:attachment":[{"href":"https:\/\/sealife-cameras.eu\/fi\/wp-json\/wp\/v2\/media?parent=2529"}],"wp:term":[{"taxonomy":"product_brand","embeddable":true,"href":"https:\/\/sealife-cameras.eu\/fi\/wp-json\/wp\/v2\/product_brand?post=2529"},{"taxonomy":"product_cat","embeddable":true,"href":"https:\/\/sealife-cameras.eu\/fi\/wp-json\/wp\/v2\/product_cat?post=2529"},{"taxonomy":"product_tag","embeddable":true,"href":"https:\/\/sealife-cameras.eu\/fi\/wp-json\/wp\/v2\/product_tag?post=2529"}],"curies":[{"name":"wp","href":"https:\/\/api.w.org\/{rel}","templated":true}]}}