{"id":2536,"date":"2024-05-13T09:27:28","date_gmt":"2024-05-13T07:27:28","guid":{"rendered":"https:\/\/modest-cartwright.45-82-188-209.plesk.page\/?post_type=product&#038;p=2536"},"modified":"2025-07-10T15:08:04","modified_gmt":"2025-07-10T13:08:04","slug":"sealife-sportdiver-smartphone-behuizing","status":"publish","type":"product","link":"https:\/\/sealife-cameras.eu\/fi\/tuote\/sealife-sportdiver-smartphone-behuizing\/","title":{"rendered":"Sealife SportDiver \u00e4lypuhelimen tapauksessa"},"content":{"rendered":"<p>Sealife SportDiver<br \/>\nTuotenro SL400-U<\/p>\n<p>HUOMAA, ETT\u00c4 T\u00c4M\u00c4 TUOTE EI OLE EN\u00c4\u00c4 SAATAVILLA<\/p>\n<p>SeaLife SportDiver vedenalainen kotelo \u00e4lypuhelimelle\u00ae<\/p>\n<p>T\u00e4m\u00e4n SeaLife SportDiver -kotelon avulla sukeltajat, snorklaajat ja uimarit voivat ottaa ainutlaatuisia vedenalaisia valokuvia ja videoita omalla \u00e4lypuhelimellasi! Kotona uima-altaassa takapihalla, rannalla tai sukelluskohteessa dyykill\u00e4. Mutta varmasti my\u00f6s lomakohteessasi voit tallentaa kauneimmat kuvat jopa 40 metrin syvyydess\u00e4.<\/p>\n<p>Sopii:<br \/>\nSportDiveri\u00e4 voidaan k\u00e4ytt\u00e4\u00e4 eri merkkisten \u00e4lypuhelimien kanssa. On parasta tarkistaa verkkosivustolta, sopiiko puhelimesi koteloon: <a href=\"https:\/\/www.sealife-cameras.com\/sportdiver-compatibility\/\">https:\/\/www.sealife-cameras.com\/sportdiver-compatibility\/<\/a><\/p>\n<p>Kest\u00e4v\u00e4:<br \/>\nKest\u00e4v\u00e4 kotelo on valmistettu polykarbonaatista, ruostumattomasta ter\u00e4ksest\u00e4, alumiinista ja optisesta lasista. Ja vaikka SportDiver-kotelo on \"Heavy Duty\", se ei ole raskas, sill\u00e4 se painaa vain 641 grammaa. Se on kevyt matkustamista varten, ja sen kelluvuus vedess\u00e4 on l\u00e4hes neutraali, riippuen siit\u00e4, mit\u00e4 \u00e4lypuhelinmallia k\u00e4ytet\u00e4\u00e4n.<\/p>\n<p>\u00c4lypuhelin luovana valokuvakamerana:<br \/>\nSportDiver on tukeva k\u00e4dess\u00e4 ja helppo k\u00e4ytt\u00e4\u00e4. Siin\u00e4 on suuri suljinpainike ja helppok\u00e4ytt\u00f6iset ohjauspainikkeet takaosassa, joten sit\u00e4 on helppo k\u00e4ytt\u00e4\u00e4 my\u00f6s sukellushanskat k\u00e4dess\u00e4. Luovat snorklaajat ja sukeltajat voivat k\u00e4ytt\u00e4\u00e4 valinnaisia kamerasovelluksen lis\u00e4asetuksia valokuvien tai videoiden ottamiseen. T\u00e4llaisia ovat esimerkiksi: zoomaus, valotus (EV), automaattinen\/manuaalinen tarkennus, valkotasapaino, v\u00e4ris\u00e4vy, objektiivin valinta, RAW + JPEG-tila, live-kuvaus ja taustan sumentaminen (k\u00e4ytett\u00e4viss\u00e4 olevissa \u00e4lypuhelinmalleissa).<\/p>\n<p>Ei riski\u00e4, kaksinkertainen turvallisuus:<br \/>\nTurvallisuus puhelimellesi ennen kaikkea! SportDiveriss\u00e4 on KAKSI VUOTOH\u00c4LYTYST\u00c4, mukaan lukien sis\u00e4inen kosteush\u00e4lytys JA tyhji\u00f6paineh\u00e4lytys, joka h\u00e4lytt\u00e4\u00e4 n\u00e4yt\u00f6ll\u00e4, \u00e4\u00e4ni- ja LED-signaalilla siin\u00e4 ep\u00e4todenn\u00e4k\u00f6isess\u00e4 tapauksessa, ett\u00e4 kotelossa on jonkinlainen vuoto ja kotelossa havaitaan kosteutta tai jos kotelossa tapahtuu paineh\u00e4vi\u00f6. Mukana toimitetulla tyhji\u00f6pumpulla alipaineistat kotelon alipaineeseen. Koteloon sis\u00e4\u00e4nrakennettu painemittari antaa n\u00e4yt\u00f6n \u00e4lypuhelimen n\u00e4yt\u00f6lle, jotta voit varmistaa, ett\u00e4 saat kotelon oikeaan alipaineeseen. Sen j\u00e4lkeen on vain lyhyt odotus, kunnes tyhji\u00f6j\u00e4rjestelm\u00e4 ilmoittaa, ett\u00e4 paine ei ole muuttunut, ja n\u00e4in tied\u00e4t, ett\u00e4 voit ottaa sarjan luottavaisin mielin mukaan veden alle. Kotelo on tiivistetty TPE O-renkaalla ja vankalla nokkapainotteisella tiivistyssalvalla, joka sulkee vesitiiviin luukun helposti ja turvallisesti. Jotta kotelon sis\u00e4puoli ei huurtuisi kosteuden vuoksi, on suositeltavaa k\u00e4ytt\u00e4\u00e4 huurtumisenestokapselia \"Moisture Muncher\" kosteuden minimoimiseksi ja siten sis\u00e4isen tiivistymisen est\u00e4miseksi mahdollisimman hyvin.<\/p>\n<p>Ilmainen SportDiver-sovellus:<br \/>\nSportDiver-koteloa k\u00e4ytet\u00e4\u00e4n yhdess\u00e4 ilmaisen SeaLife SportDiver -kamerasovelluksen kanssa.  (Toisin kuin muissa \u00e4lypuhelinten kotelosovelluksissa ei ole \u00e4rsytt\u00e4vi\u00e4 sovelluksen sis\u00e4isi\u00e4 ostoja tai mainoksia). Voit helposti vaihtaa valokuva- ja videotilan v\u00e4lill\u00e4. SportDiver-sovellus k\u00e4ytt\u00e4\u00e4 \u00e4lypuhelimen kameratekniikkaa, joka sis\u00e4ltyy kuhunkin \u00e4lypuhelinmalliin. Sovellus on saatavilla sek\u00e4 IOS- ett\u00e4 Android-puhelimille.<\/p>\n<p>Kuvia ja videoita on helposti saatavilla:<br \/>\nSovelluksen toistotila n\u00e4ytt\u00e4\u00e4 valokuvat ja videot t\u00e4ysikokoisina, ja pystysuora pikkukuvakaistale helpottaa kuvien selaamista. Videot toistetaan automaattisesti, kun ne valitaan. Kaikki tiedostot tallennetaan my\u00f6s elokuvarullaan. SportDiver-kotelo muodostaa automaattisesti yhteyden \u00e4lypuhelimeen ja SportDiver-sovellukseen langattoman Bluetooth\u00ae Low Energy (LE) 5 -tekniikan avulla. Mit\u00e4\u00e4n kaapeleita tai painikkeita ei yhdistet\u00e4 puhelimeen. SportDiverin virrankulutus on eritt\u00e4in alhainen sek\u00e4 puhelimessa ett\u00e4 kotelossa, joka saa virtansa kahdesta AAA-paristosta, jotka kest\u00e4v\u00e4t yli 50 tuntia jatkuvassa k\u00e4yt\u00f6ss\u00e4.<\/p>\n<p>Mukana v\u00e4rinkorjaussuodatin:<br \/>\nParempien kuvatulosten saamiseksi trooppisen sinisess\u00e4 vedess\u00e4 SportDiver-kamerassa on vaihdettava v\u00e4rinkorjaussuodatin, joka palauttaa vedenalaiset luonnolliset v\u00e4rit. Suodatin voidaan helposti kiinnitt\u00e4\u00e4 tai irrottaa veden alla, ja se on varustettu turvanauhalla katoamisen est\u00e4miseksi.<\/p>\n<p>Valinnainen ulkoinen valotus:<br \/>\nSportDiver-kotelossa on kolme 1\/4-20 jalustakiinnikett\u00e4, jotka voidaan kiinnitt\u00e4\u00e4 mihin tahansa lampun tai jalustan jalustakierteell\u00e4 varustettuun jalustaan, kuten SeaLifen omaan Sea Dragon -valaisinsarjaan vedenalaisiin valokuvaus-\/videolamppuihin. SeaLife tarjoaa my\u00f6s yhdistelm\u00e4\u00e4 SportDiver ja Sea Dragonin vedenalaiset valaisimet, SL401 \"SportDiver Pro 2500 Set\".<\/p>\n<p>Yleisk\u00e4ytt\u00f6inen:<br \/>\nPuhelimen turvallisuuden ja suojan vuoksi SportDiver on varustettu jousij\u00e4rjestelm\u00e4ll\u00e4 ja kumikahvoilla, jotka pit\u00e4v\u00e4t Smartphone\u00ae:n tukevasti paikallaan ja suojaavat sit\u00e4 iskuilta. T\u00e4m\u00e4n ansiosta kotelossa on my\u00f6s eritt\u00e4in helppo vaihtaa \u00e4lypuhelinmalleja.<\/p>\n<p>Nimike Kuvaus GMP<br \/>\nSL400-U SportDiver vedenalainen kotelo \u00e4lypuhelimelle 349 \u20ac<br \/>\nSL401 SportDiver Pro 2500 Set Sea Dragon 2500 vedenalaisella valolla \u20ac 799 euroa<\/p>\n<p>Sis\u00e4ltyy SeaLife SportDiver, malli SL400-U:<br \/>\nSportDiver vedenalainen \u00e4lypuhelimen kotelo<br \/>\nSuodatin vedenalaista v\u00e4rinkorjausta varten<br \/>\nTyhji\u00f6pumppu<br \/>\nKumikahvat (12x pieni, 12x keskikokoinen ja 12x suuri).<br \/>\nVara-O-renkaat (1x p\u00e4\u00e4-O-rengas ja 1x tyhji\u00f6tarkastusportin O-rengas).<br \/>\nO-rengas voiteluaine<br \/>\nTy\u00f6kalut O-renkaan irrottamiseen<br \/>\nYlellinen rannehihna klipsill\u00e4<br \/>\nMoisture Muncher -n\u00e4ytepakkaus (1 kapseli)<br \/>\nAAA-alkaliparistot (2)<br \/>\nEVA-kantolaukku<\/p>","protected":false},"excerpt":{"rendered":"<p>Sealife SportDiver<br \/>\nTuotenro SL400-U<\/p>\n<p>SeaLife SportDiver vedenalainen kotelo \u00e4lypuhelimelle\u00ae<\/p>\n<p>T\u00e4m\u00e4n SeaLife SportDiver -kotelon avulla sukeltajat, snorklaajat ja uimarit voivat ottaa ainutlaatuisia vedenalaisia valokuvia ja videoita omalla \u00e4lypuhelimellasi! Kotona uima-altaassa takapihalla, rannalla tai sukelluskohteessa dyykill\u00e4. Mutta varmasti my\u00f6s lomakohteessasi voit tallentaa kauneimmat kuvat jopa 40 metrin syvyydess\u00e4.<\/p>\n<p>Sopii:<br \/>\nSportDiveri\u00e4 voidaan k\u00e4ytt\u00e4\u00e4 eri merkkisten \u00e4lypuhelimien kanssa. On parasta tarkistaa verkkosivustolta, sopiiko puhelimesi koteloon: <a href=\"https:\/\/www.sealife-cameras.com\/sportdiver-compatibility\/\">https:\/\/www.sealife-cameras.com\/sportdiver-compatibility\/<\/a><\/p>\n<p>Kest\u00e4v\u00e4:<br \/>\nKest\u00e4v\u00e4 kotelo on valmistettu polykarbonaatista, ruostumattomasta ter\u00e4ksest\u00e4, alumiinista ja optisesta lasista. Ja vaikka SportDiver-kotelo on \"Heavy Duty\", se ei ole raskas, sill\u00e4 se painaa vain 641 grammaa. Se on kevyt matkustamista varten, ja sen kelluvuus vedess\u00e4 on l\u00e4hes neutraali, riippuen siit\u00e4, mit\u00e4 \u00e4lypuhelinmallia k\u00e4ytet\u00e4\u00e4n.<\/p>\n<p>\u00c4lypuhelin luovana valokuvakamerana:<br \/>\nSportDiver on tukeva k\u00e4dess\u00e4 ja helppo k\u00e4ytt\u00e4\u00e4. Siin\u00e4 on suuri suljinpainike ja helppok\u00e4ytt\u00f6iset ohjauspainikkeet takaosassa, joten sit\u00e4 on helppo k\u00e4ytt\u00e4\u00e4 my\u00f6s sukellushanskat k\u00e4dess\u00e4. Luovat snorklaajat ja sukeltajat voivat k\u00e4ytt\u00e4\u00e4 valinnaisia kamerasovelluksen lis\u00e4asetuksia valokuvien tai videoiden ottamiseen. T\u00e4llaisia ovat esimerkiksi: zoomaus, valotus (EV), automaattinen\/manuaalinen tarkennus, valkotasapaino, v\u00e4ris\u00e4vy, objektiivin valinta, RAW + JPEG-tila, live-kuvaus ja taustan sumentaminen (k\u00e4ytett\u00e4viss\u00e4 olevissa \u00e4lypuhelinmalleissa).<\/p>\n<p>Ei riski\u00e4, kaksinkertainen turvallisuus:<br \/>\nTurvallisuus puhelimellesi ennen kaikkea! SportDiveriss\u00e4 on KAKSI VUOTOH\u00c4LYTYST\u00c4, mukaan lukien sis\u00e4inen kosteush\u00e4lytys JA tyhji\u00f6paineh\u00e4lytys, joka h\u00e4lytt\u00e4\u00e4 n\u00e4yt\u00f6ll\u00e4, \u00e4\u00e4ni- ja LED-signaalilla siin\u00e4 ep\u00e4todenn\u00e4k\u00f6isess\u00e4 tapauksessa, ett\u00e4 kotelossa on jonkinlainen vuoto ja kotelossa havaitaan kosteutta tai jos kotelossa tapahtuu paineh\u00e4vi\u00f6. Mukana toimitetulla tyhji\u00f6pumpulla alipaineistat kotelon alipaineeseen. Koteloon sis\u00e4\u00e4nrakennettu painemittari antaa n\u00e4yt\u00f6n \u00e4lypuhelimen n\u00e4yt\u00f6lle, jotta voit varmistaa, ett\u00e4 saat kotelon oikeaan alipaineeseen. Sen j\u00e4lkeen on vain lyhyt odotus, kunnes tyhji\u00f6j\u00e4rjestelm\u00e4 ilmoittaa, ett\u00e4 paine ei ole muuttunut, ja n\u00e4in tied\u00e4t, ett\u00e4 voit ottaa sarjan luottavaisin mielin mukaan veden alle. Kotelo on tiivistetty TPE O-renkaalla ja vankalla nokkapainotteisella tiivistyssalvalla, joka sulkee vesitiiviin luukun helposti ja turvallisesti. Jotta kotelon sis\u00e4puoli ei huurtuisi kosteuden vuoksi, on suositeltavaa k\u00e4ytt\u00e4\u00e4 huurtumisenestokapselia \"Moisture Muncher\" kosteuden minimoimiseksi ja siten sis\u00e4isen tiivistymisen est\u00e4miseksi mahdollisimman hyvin.<\/p>\n<p>Ilmainen SportDiver-sovellus:<br \/>\nSportDiver-koteloa k\u00e4ytet\u00e4\u00e4n yhdess\u00e4 ilmaisen SeaLife SportDiver -kamerasovelluksen kanssa.  (Toisin kuin muissa \u00e4lypuhelinten kotelosovelluksissa ei ole \u00e4rsytt\u00e4vi\u00e4 sovelluksen sis\u00e4isi\u00e4 ostoja tai mainoksia). Voit helposti vaihtaa valokuva- ja videotilan v\u00e4lill\u00e4. SportDiver-sovellus k\u00e4ytt\u00e4\u00e4 \u00e4lypuhelimen kameratekniikkaa, joka sis\u00e4ltyy kuhunkin \u00e4lypuhelinmalliin. Sovellus on saatavilla sek\u00e4 IOS- ett\u00e4 Android-puhelimille.<\/p>\n<p>Kuvia ja videoita on helposti saatavilla:<br \/>\nSovelluksen toistotila n\u00e4ytt\u00e4\u00e4 valokuvat ja videot t\u00e4ysikokoisina, ja pystysuora pikkukuvakaistale helpottaa kuvien selaamista. Videot toistetaan automaattisesti, kun ne valitaan. Kaikki tiedostot tallennetaan my\u00f6s elokuvarullaan. SportDiver-kotelo muodostaa automaattisesti yhteyden \u00e4lypuhelimeen ja SportDiver-sovellukseen langattoman Bluetooth\u00ae Low Energy (LE) 5 -tekniikan avulla. Mit\u00e4\u00e4n kaapeleita tai painikkeita ei yhdistet\u00e4 puhelimeen. SportDiverin virrankulutus on eritt\u00e4in alhainen sek\u00e4 puhelimessa ett\u00e4 kotelossa, joka saa virtansa kahdesta AAA-paristosta, jotka kest\u00e4v\u00e4t yli 50 tuntia jatkuvassa k\u00e4yt\u00f6ss\u00e4.<\/p>\n<p>Mukana v\u00e4rinkorjaussuodatin:<br \/>\nParempien kuvatulosten saamiseksi trooppisen sinisess\u00e4 vedess\u00e4 SportDiver-kamerassa on vaihdettava v\u00e4rinkorjaussuodatin, joka palauttaa vedenalaiset luonnolliset v\u00e4rit. Suodatin voidaan helposti kiinnitt\u00e4\u00e4 tai irrottaa veden alla, ja se on varustettu turvanauhalla katoamisen est\u00e4miseksi.<\/p>\n<p>Valinnainen ulkoinen valotus:<br \/>\nSportDiver-kotelossa on kolme 1\/4-20 jalustakiinnikett\u00e4, jotka voidaan kiinnitt\u00e4\u00e4 mihin tahansa lampun tai jalustan jalustakierteell\u00e4 varustettuun jalustaan, kuten SeaLifen omaan Sea Dragon -valaisinsarjaan vedenalaisiin valokuvaus-\/videolamppuihin. SeaLife tarjoaa my\u00f6s yhdistelm\u00e4\u00e4 SportDiver ja Sea Dragonin vedenalaiset valaisimet, SL401 \"SportDiver Pro 2500 Set\".<\/p>\n<p>Yleisk\u00e4ytt\u00f6inen:<br \/>\nPuhelimen turvallisuuden ja suojan vuoksi SportDiver on varustettu jousij\u00e4rjestelm\u00e4ll\u00e4 ja kumikahvoilla, jotka pit\u00e4v\u00e4t Smartphone\u00ae:n tukevasti paikallaan ja suojaavat sit\u00e4 iskuilta. T\u00e4m\u00e4n ansiosta kotelossa on my\u00f6s eritt\u00e4in helppo vaihtaa \u00e4lypuhelinmalleja.<\/p>\n<p>Nimike Kuvaus GMP<br \/>\nSL400-U SportDiver vedenalainen kotelo \u00e4lypuhelimelle 349 \u20ac<br \/>\nSL401 SportDiver Pro 2500 Set Sea Dragon 2500 vedenalaisella valolla \u20ac 799 euroa<\/p>\n<p>Sis\u00e4ltyy SeaLife SportDiver, malli SL400-U:<br \/>\nSportDiver vedenalainen \u00e4lypuhelimen kotelo<br \/>\nSuodatin vedenalaista v\u00e4rinkorjausta varten<br \/>\nTyhji\u00f6pumppu<br \/>\nKumikahvat (12x pieni, 12x keskikokoinen ja 12x suuri).<br \/>\nVara-O-renkaat (1x p\u00e4\u00e4-O-rengas ja 1x tyhji\u00f6tarkastusportin O-rengas).<br \/>\nO-rengas voiteluaine<br \/>\nTy\u00f6kalut O-renkaan irrottamiseen<br \/>\nYlellinen rannehihna klipsill\u00e4<br \/>\nMoisture Muncher -n\u00e4ytepakkaus (1 kapseli)<br \/>\nAAA-alkaliparistot (2)<br \/>\nEVA-kantolaukku<\/p>","protected":false},"featured_media":2566,"comment_status":"closed","ping_status":"closed","template":"","meta":{"_acf_changed":false},"product_brand":[],"product_cat":[387],"product_tag":[],"class_list":{"0":"post-2536","1":"product","2":"type-product","3":"status-publish","4":"has-post-thumbnail","6":"product_cat-cameras-en-behuizing","7":"product_shipping_class-pakket","9":"first","10":"instock","11":"shipping-taxable","12":"product-type-simple"},"acf":[],"_links":{"self":[{"href":"https:\/\/sealife-cameras.eu\/fi\/wp-json\/wp\/v2\/product\/2536","targetHints":{"allow":["GET"]}}],"collection":[{"href":"https:\/\/sealife-cameras.eu\/fi\/wp-json\/wp\/v2\/product"}],"about":[{"href":"https:\/\/sealife-cameras.eu\/fi\/wp-json\/wp\/v2\/types\/product"}],"replies":[{"embeddable":true,"href":"https:\/\/sealife-cameras.eu\/fi\/wp-json\/wp\/v2\/comments?post=2536"}],"wp:featuredmedia":[{"embeddable":true,"href":"https:\/\/sealife-cameras.eu\/fi\/wp-json\/wp\/v2\/media\/2566"}],"wp:attachment":[{"href":"https:\/\/sealife-cameras.eu\/fi\/wp-json\/wp\/v2\/media?parent=2536"}],"wp:term":[{"taxonomy":"product_brand","embeddable":true,"href":"https:\/\/sealife-cameras.eu\/fi\/wp-json\/wp\/v2\/product_brand?post=2536"},{"taxonomy":"product_cat","embeddable":true,"href":"https:\/\/sealife-cameras.eu\/fi\/wp-json\/wp\/v2\/product_cat?post=2536"},{"taxonomy":"product_tag","embeddable":true,"href":"https:\/\/sealife-cameras.eu\/fi\/wp-json\/wp\/v2\/product_tag?post=2536"}],"curies":[{"name":"wp","href":"https:\/\/api.w.org\/{rel}","templated":true}]}}