{"id":2581,"date":"2024-05-13T09:27:56","date_gmt":"2024-05-13T07:27:56","guid":{"rendered":"https:\/\/modest-cartwright.45-82-188-209.plesk.page\/?post_type=product&#038;p=2581"},"modified":"2024-08-20T12:42:42","modified_gmt":"2024-08-20T10:42:42","slug":"sportdiver-52-67mm-lens-adapter","status":"publish","type":"product","link":"https:\/\/sealife-cameras.eu\/fi\/tuote\/sportdiver-52-67mm-lens-adapter\/","title":{"rendered":"SportDiver 52 &amp; 67mm objektiivisovitin"},"content":{"rendered":"<p>Sarjanumero: SL081<\/p>\n<p>SeaLifen SportDiver-objektiivisovitin mahdollistaa 67 mm:n ja 52 mm:n kierteell\u00e4 varustettujen objektiivien kiinnitt\u00e4misen SportDiver-\u00e4lypuhelinkoteloon, jolloin vedenalaiset valokuvaajat voivat laajentaa makro- ja laajakulma-luovuuttaan k\u00e4ytt\u00e4m\u00e4ll\u00e4 useimpia objektiiveja.<\/p>\n<p>Kovaksi anodisoidusta, ty\u00f6stetyst\u00e4 alumiinista ja ruostumattomasta ter\u00e4ksest\u00e4 valmistettu linssiadapteri kiinnitet\u00e4\u00e4n suoraan SportDiverin linssiporttiin, mik\u00e4 takaa turvallisen ja lujan istuvuuden. Sovitin mahdollistaa helpon vaaka- ja pystysuuntaisen objektiivin liikkeen s\u00e4\u00e4t\u00e4misen, jotta objektiivi voidaan keskitt\u00e4\u00e4 puhelimen aiotun tallennuslinssin p\u00e4\u00e4lle. Sovittimessa on 67 mm:n aukko halkaisijaltaan suurempia objektiiveja varten. Mukana on 52 mm:n kierrerengas pienempien 52 mm:n objektiivien kiinnitt\u00e4mist\u00e4 varten. Muita objektiiveja varten sukellus- tai valokuvausliikkeist\u00e4 voi olla saatavana yl\u00f6s- tai alasp\u00e4in k\u00e4\u00e4ntyv\u00e4 rengas.<\/p>\n<p>Vedenalaisten objektiivien ja \u00e4lypuhelinten objektiivien moninaisuuden ansiosta vedenalaisilla kuvaajilla on nyt k\u00e4yt\u00e4nn\u00f6llisesti katsoen rajattomasti valinnanvaraa. SeaLife SL081 -objektiivisovitin SportDiver-\u00e4lypuhelinkoteloon suosittelee k\u00e4ytett\u00e4v\u00e4ksi laajakulmaobjektiiveja, joiden optinen suurennos on 0,5x-0,75x, mik\u00e4 mahdollistaa lyhyemm\u00e4t kuvauset\u00e4isyydet ja samalla kohteen sovittamisen kuvakehykseen.<br \/>\nMakro-objektiivien avulla p\u00e4\u00e4set l\u00e4hemm\u00e4s kohdetta s\u00e4ilytt\u00e4en kuvan ter\u00e4vyyden. Markkinoilla olevien \u00e4lypuhelinobjektiivien laajan valikoiman vuoksi jotkin objektiiviasetukset eiv\u00e4t v\u00e4ltt\u00e4m\u00e4tt\u00e4 ole yhteensopivia.<br \/>\nLyhyesti sanottuna tuote, joka antaa SportDiver-\u00e4lypuhelinkotelollesi entist\u00e4kin enemm\u00e4n ominaisuuksia.<\/p>\n<p><strong>Ominaisuudet:<\/strong><\/p>\n<ul>\n<li>Kiinnit\u00e4 67 mm ja 52 mm vedenalaiset objektiivit SeaLife SportDiver UW -\u00e4lypuhelinkoteloon.<\/li>\n<li>Objektiivisovitin voidaan kiinnitt\u00e4\u00e4 tukevasti suoraan SportDiverin objektiiviporttiin.<\/li>\n<li>Vaaka- ja pystysuuntaiset s\u00e4\u00e4t\u00f6ruuvit linssin kohdistamiseksi puhelimen linssin p\u00e4\u00e4lle.<\/li>\n<li>Kest\u00e4v\u00e4 kovaan eloksoitu, koneistettu alumiinirakenne, jossa on 316 ruostumattomasta ter\u00e4ksest\u00e4 valmistetut laitteistot.<\/li>\n<\/ul>","protected":false},"excerpt":{"rendered":"<p>Serienummer: SL081 Met de SportDiver-lensadapter van SeaLife kunnen lenzen met schroefdraad van 67 mm en 52 mm op de SportDiver-smartphonebehuizing worden gemonteerd, [&hellip;]<\/p>\n","protected":false},"featured_media":2626,"comment_status":"open","ping_status":"closed","template":"","meta":{"_acf_changed":false},"product_brand":[],"product_cat":[171],"product_tag":[251,152,146,292,52,458,400,168,252,377,379,57,454,237,380],"class_list":{"0":"post-2581","1":"product","2":"type-product","3":"status-publish","4":"has-post-thumbnail","6":"product_cat-lenzen","7":"product_tag-accessoires","8":"product_tag-camera","9":"product_tag-fotografie","10":"product_tag-kit","11":"product_tag-lens","12":"product_tag-lensadapter","13":"product_tag-lenses","14":"product_tag-onderwater","15":"product_tag-onderwaterwereld","16":"product_tag-photography","17":"product_tag-sealife","18":"product_tag-set","19":"product_tag-sportdiver","20":"product_tag-underwater","21":"product_tag-universal","22":"product_shipping_class-pakket","24":"first","25":"instock","26":"featured","27":"shipping-taxable","28":"product-type-simple"},"acf":[],"_links":{"self":[{"href":"https:\/\/sealife-cameras.eu\/fi\/wp-json\/wp\/v2\/product\/2581","targetHints":{"allow":["GET"]}}],"collection":[{"href":"https:\/\/sealife-cameras.eu\/fi\/wp-json\/wp\/v2\/product"}],"about":[{"href":"https:\/\/sealife-cameras.eu\/fi\/wp-json\/wp\/v2\/types\/product"}],"replies":[{"embeddable":true,"href":"https:\/\/sealife-cameras.eu\/fi\/wp-json\/wp\/v2\/comments?post=2581"}],"wp:featuredmedia":[{"embeddable":true,"href":"https:\/\/sealife-cameras.eu\/fi\/wp-json\/wp\/v2\/media\/2626"}],"wp:attachment":[{"href":"https:\/\/sealife-cameras.eu\/fi\/wp-json\/wp\/v2\/media?parent=2581"}],"wp:term":[{"taxonomy":"product_brand","embeddable":true,"href":"https:\/\/sealife-cameras.eu\/fi\/wp-json\/wp\/v2\/product_brand?post=2581"},{"taxonomy":"product_cat","embeddable":true,"href":"https:\/\/sealife-cameras.eu\/fi\/wp-json\/wp\/v2\/product_cat?post=2581"},{"taxonomy":"product_tag","embeddable":true,"href":"https:\/\/sealife-cameras.eu\/fi\/wp-json\/wp\/v2\/product_tag?post=2581"}],"curies":[{"name":"wp","href":"https:\/\/api.w.org\/{rel}","templated":true}]}}