{"id":2584,"date":"2024-05-13T09:27:56","date_gmt":"2024-05-13T07:27:56","guid":{"rendered":"https:\/\/modest-cartwright.45-82-188-209.plesk.page\/?post_type=product&#038;p=2584"},"modified":"2025-01-10T09:10:28","modified_gmt":"2025-01-10T08:10:28","slug":"sealife-sportdiver-ultra","status":"publish","type":"product","link":"https:\/\/sealife-cameras.eu\/fi\/tuote\/sealife-sportdiver-ultra\/","title":{"rendered":"Sealife SportDiver Ultra"},"content":{"rendered":"<p>Tuotenro SL405<\/p>\n<p>SeaLife SportDiver Ultra on kompakti ja kevyt vedenalainen kotelo \u00e4lypuhelimille. SportDiver Ultra -kotelon avulla sukeltajat voivat ottaa valokuvia ja videoita \u00e4lypuhelimillaan 40 metrin syvyyteen asti. SportDiveriin mahtuu useimmat Android-mallit, mukaan lukien kaikki suuremmat Samsungin S-sarjan Ultra-mallit ja Googlen Pixel-mallisto, sek\u00e4 useimmat iPhonet. Ilmainen SportDiver-sovellus on saatavilla App Storesta tai Play Storesta, ja se toimii nykyisen ja edellisen sukupolven k\u00e4ytt\u00f6j\u00e4rjestelmill\u00e4. Tutustu SportDiverin yhteensopivuus- ja sovitusoppaaseen: <a href=\"https:\/\/www.sealife-cameras.com\/sportdiver-compatibility\/\">https:\/\/www.sealife-cameras.com\/sportdiver-compatibility\/<\/a><\/p>\n<p>Kest\u00e4v\u00e4 kotelo on valmistettu polykarbonaatista, ruostumattomasta ter\u00e4ksest\u00e4, alumiinista ja optisesta lasista. SportDiver Ultra -kotelo on \"raskas\", mutta ei raskas, sill\u00e4 se painaa alle 808 grammaa, on kevyt matkustamista varten ja tarjoaa l\u00e4hes neutraalin kelluvuuden vedess\u00e4, riippuen siit\u00e4, mit\u00e4 \u00e4lypuhelinmallia k\u00e4ytet\u00e4\u00e4n.<\/p>\n<p>SportDiver Ultra on helppo pit\u00e4\u00e4 k\u00e4dess\u00e4 ja k\u00e4ytt\u00e4\u00e4, ja siin\u00e4 on suuri tulostuspainike ja ohjauspainikkeet takana, jotta sit\u00e4 on helppo k\u00e4ytt\u00e4\u00e4 jopa sukellusk\u00e4sineet k\u00e4dess\u00e4. Snorklaajat ja sukeltajat voivat olla luovempia valokuvissaan tai videotallenteissaan k\u00e4ytt\u00e4m\u00e4ll\u00e4 kameran lis\u00e4asetuksia*. S\u00e4\u00e4d\u00e4 zoomia, valotusta (EV), automaattista\/manuaalista tarkennusta, valkotasapainoa, v\u00e4ris\u00e4vy\u00e4, objektiivin valintaa, RAW+JPEG-tilaa ja videon vakautusta (k\u00e4ytett\u00e4viss\u00e4 olevissa puhelinmalleissa)*.<\/p>\n<p>SportDiver Ultra -kotelo sis\u00e4lt\u00e4\u00e4 ilmaisen SportDiver-sovelluksen; toisin kuin muissa \u00e4lypuhelinten kotelosovelluksissa, sovelluksessa ei ole \u00e4rsytt\u00e4vi\u00e4 sovelluksen sis\u00e4isi\u00e4 ostoja tai mainoksia. Voit helposti vaihtaa valokuva- ja videotilan v\u00e4lill\u00e4. SportDiver-sovellus hy\u00f6dynt\u00e4\u00e4 puhelimesi kameratekniikkaa, joka on ominaista kullekin puhelinmallille*. Sovellus tukee nykyisi\u00e4 ja aiempia k\u00e4ytt\u00f6j\u00e4rjestelm\u00e4versioita, sovellus p\u00e4ivitet\u00e4\u00e4n uusien k\u00e4ytt\u00f6j\u00e4rjestelm\u00e4versioiden mukaan.<\/p>\n<p>Sovelluksen toistotila n\u00e4ytt\u00e4\u00e4 valokuvat ja videot t\u00e4ysikokoisina pystysuoralla pikkukuvakaistaleella, joten kuvien l\u00f6yt\u00e4minen on helppoa. Videot toistetaan automaattisesti, kun ne valitaan. Kaikki tiedostot tallentuvat my\u00f6s puhelimen elokuvarullaan. SportDiver Ultra -kotelo muodostaa automaattisesti yhteyden \u00e4lypuhelimeen ja SportDiver-sovellukseen langattoman Bluetooth\u00ae Low Energy (LE) 5 -tekniikan avulla. Puhelimeen ei kosketa kaapeleita tai painikkeita, ja virrankulutus on eritt\u00e4in alhainen sek\u00e4 puhelimessa ett\u00e4 kotelossa, joka saa virtansa kahdesta AAA-paristosta, jotka kest\u00e4v\u00e4t yli 50 tuntia jatkuvaa k\u00e4ytt\u00f6\u00e4.<\/p>\n<p>Parempien kuvatulosten saamiseksi SportDiver Ultra -kamerassa on irrotettava vedenalainen v\u00e4rinkorjaussuodatin, joka palauttaa vedenalaiset luonnolliset v\u00e4rit. Punainen suodatin voidaan helposti kiinnitt\u00e4\u00e4 tai irrottaa veden alla, ja siin\u00e4 on turvanauha, joka est\u00e4\u00e4 sen katoamisen. SportDiver Ultra -kotelossa on seitsem\u00e4n 1\/4-20 kolmijalkaliit\u00e4nt\u00e4\u00e4, jotka voidaan asentaa mihin tahansa lampun tai flex connect -alustan kiinnitykseen, jossa on vakiomallinen jalustakierre, kuten SeaLifen Sea Dragon -vedenalaisten valokuvaus-\/videolamppujen sarjaan.<\/p>\n<p>Puhelimen turvallisuuden ja suojan varmistamiseksi SportDiver Ultrassa on tukeva jousi ja kumiset pitokielekkeet, jotka pit\u00e4v\u00e4t \u00e4lypuhelimen tukevasti paikallaan ja suojaavat sit\u00e4 iskuilta. SportDiver Ultrassa on \"Dual Leak Alarms\", mukaan lukien sis\u00e4inen kosteush\u00e4lytys ja tyhji\u00f6paineh\u00e4lytys, joka h\u00e4lytt\u00e4\u00e4 sukeltajaa n\u00e4yt\u00f6ll\u00e4 n\u00e4kyvill\u00e4 h\u00e4lytyksill\u00e4, \u00e4\u00e4ni- ja LED-signaaleilla siin\u00e4 ep\u00e4todenn\u00e4k\u00f6isess\u00e4 tapauksessa, ett\u00e4 vedenpit\u00e4v\u00e4 tiiviste vaarantuu ja kotelossa tapahtuu paineh\u00e4vi\u00f6 tai havaitaan kosteutta. SportDiver Ultran luukku on tiivistetty TPE O-renkaalla ja vankalla nokkapainotiivisteell\u00e4, joka lukitsee vedenpit\u00e4v\u00e4n luukun helposti ja turvallisesti. J\u00e4\u00e4nn\u00f6skosteudesta johtuvan sis\u00e4isen huurtumisen est\u00e4miseksi SportDiver Ultrassa k\u00e4ytet\u00e4\u00e4n huurtumisenestokapselia \"Moisture Muncher\", joka est\u00e4\u00e4 huurtumisen ja sis\u00e4isen tiivistymisen.<\/p>\n<p>*T\u00e4rke\u00e4\u00e4: Jotkin asetukset eiv\u00e4t ehk\u00e4 ole k\u00e4ytett\u00e4viss\u00e4 puhelimen merkin\/mallin mukaan. Ristiriitaisista asetuksista riippuen asetukset voivat olla estettyin\u00e4 tai saavuttamattomissa. Esimerkiksi Portrait (taustan sumentaminen) -asetus on k\u00e4ytett\u00e4viss\u00e4 vain iPhoneissa, joissa on useita linssej\u00e4. Objektiivin valinta -asetus ei v\u00e4ltt\u00e4m\u00e4tt\u00e4 sis\u00e4ll\u00e4 kaikkia k\u00e4ytett\u00e4viss\u00e4 olevia puhelimen objektiiveja; Teleobjektiivi ei ole k\u00e4ytett\u00e4viss\u00e4 Android-puhelimissa. Tarkista SportDiver-sovelluksen p\u00e4ivitykset App Storesta ja Play Storesta.<\/p>\n<p>&nbsp;<\/p>\n<p><strong>Tekniset tiedot<\/strong><br \/>\nSportDiver Ultra \u00e4lypuhelimen kotelo<\/p>\n<p>Ilmaisen sovelluksen nimi: SportDiver App &amp; Play Storesissa<br \/>\nYhteensopivat puhelimet: Toimii iPhone\u00ae:n, Samsung Galaxyn ja useimpien Max- ja Ultra-formaattien kanssa. Katso yhteensopivuustaulukko.<br \/>\nSyvyysluokitus: 40 m<br \/>\nVirtal\u00e4hde: 2x AAA-paristot (alkali- tai NiMH-paristot).<br \/>\nAkun kesto: 50 tuntia<br \/>\nKaksi LED-ilmaisinta: Vuotoh\u00e4lytyspaineen ilmaisin: Vilkkuu vihre\u00e4n\u00e4, kun tyhji\u00f6paine ei ole k\u00e4yt\u00f6ss\u00e4; Jatkuva vihre\u00e4, kun tyhji\u00f6paine on kunnossa; Vilkkuu punaisena, kun vuoto havaitaan Virtal\u00e4hteen\/langattoman yhteyden tila: Sininen vilkkuu, kun virta on kytketty p\u00e4\u00e4lle eik\u00e4 langatonta yhteytt\u00e4 ole; Jatkuva sininen, kun virta on kytketty p\u00e4\u00e4lle ja langaton yhteys on kytketty.<br \/>\nLangaton tekniikka: Bluetooth\u00ae Low Energy (LE)<br \/>\nSovelluksen kieli: englanti<br \/>\nK\u00e4sikirja: Sis\u00e4lt\u00e4\u00e4 painetun englanninkielisen k\u00e4sikirjan. Espanjan, saksan, ranskan, italian, hollannin ja italian kielet voi ladata SeaLifen verkkosivuilta.<br \/>\nOhjaimet: Suljin, Tila, Yl\u00f6s (Zoomaus\/tarkennus +), Alas (Zoomaus\/tarkennus -), Toisto ja kameran asetukset.<br \/>\nk\u00e4ytt\u00f6l\u00e4mp\u00f6tila: 1\u00b0C - 38\u00b0C<br \/>\nVarastointil\u00e4mp\u00f6tila: 1\u00b0C - 38\u00b0C<br \/>\nO-rengas: P\u00e4\u00e4-O-rengas (1): TPE-kumimateriaali Tyhji\u00f6n ohjausportin O-renkaat (2): silikonikumimateriaali Huomautus: O-renkaat vaativat silikonivoiteluaineen (sis\u00e4ltyy toimitukseen). Korvaavan O-rengassarjan osanumero on SL40010.<br \/>\nLinssiportti: optinen lasinen linssiportti, jossa on heijastamaton pinnoite linssin sis\u00e4pinnalla. Linssikehys mahdollistaa v\u00e4rinkorjaussuodattimen kiinnitt\u00e4misen veden alla.<br \/>\nLCD-ikkuna: Polykarbonaatti koko n\u00e4yt\u00f6n optisen laadun n\u00e4ytt\u00f6ikkuna (n\u00e4yt\u00f6nsuoja saatavana - myyd\u00e4\u00e4n erikseen).<br \/>\nJalustakiinnitys: seitsem\u00e4n tavallista \u00bc-20 jalustakierrett\u00e4 lis\u00e4varusteiden kiinnitt\u00e4mist\u00e4 varten.<br \/>\nNaru: SeaLife deluxe pehmustettu naru, jossa on k\u00e4\u00e4ntyv\u00e4 kiinnitysliitin.<br \/>\nMateriaali: polykarbonaattikotelo, jossa on 304-316 ruostumatonta ter\u00e4st\u00e4 ja T6061-luokan kovaan anodisoitua alumiinia sis\u00e4lt\u00e4vi\u00e4 metalliosat.<br \/>\nMitat: Ulkoiset mitat: 213,1 mm x 125,7 mm x 54,8 mm. Sis\u00e4puolella: 165 mm x 80 mm x 9,7 mm.<br \/>\nPaino: 808 g pelkk\u00e4 UW-kotelo - ilman paristoja, suodatinta, Moisture Muncher 680 g pelkk\u00e4 UW-kotelo - paristoilla, suodattimella, Moisture Muncherilla, 10x med. pitokielekkeill\u00e4.<br \/>\nKelluvuus: UW:n kokonaispoijuvuus merivedess\u00e4 laskettaessa UW:n kokonaispoijuvuus merivedess\u00e4 v\u00e4hennet\u00e4\u00e4n puhelimen painosta.<br \/>\nTakuu: 1 vuoden rajoitettu takuu tai pidempi riippuen paikallisista viranomaism\u00e4\u00e4r\u00e4yksist\u00e4.<br \/>\nSertifiointi: CE, ROHS, FCC (FCC ID: 2ACKF-SL405)<br \/>\nAlkuper\u00e4maa: suunniteltu\/suunniteltu Yhdysvalloissa, valmistettu Kiinassa.<br \/>\nSportDiver-sovellus iOS:lle<\/p>\n<p>Sovellusyhteensopivuus: Tukee \u00e4lypuhelimia, joihin on asennettu nykyinen ja aiempi k\u00e4ytt\u00f6j\u00e4rjestelm\u00e4, johon voi tulla muutoksia Applen tai Googlen m\u00e4\u00e4rittelemien muutosten mukaan.<br \/>\nTilat: Valokuva - ottaa yhden kuvan jokaisella laukaisimen painalluksella Video - k\u00e4ynnist\u00e4\u00e4\/pys\u00e4ytt\u00e4\u00e4 videotallennuksen painamalla laukaisinta Asetukset - s\u00e4\u00e4t\u00e4\u00e4 kameran asetuksia (ks. alla) Toisto - tarkastelee valokuvia ja videoita.<br \/>\niOS-asetukset: Lens: Valitse yksi tai useampi linssi (riippuen puhelinmallista).<br \/>\nTarkennus: automaattinen tai manuaalinen<br \/>\nValkotasapaino (WB): automaattinen tai manuaalinen (3000K - 8000K) 100K:n askelin<br \/>\nV\u00e4ris\u00e4vy: +150 - -150 v\u00e4ris\u00e4vy\u00e4 10 yksik\u00f6n askelin.<br \/>\nValotusarvo (EV): -0,3 pyk\u00e4l\u00e4n askelin.<br \/>\nKuvaformaatti: JPEG (.jpg), RAW (.dng) ja JPEG + RAW.<br \/>\nProRAW (.dng) k\u00e4ytett\u00e4viss\u00e4 iPhone 12\/13\/14\/15 Pro\/ProMax ja uudemmissa iPhone 12\/13\/14\/15 Pro\/ProMax -laitteissa.<br \/>\nProRAW-tarkkuus: 12 MP tai 48 MP (48 MP vain iPhone 14\/15 Pro\/ProMaxissa)<br \/>\nVideon resoluutio: ProRes, 4K, 1080p tai 720p (ProRes vain iPhone 13\/14\/15 Pro\/ProMaxissa).<br \/>\nVirrans\u00e4\u00e4st\u00f6: Pois p\u00e4\u00e4lt\u00e4, 1 min, 2 min tai 5 min (her\u00e4\u00e4minen painamalla mit\u00e4 tahansa painiketta).<br \/>\nN\u00e4yt\u00f6n kirkkaus: 10% - 100%<br \/>\nVuotoh\u00e4lytys: P\u00e4\u00e4ll\u00e4 tai Pois p\u00e4\u00e4lt\u00e4 (\u00e4\u00e4nih\u00e4lytys ja varoitusviesti, kun vuoto havaitaan).<br \/>\nN\u00e4yt\u00f6n tiedot: n\u00e4ytt\u00e4\u00e4 valotusasetukset (voidaan kytke\u00e4 p\u00e4\u00e4lle tai pois p\u00e4\u00e4lt\u00e4).<br \/>\nAndroid-asetukset: Lens: Valitse yksi tai useampi linssi (riippuen puhelinmallista).<br \/>\nSuljinaika: automaattinen tai manuaalinen (1\/30 sek. - 1\/2000 sek.)<br \/>\nISO: automaattinen tai manuaalinen (50-3200)<br \/>\nValotusarvo (EV): -0,3 pyk\u00e4l\u00e4n askelin.<br \/>\nTarkennus: automaattinen tai manuaalinen<br \/>\nValkotasapaino (WB): Automaattinen, Manuaalinen, UW deep, UW shallow, P\u00e4iv\u00e4nvalo, Pilvinen<br \/>\nManuaalinen valkotasapaino: (2000K - 1000K) 100K:n askelin.<br \/>\nV\u00e4ritehosteet: Mustavalkoinen, Negatiivinen, Seepia, Pois p\u00e4\u00e4lt\u00e4.<br \/>\n3-Shot Burst: ottaa 3 kuvaa 1 sekunnin sis\u00e4ll\u00e4.<br \/>\nValokuvan resoluutio: Valitse yksi k\u00e4ytett\u00e4viss\u00e4 olevista valokuvan resoluutioasetuksista.<br \/>\nVideon tarkkuus: 4K, 1080p tai 720p<br \/>\nVakauttaminen: (koskee vain videotallennusta).<br \/>\nRAW+JPEG: P\u00e4\u00e4ll\u00e4 tai pois p\u00e4\u00e4lt\u00e4 RAW- (.dng) ja JPEG (.jpg) kuvatiedostojen ottaminen.<br \/>\nVirrans\u00e4\u00e4st\u00f6: Pois p\u00e4\u00e4lt\u00e4, 1 min, 2 min tai 5 min (her\u00e4\u00e4minen painamalla mit\u00e4 tahansa painiketta).<br \/>\nN\u00e4yt\u00f6n kirkkaus: 10% - 100%<br \/>\nVuotoh\u00e4lytys: P\u00e4\u00e4ll\u00e4 tai Pois p\u00e4\u00e4lt\u00e4 (\u00e4\u00e4nih\u00e4lytys ja varoitusviesti, kun vuoto havaitaan).<br \/>\nN\u00e4yt\u00f6n tiedot: n\u00e4ytt\u00e4\u00e4 valotusasetukset (voidaan kytke\u00e4 p\u00e4\u00e4lle tai pois p\u00e4\u00e4lt\u00e4).<br \/>\nJ\u00e4rjestelm\u00e4n palautus: palauttaa tehdasasetukset<\/p>\n<p>T\u00e4rke\u00e4\u00e4: Jotkin asetukset eiv\u00e4t ehk\u00e4 ole k\u00e4ytett\u00e4viss\u00e4 puhelimen merkin\/mallin mukaan.<br \/>\nJotkin asetukset on estetty (niit\u00e4 ei voi k\u00e4ytt\u00e4\u00e4) riippuen muista ristiriitaisista asetuksista.<\/p>\n<p>Objektiivin valinta-asetuksessa ei v\u00e4ltt\u00e4m\u00e4tt\u00e4 ole kaikkia saatavilla olevia puhelimen objektiiveja.<\/p>\n<p>Telelens on saatavilla Android-puhelimille.<\/p>\n<p>Tarkista SportDiver-sovelluksen p\u00e4ivitykset Apple App Storesta ja Google Play Storesta.<\/p>\n<p>Poista toiminto: Kyll\u00e4 - paina OK-painiketta kahdesti poistaaksesi valitun tiedoston toistotilassa.<br \/>\nAkun varaustason ilmaisin: Ilmaisee puhelimen ja vedenalaisen kotelon j\u00e4ljell\u00e4 olevan akun k\u00e4ytt\u00f6i\u00e4n.<br \/>\nZoomaa: Kyll\u00e4 - Zoomausalue vaihtelee puhelinmallin mukaan<br \/>\nTiedoston sijainti: Kuvat ja videot tallennetaan puhelimen Kuvat-sovellukseen muokkausta ja jakamista varten.<\/p>","protected":false},"excerpt":{"rendered":"<p>Itemnr. SL405 De SeaLife SportDiver Ultra is een compact en lichtgewicht onderwaterhuis voor smartphones. Met de SportDiver Ultra-behuizing kunnen duikers foto&#8217;s en [&hellip;]<\/p>\n","protected":false},"featured_media":2645,"comment_status":"open","ping_status":"closed","template":"","meta":{"_acf_changed":false},"product_brand":[],"product_cat":[387],"product_tag":[151,451,168,252,377,379,454,459,460,237,380],"class_list":{"0":"post-2584","1":"product","2":"type-product","3":"status-publish","4":"has-post-thumbnail","6":"product_cat-cameras-en-behuizing","7":"product_tag-behuizing","8":"product_tag-cases","9":"product_tag-onderwater","10":"product_tag-onderwaterwereld","11":"product_tag-photography","12":"product_tag-sealife","13":"product_tag-sportdiver","14":"product_tag-sportdiver-ultra","15":"product_tag-ultra","16":"product_tag-underwater","17":"product_tag-universal","18":"product_shipping_class-pakket","20":"first","21":"instock","22":"featured","23":"shipping-taxable","24":"product-type-simple"},"acf":[],"_links":{"self":[{"href":"https:\/\/sealife-cameras.eu\/fi\/wp-json\/wp\/v2\/product\/2584","targetHints":{"allow":["GET"]}}],"collection":[{"href":"https:\/\/sealife-cameras.eu\/fi\/wp-json\/wp\/v2\/product"}],"about":[{"href":"https:\/\/sealife-cameras.eu\/fi\/wp-json\/wp\/v2\/types\/product"}],"replies":[{"embeddable":true,"href":"https:\/\/sealife-cameras.eu\/fi\/wp-json\/wp\/v2\/comments?post=2584"}],"wp:featuredmedia":[{"embeddable":true,"href":"https:\/\/sealife-cameras.eu\/fi\/wp-json\/wp\/v2\/media\/2645"}],"wp:attachment":[{"href":"https:\/\/sealife-cameras.eu\/fi\/wp-json\/wp\/v2\/media?parent=2584"}],"wp:term":[{"taxonomy":"product_brand","embeddable":true,"href":"https:\/\/sealife-cameras.eu\/fi\/wp-json\/wp\/v2\/product_brand?post=2584"},{"taxonomy":"product_cat","embeddable":true,"href":"https:\/\/sealife-cameras.eu\/fi\/wp-json\/wp\/v2\/product_cat?post=2584"},{"taxonomy":"product_tag","embeddable":true,"href":"https:\/\/sealife-cameras.eu\/fi\/wp-json\/wp\/v2\/product_tag?post=2584"}],"curies":[{"name":"wp","href":"https:\/\/api.w.org\/{rel}","templated":true}]}}