{"id":2597,"date":"2024-05-13T09:28:20","date_gmt":"2024-05-13T07:28:20","guid":{"rendered":"https:\/\/modest-cartwright.45-82-188-209.plesk.page\/?post_type=product&#038;p=2597"},"modified":"2025-01-10T09:12:05","modified_gmt":"2025-01-10T08:12:05","slug":"sealife-sportdiver-ultra-2500-set","status":"publish","type":"product","link":"https:\/\/sealife-cameras.eu\/fi\/tuote\/sealife-sportdiver-ultra-2500-set\/","title":{"rendered":"Sealife SportDiver Ultra 2500 Set"},"content":{"rendered":"<p>SportDiver Ultra 2500 Set<br \/>\nTuotenro SL406<\/p>\n<p>SeaLife SportDiver Ultra Pro 2500 Set on kompakti ja kevyt vedenalainen kotelo \u00e4lypuhelimille, jossa on tehokas, v\u00e4rej\u00e4 parantava Sea Dragon 2500 -valokuvavideovalaisin. SportDiver Ultra -kotelon avulla sukeltajat voivat ottaa valokuvia ja videoita \u00e4lypuhelimillaan 40 metrin syvyyteen asti. SportDiver Ultra -koteloon mahtuu useimmat Android-mallit, mukaan lukien kaikki suuremmat Samsungin S-sarjan Ultra-mallit ja Googlen Pixel-mallisto, sek\u00e4 useimmat Iphonet. Tutustu SportDiverin yhteensopivuus- ja sovitusoppaaseen: <a href=\"https:\/\/www.sealife-cameras.com\/sportdiver-compatibility\/\">https:\/\/www.sealife-cameras.com\/sportdiver-compatibility\/<\/a> n\u00e4hd\u00e4ksesi, mahtuuko puhelimesi siihen. Ilmainen SportDiver-sovellus on saatavilla App Storesta tai Play Storesta, ja se toimii nykyisen ja edellisen sukupolven k\u00e4ytt\u00f6j\u00e4rjestelmiss\u00e4.<\/p>\n<p>Kest\u00e4v\u00e4 kotelo on valmistettu polykarbonaatista, ruostumattomasta ter\u00e4ksest\u00e4, alumiinista ja optisesta lasista. SportDiver Ultra -kotelo on \"raskas\", mutta ei raskas. Se painaa 808 grammaa, joten se on kevyt matkustamista varten ja tarjoaa l\u00e4hes neutraalin kelluvuuden vedess\u00e4, riippuen siit\u00e4, mit\u00e4 \u00e4lypuhelinmallia k\u00e4ytet\u00e4\u00e4n. Sea Dragon 2500 lis\u00e4\u00e4 623 grammaa akun, kahvan ja lokeron kanssa. Se voidaan helposti kiinnitt\u00e4\u00e4 tai irrottaa valaistusvaatimusten mukaan.<\/p>\n<p>SportDiver Ultra -kameraa on helppo pit\u00e4\u00e4 k\u00e4dess\u00e4 ja k\u00e4ytt\u00e4\u00e4, ja siin\u00e4 on suuri laukaisuvipu ja takapuolella olevat ohjauspainikkeet, jotka helpottavat k\u00e4ytt\u00f6\u00e4 jopa sukellusk\u00e4sineet k\u00e4dess\u00e4. Snorklaajat ja sukeltajat voivat olla luovempia valokuvissaan tai videotallenteissaan k\u00e4ytt\u00e4m\u00e4ll\u00e4 kameran lis\u00e4asetuksia*. S\u00e4\u00e4d\u00e4 zoomia, valotusta (EV), automaattista\/manuaalista tarkennusta, valkotasapainoa, v\u00e4ris\u00e4vy\u00e4, objektiivin valintaa, RAW+JPEG-tilaa ja videon vakautusta (k\u00e4ytett\u00e4viss\u00e4 olevissa puhelinmalleissa)*.<\/p>\n<p>Kirkas valo takaa upeat v\u00e4rit<br \/>\nSea Dragon 2500 k\u00e4ytt\u00e4\u00e4 litte\u00e4\u00e4 COB-LED-teknologiaa j\u00e4ljittelem\u00e4\u00e4n tarkasti luonnollista auringonvaloa, mik\u00e4 tuo esiin upeat v\u00e4rit vedenalaisissa valokuvissa ja videoissa. V\u00e4rintoistoindeksin ollessa 90 Sea Dragon 2500 ratkaisee vedenalaisissa valokuvissa ja videoissa esiintyvien himmeiden v\u00e4rien ongelman.<\/p>\n<p>SportDiver Ultra -kotelo sis\u00e4lt\u00e4\u00e4 ilmaisen SportDiver-sovelluksen; toisin kuin muissa \u00e4lypuhelinten kotelosovelluksissa, sovelluksessa ei ole \u00e4rsytt\u00e4vi\u00e4 sovelluksen sis\u00e4isi\u00e4 ostoja tai mainoksia. Voit helposti vaihtaa valokuva- ja videotilan v\u00e4lill\u00e4. SportDiver-sovellus hy\u00f6dynt\u00e4\u00e4 puhelimesi kameratekniikkaa, joka on ominaista kullekin puhelinmallille*. Sovellus tukee nykyisi\u00e4 ja aiempia k\u00e4ytt\u00f6j\u00e4rjestelm\u00e4versioita, sovellus p\u00e4ivitet\u00e4\u00e4n uusien k\u00e4ytt\u00f6j\u00e4rjestelm\u00e4versioiden mukaan.<\/p>\n<p>Sovelluksen toistotila n\u00e4ytt\u00e4\u00e4 valokuvat ja videot t\u00e4ysikokoisina pystysuoralla pikkukuvakaistaleella, joten kuvien l\u00f6yt\u00e4minen on helppoa. Videot toistetaan automaattisesti, kun ne valitaan. Kaikki tiedostot tallentuvat my\u00f6s puhelimen elokuvarullaan. SportDiver Ultra -kotelo muodostaa automaattisesti yhteyden \u00e4lypuhelimeen ja SportDiver-sovellukseen langattoman Bluetooth\u00ae Low Energy (LE) 5 -tekniikan avulla. Puhelimeen ei kosketa kaapeleita tai painikkeita, ja virrankulutus on eritt\u00e4in alhainen sek\u00e4 puhelimessa ett\u00e4 kotelossa, joka saa virtansa kahdesta AAA-paristosta, jotka kest\u00e4v\u00e4t yli 50 tuntia jatkuvaa k\u00e4ytt\u00f6\u00e4.<\/p>\n<p>Parempien kuvatulosten saamiseksi SportDiver Ultra -kamerassa on irrotettava vedenalainen v\u00e4rinkorjaussuodatin, joka palauttaa vedenalaiset luonnolliset v\u00e4rit. Punainen suodatin voidaan helposti kiinnitt\u00e4\u00e4 tai irrottaa veden alla, ja siin\u00e4 on turvanauha, joka est\u00e4\u00e4 sen katoamisen.<\/p>\n<p>SportDiver Ultra -kotelossa on seitsem\u00e4n 1\/4-20 jalustakiinnikett\u00e4, jotka voidaan kiinnitt\u00e4\u00e4 mihin tahansa lampun, jossa on vakiomallinen jalustakierre, kuten SeaLifen Sea Dragon -valaisimien sarjaan.<\/p>\n<p>Puhelimen turvallisuuden ja suojan varmistamiseksi SportDiver Ultrassa on tukeva jousi ja kumiset pitokielekkeet, jotka pit\u00e4v\u00e4t \u00e4lypuhelimen tukevasti paikallaan ja suojaavat sit\u00e4 iskuilta. SportDiver Ultrassa on \"Dual Leak Alarms\", mukaan lukien sis\u00e4inen kosteush\u00e4lytys ja tyhji\u00f6paineh\u00e4lytys, joka h\u00e4lytt\u00e4\u00e4 sukeltajaa n\u00e4yt\u00f6ll\u00e4 n\u00e4kyvill\u00e4 h\u00e4lytyksill\u00e4, \u00e4\u00e4ni- ja LED-signaaleilla siin\u00e4 ep\u00e4todenn\u00e4k\u00f6isess\u00e4 tapauksessa, ett\u00e4 vedenpit\u00e4v\u00e4 tiiviste vaarantuu ja kotelossa tapahtuu paineh\u00e4vi\u00f6 tai havaitaan kosteutta. SportDiver Ultran luukku on tiivistetty TPE O-renkaalla ja vankalla nokkapainotiivisteell\u00e4, joka lukitsee vedenpit\u00e4v\u00e4n luukun helposti ja turvallisesti. J\u00e4\u00e4nn\u00f6skosteudesta johtuvan sis\u00e4isen huurtumisen est\u00e4miseksi SportDiver Ultrassa k\u00e4ytet\u00e4\u00e4n huurtumisenestokapselia \"Moisture Muncher\", joka est\u00e4\u00e4 huurtumisen ja sis\u00e4isen tiivistymisen.<\/p>\n<p>*T\u00e4rke\u00e4\u00e4: Jotkin asetukset eiv\u00e4t ehk\u00e4 ole k\u00e4ytett\u00e4viss\u00e4 puhelimen merkin\/mallin mukaan. Ristiriitaisista asetuksista riippuen asetukset voivat olla estettyin\u00e4 tai saavuttamattomissa. Esimerkiksi Portrait (taustan sumentaminen) -asetus on k\u00e4ytett\u00e4viss\u00e4 vain iPhoneissa, joissa on useita linssej\u00e4. Objektiivin valinta -asetus ei v\u00e4ltt\u00e4m\u00e4tt\u00e4 sis\u00e4ll\u00e4 kaikkia k\u00e4ytett\u00e4viss\u00e4 olevia puhelimen objektiiveja; Teleobjektiivi ei ole k\u00e4ytett\u00e4viss\u00e4 Android-puhelimissa. Tarkista SportDiver-sovelluksen p\u00e4ivitykset App Storesta ja Play Storesta.<\/p>","protected":false},"excerpt":{"rendered":"<p>SportDiver Ultra 2500 Set Product Nr. SL406 De SeaLife SportDiver Ultra Pro 2500 Set is een compacte en lichtgewicht onderwaterbehuizing voor smartphones [&hellip;]<\/p>\n","protected":false},"featured_media":2780,"comment_status":"open","ping_status":"closed","template":"","meta":{"_acf_changed":false},"product_brand":[],"product_cat":[387],"product_tag":[152,146,168,252,377,378,439,379,454,459,461,460,237,380],"class_list":{"0":"post-2597","1":"product","2":"type-product","3":"status-publish","4":"has-post-thumbnail","6":"product_cat-cameras-en-behuizing","7":"product_tag-camera","8":"product_tag-fotografie","9":"product_tag-onderwater","10":"product_tag-onderwaterwereld","11":"product_tag-photography","12":"product_tag-sea-dragon","13":"product_tag-sea-dragon-lampen","14":"product_tag-sealife","15":"product_tag-sportdiver","16":"product_tag-sportdiver-ultra","17":"product_tag-sportdiver-ultra-2500-set","18":"product_tag-ultra","19":"product_tag-underwater","20":"product_tag-universal","21":"product_shipping_class-pakket","23":"first","24":"instock","25":"shipping-taxable","26":"product-type-simple"},"acf":[],"_links":{"self":[{"href":"https:\/\/sealife-cameras.eu\/fi\/wp-json\/wp\/v2\/product\/2597","targetHints":{"allow":["GET"]}}],"collection":[{"href":"https:\/\/sealife-cameras.eu\/fi\/wp-json\/wp\/v2\/product"}],"about":[{"href":"https:\/\/sealife-cameras.eu\/fi\/wp-json\/wp\/v2\/types\/product"}],"replies":[{"embeddable":true,"href":"https:\/\/sealife-cameras.eu\/fi\/wp-json\/wp\/v2\/comments?post=2597"}],"wp:featuredmedia":[{"embeddable":true,"href":"https:\/\/sealife-cameras.eu\/fi\/wp-json\/wp\/v2\/media\/2780"}],"wp:attachment":[{"href":"https:\/\/sealife-cameras.eu\/fi\/wp-json\/wp\/v2\/media?parent=2597"}],"wp:term":[{"taxonomy":"product_brand","embeddable":true,"href":"https:\/\/sealife-cameras.eu\/fi\/wp-json\/wp\/v2\/product_brand?post=2597"},{"taxonomy":"product_cat","embeddable":true,"href":"https:\/\/sealife-cameras.eu\/fi\/wp-json\/wp\/v2\/product_cat?post=2597"},{"taxonomy":"product_tag","embeddable":true,"href":"https:\/\/sealife-cameras.eu\/fi\/wp-json\/wp\/v2\/product_tag?post=2597"}],"curies":[{"name":"wp","href":"https:\/\/api.w.org\/{rel}","templated":true}]}}