{"id":2811,"date":"2024-06-28T12:54:51","date_gmt":"2024-06-28T10:54:51","guid":{"rendered":"https:\/\/sealife-cameras.eu\/?post_type=product&#038;p=2811"},"modified":"2024-08-20T12:42:41","modified_gmt":"2024-08-20T10:42:41","slug":"sealife-large-underwater-retractor","status":"publish","type":"product","link":"https:\/\/sealife-cameras.eu\/fi\/tuote\/sealife-large-underwater-retractor\/","title":{"rendered":"SeaLife Suuri vaihteen kelauslaite"},"content":{"rendered":"<p>Sealife Suuri hammaspy\u00f6r\u00e4n kelauslaite<br \/>\nTuotenro SL926<\/p>\n<p>SeaLife Large Gear Retractor on suunniteltu keskikokoisille kameroille ja koteloille SeaLife SportDiver- tai DC-kameroiden tai vastaavien mallien kokoon asti. Suuri kelauslaite sopii my\u00f6s suuremmille k\u00e4sisukellusvaloille. Kelauslaitteessa on suuri 316 ruostumattomasta ter\u00e4ksest\u00e4 valmistettu napsautusklipsi, joka voidaan kiinnitt\u00e4\u00e4 BCD:hen tai liiviin. Kelauslaitteessa on my\u00f6s pikalukitus, jonka avulla voit nopeasti irrottaa sen kiinnitetyst\u00e4 laitteesta. Suuri pyydysretraktori ulottuu 107 cm:n pituiseksi ja sen vetovoima on 340 g. Vetonarun murtolujuus on 36 kg. Kelausj\u00e4rjestelm\u00e4 huuhtoutuu itsest\u00e4\u00e4n; ainoa tarvittava huolto on perusteellinen pesu makeassa vedess\u00e4.<\/p>","protected":false},"excerpt":{"rendered":"<p>Sealife Large Gear Retractor Product nr. SL926 De SeaLife Large Gear Retractor is ontworpen voor middelgrote camera&#8217;s en behuizingen tot de grootte [&hellip;]<\/p>\n","protected":false},"featured_media":2812,"comment_status":"open","ping_status":"closed","template":"","meta":{"_acf_changed":false},"product_brand":[],"product_cat":[385],"product_tag":[251,282,146,464,168,252,377,463,379,237,380],"class_list":{"0":"post-2811","1":"product","2":"type-product","3":"status-publish","4":"has-post-thumbnail","6":"product_cat-overige-accessoires","7":"product_tag-accessoires","8":"product_tag-diving","9":"product_tag-fotografie","10":"product_tag-gear-retractor","11":"product_tag-onderwater","12":"product_tag-onderwaterwereld","13":"product_tag-photography","14":"product_tag-retractor","15":"product_tag-sealife","16":"product_tag-underwater","17":"product_tag-universal","18":"product_shipping_class-pakket","20":"first","21":"instock","22":"shipping-taxable","23":"product-type-simple"},"acf":[],"_links":{"self":[{"href":"https:\/\/sealife-cameras.eu\/fi\/wp-json\/wp\/v2\/product\/2811","targetHints":{"allow":["GET"]}}],"collection":[{"href":"https:\/\/sealife-cameras.eu\/fi\/wp-json\/wp\/v2\/product"}],"about":[{"href":"https:\/\/sealife-cameras.eu\/fi\/wp-json\/wp\/v2\/types\/product"}],"replies":[{"embeddable":true,"href":"https:\/\/sealife-cameras.eu\/fi\/wp-json\/wp\/v2\/comments?post=2811"}],"wp:featuredmedia":[{"embeddable":true,"href":"https:\/\/sealife-cameras.eu\/fi\/wp-json\/wp\/v2\/media\/2812"}],"wp:attachment":[{"href":"https:\/\/sealife-cameras.eu\/fi\/wp-json\/wp\/v2\/media?parent=2811"}],"wp:term":[{"taxonomy":"product_brand","embeddable":true,"href":"https:\/\/sealife-cameras.eu\/fi\/wp-json\/wp\/v2\/product_brand?post=2811"},{"taxonomy":"product_cat","embeddable":true,"href":"https:\/\/sealife-cameras.eu\/fi\/wp-json\/wp\/v2\/product_cat?post=2811"},{"taxonomy":"product_tag","embeddable":true,"href":"https:\/\/sealife-cameras.eu\/fi\/wp-json\/wp\/v2\/product_tag?post=2811"}],"curies":[{"name":"wp","href":"https:\/\/api.w.org\/{rel}","templated":true}]}}