{"id":3292,"date":"2025-04-02T13:54:35","date_gmt":"2025-04-02T11:54:35","guid":{"rendered":"https:\/\/sealife-cameras.eu\/?post_type=product&#038;p=3292"},"modified":"2025-08-07T12:36:16","modified_gmt":"2025-08-07T10:36:16","slug":"micro-3-0-met-bijna-gratis-sea-dragon-2300-lamp","status":"publish","type":"product","link":"https:\/\/sealife-cameras.eu\/fi\/tuote\/micro-3-0-met-bijna-gratis-sea-dragon-2300-lamp\/","title":{"rendered":"Micro 3.0 ja (l\u00e4hes) ilmainen Sea Dragon 2300 -lamppu"},"content":{"rendered":"<p><em>Micro 3.0 ja (l\u00e4hes) ilmainen Sea Dragon 2300 -lamppu<\/em><br \/>\n<em>Tuotenro SL556<\/em><\/p>\n<p>SeaLife tarjoaa rajoitetun ajan Micro 3.0 Camera &amp; Light Limited Edition -lahjasetin, joka sis\u00e4lt\u00e4\u00e4 uuden Sea Dragon 2300F Photo Video Light -valaisimen. Uuden lampun poikkeuksellinen v\u00e4rintoisto on 80 (CRI) ja v\u00e4ril\u00e4mp\u00f6tila 5000K (Kelvin), ja sen k\u00e4ytt\u00f6aika on 80 minuuttia t\u00e4ydell\u00e4 teholla. Kamera ja lamppu on esiasennettu, ja niit\u00e4 voidaan k\u00e4ytt\u00e4\u00e4 l\u00e4hes v\u00e4litt\u00f6m\u00e4sti latauksen j\u00e4lkeen.<\/p>\n<p>Micro 3.0 vedenalainen kamera, uusin ja kolmas sukupolvi suositusta pysyv\u00e4sti suljetusta Micro-kamerasarjasta. Kamera on t\u00e4ysin vedenpit\u00e4v\u00e4sti tiivistetty. Ei venttiileit\u00e4, suojuksia tai O-renkailla varustettuja tiivisteit\u00e4, joita pit\u00e4\u00e4 rasvata tai huoltaa, joten kameran mahdollisista vesivahingoista tai tulvimisesta ei ole mit\u00e4\u00e4n huolta. Edelt\u00e4jiens\u00e4 tavoin Micro 3.0:ssa on ergonominen, vankka mutta kompakti muotoilu ja k\u00e4ytt\u00e4j\u00e4yst\u00e4v\u00e4lliset s\u00e4\u00e4timet ja valikot.<\/p>\n<p>Sea Dragon 2300F -valosarja tarjoaa eritt\u00e4in hyv\u00e4n v\u00e4ril\u00e4mp\u00f6tilan ja vedenalaisen v\u00e4rintoiston. Suunniteltu action-kameroille, \u00e4lypuhelimille ja pienikokoisille digitaalikameroille, jotka tarvitsevat hyv\u00e4n valonl\u00e4hteen v\u00e4rikk\u00e4iden valokuvien ja videoiden tuottamiseen veden alla. Sea Dragon 2300F on erityisen hy\u00f6dyllinen toimintakameroille, ja siihen kuuluu Flex-Connect Grip, Micro Tray ja toimintakamerakiinnike. Lampun CRI (Colour Rendering Index) on vaikuttava 80 ja v\u00e4ril\u00e4mp\u00f6tila 5000K, joten se sopii erinomaisesti vedenalaiseen valokuvaukseen ja videokuvaukseen. Pitk\u00e4 80 minuutin k\u00e4ytt\u00f6aika t\u00e4ydell\u00e4 teholla mahdollistaa useat sukellukset ilman akun lataamista.<\/p>","protected":false},"excerpt":{"rendered":"<p>Micro 3.0 met (bijna) gratis Sea Dragon 2300 lamp Product nr. SL556 Voor een beperkte tijd biedt SeaLife de Micro 3.0 Camera [&hellip;]<\/p>\n","protected":false},"featured_media":3485,"comment_status":"open","ping_status":"closed","template":"","meta":{"_acf_changed":false},"product_brand":[],"product_cat":[387],"product_tag":[],"class_list":{"0":"post-3292","1":"product","2":"type-product","3":"status-publish","4":"has-post-thumbnail","6":"product_cat-cameras-en-behuizing","8":"first","9":"instock","10":"featured","11":"shipping-taxable","12":"product-type-simple"},"acf":[],"_links":{"self":[{"href":"https:\/\/sealife-cameras.eu\/fi\/wp-json\/wp\/v2\/product\/3292","targetHints":{"allow":["GET"]}}],"collection":[{"href":"https:\/\/sealife-cameras.eu\/fi\/wp-json\/wp\/v2\/product"}],"about":[{"href":"https:\/\/sealife-cameras.eu\/fi\/wp-json\/wp\/v2\/types\/product"}],"replies":[{"embeddable":true,"href":"https:\/\/sealife-cameras.eu\/fi\/wp-json\/wp\/v2\/comments?post=3292"}],"wp:featuredmedia":[{"embeddable":true,"href":"https:\/\/sealife-cameras.eu\/fi\/wp-json\/wp\/v2\/media\/3485"}],"wp:attachment":[{"href":"https:\/\/sealife-cameras.eu\/fi\/wp-json\/wp\/v2\/media?parent=3292"}],"wp:term":[{"taxonomy":"product_brand","embeddable":true,"href":"https:\/\/sealife-cameras.eu\/fi\/wp-json\/wp\/v2\/product_brand?post=3292"},{"taxonomy":"product_cat","embeddable":true,"href":"https:\/\/sealife-cameras.eu\/fi\/wp-json\/wp\/v2\/product_cat?post=3292"},{"taxonomy":"product_tag","embeddable":true,"href":"https:\/\/sealife-cameras.eu\/fi\/wp-json\/wp\/v2\/product_tag?post=3292"}],"curies":[{"name":"wp","href":"https:\/\/api.w.org\/{rel}","templated":true}]}}