{"id":3486,"date":"2025-08-07T12:39:42","date_gmt":"2025-08-07T10:39:42","guid":{"rendered":"https:\/\/sealife-cameras.eu\/?post_type=product&#038;p=3486"},"modified":"2025-08-07T12:42:57","modified_gmt":"2025-08-07T10:42:57","slug":"sea-dragon-mini-1600-kit","status":"publish","type":"product","link":"https:\/\/sealife-cameras.eu\/fi\/tuote\/sea-dragon-mini-1600-kit\/","title":{"rendered":"Sea Dragon Mini 1600 KIT"},"content":{"rendered":"<p data-start=\"73\" data-end=\"115\"><em>Sea Dragon Mini 1600 Kit<\/em><br \/>\n<em>Tuotenro SLKIT13<\/em><\/p>\n<p data-start=\"73\" data-end=\"115\"><strong>Pieni kooltaan, suuri suorituskyvylt\u00e4\u00e4n! Uusi SeaDragon Mini 1600<\/strong><strong>\u00a0sukelluslamppu.\u00a0<\/strong><\/p>\n<p><strong>\u00c4l\u00e4 missaa t\u00e4t\u00e4:\u00a0<\/strong>Kompaktit SeaDragon Mini 1600 -sukellusvalot. 1600 lumenin k\u00e4sisukellusvalo tarjoaa sukeltajille valtavan kirkkaan ja keskitetyn valon. Napin painalluksella napsautat l\u00e4pi 5 eri valoasetusta.<br \/>\n<strong>SeaDragon Minin ominaisuudet:\u00a0<\/strong>uusi Luminus SFT-40 LED ja eritt\u00e4in tiukat 6\u00b0 , 4,5\u00b0 valonheittokulmat veden alla, jolloin tehokkaat valot ylt\u00e4v\u00e4t pitkille et\u00e4isyyksille minimaalisella hajonnalla.<\/p>\n<h3 data-start=\"73\" data-end=\"115\"><strong data-start=\"77\" data-end=\"115\">SeaDragon Mini 1600 Tekniset tiedot:<\/strong><\/h3>\n<ul data-start=\"117\" data-end=\"816\">\n<li data-start=\"117\" data-end=\"183\">\n<p data-start=\"119\" data-end=\"183\"><strong data-start=\"119\" data-end=\"129\">Lumen:<\/strong>\u00a01600 todellista lumenia uusimmalla Luminus SFT-40 LED:ll\u00e4.<\/p>\n<\/li>\n<li data-start=\"184\" data-end=\"295\">\n<p data-start=\"186\" data-end=\"295\"><strong data-start=\"186\" data-end=\"202\">Valons\u00e4de:<\/strong>\u00a06\u00b0 valokeila (4,5\u00b0 veden alla) pitk\u00e4n kantaman n\u00e4kyvyyteen ja merenel\u00e4vien paikantamiseen.<\/p>\n<\/li>\n<li data-start=\"296\" data-end=\"527\">\n<p data-start=\"298\" data-end=\"322\"><strong data-start=\"298\" data-end=\"320\">Yhden painikkeen k\u00e4ytt\u00f6:<\/strong><\/p>\n<ul data-start=\"325\" data-end=\"527\">\n<li data-start=\"325\" data-end=\"368\">\n<p data-start=\"327\" data-end=\"368\">Kytke p\u00e4\u00e4lle\/pois p\u00e4\u00e4lt\u00e4 painamalla pitk\u00e4\u00e4n (1 sekunti).<\/p>\n<\/li>\n<li data-start=\"371\" data-end=\"527\">\n<p data-start=\"373\" data-end=\"527\">Vaihda 3 kirkkaustilan v\u00e4lill\u00e4 painamalla lyhyesti:<br data-start=\"425\" data-end=\"428\" \/>- T\u00e4ysi teho: 1600 lumenia<br data-start=\"458\" data-end=\"461\" \/>- Puoliteho: 800 lumenia<br data-start=\"491\" data-end=\"494\" \/>- Nelj\u00e4nnes teho: 400 lumenia<\/p>\n<\/li>\n<\/ul>\n<\/li>\n<li data-start=\"529\" data-end=\"639\">\n<p data-start=\"531\" data-end=\"639\"><strong data-start=\"531\" data-end=\"552\">Instant-ON-tila:<\/strong>\u00a0Mahdollistaa lampun kytkemisen p\u00e4\u00e4lle tai pois p\u00e4\u00e4lt\u00e4 suoraan painamalla painiketta.<\/p>\n<\/li>\n<li data-start=\"641\" data-end=\"698\">\n<p data-start=\"643\" data-end=\"698\"><strong data-start=\"643\" data-end=\"660\">Paristotyyppi:<\/strong>\u00a01x 18650 ladattava Li-ion akku<\/p>\n<\/li>\n<li data-start=\"700\" data-end=\"816\">\n<p data-start=\"702\" data-end=\"816\"><strong data-start=\"702\" data-end=\"727\">Paloaika jopa 7,2 tuntia<\/strong>\u00a04000 mAh:n akulla nelj\u00e4nnes teholla. Yksityiskohtaiset tekniset tiedot akkua kohti:<\/p>\n<\/li>\n<\/ul>\n<p data-start=\"818\" data-end=\"866\"><strong data-start=\"818\" data-end=\"864\">Xtar 18650 (4000 mAh) ladattava akku:<\/strong><\/p>\n<ul data-start=\"867\" data-end=\"991\">\n<li data-start=\"867\" data-end=\"894\">\n<p data-start=\"869\" data-end=\"894\">1,2 tuntia t\u00e4ydell\u00e4 teholla<\/p>\n<\/li>\n<li data-start=\"895\" data-end=\"923\">\n<p data-start=\"897\" data-end=\"923\">2,4 tuntia puolella teholla<\/p>\n<\/li>\n<li data-start=\"924\" data-end=\"953\">\n<p data-start=\"926\" data-end=\"953\">4,8 tuntia nelj\u00e4nnesvirralla<\/p>\n<\/li>\n<li data-start=\"954\" data-end=\"991\">\n<p data-start=\"956\" data-end=\"991\">48+ tuntia h\u00e4t\u00e4vilkutuksessa\/SOS-tilassa<\/p>\n<\/li>\n<\/ul>\n<p data-start=\"993\" data-end=\"1041\"><strong data-start=\"993\" data-end=\"1039\">Xtar 18650 (3500 mAh) ladattava akku:<\/strong><\/p>\n<ul data-start=\"1042\" data-end=\"2062\">\n<li data-start=\"1042\" data-end=\"1067\">\n<p data-start=\"1044\" data-end=\"1067\">1 tunti t\u00e4ydell\u00e4 teholla<\/p>\n<\/li>\n<li data-start=\"1068\" data-end=\"1094\">\n<p data-start=\"1070\" data-end=\"1094\">2 tuntia puolella teholla<\/p>\n<\/li>\n<li data-start=\"1095\" data-end=\"1122\">\n<p data-start=\"1097\" data-end=\"1122\">4 tuntia nelj\u00e4nnesvirralla<\/p>\n<\/li>\n<li data-start=\"1123\" data-end=\"1160\">\n<p data-start=\"1125\" data-end=\"1160\">40+ tuntia h\u00e4t\u00e4vilkutuksessa\/SOS-tilassa<\/p>\n<\/li>\n<li data-start=\"1162\" data-end=\"1284\">\n<p data-start=\"1164\" data-end=\"1284\"><strong data-start=\"1164\" data-end=\"1178\">H\u00e4t\u00e4tila:<\/strong>\u00a0Paina pois p\u00e4\u00e4lt\u00e4 -tilasta painiketta 4 sekunnin ajan aktivoidaksesi vilkku-\/SOS-tilan.<\/p>\n<\/li>\n<li data-start=\"1286\" data-end=\"1392\">\n<p data-start=\"1288\" data-end=\"1327\"><strong data-start=\"1288\" data-end=\"1325\">V\u00e4rikoodattu pariston merkkivalo:<\/strong><\/p>\n<ul data-start=\"1330\" data-end=\"1392\">\n<li data-start=\"1330\" data-end=\"1345\">\n<p data-start=\"1332\" data-end=\"1345\">Vihre\u00e4 = t\u00e4ynn\u00e4<\/p>\n<\/li>\n<li data-start=\"1348\" data-end=\"1368\">\n<p data-start=\"1350\" data-end=\"1368\">Keltainen = keskim\u00e4\u00e4r\u00e4inen<\/p>\n<\/li>\n<li data-start=\"1371\" data-end=\"1392\">\n<p data-start=\"1373\" data-end=\"1392\">Punainen = l\u00e4hes tyhj\u00e4<\/p>\n<\/li>\n<\/ul>\n<\/li>\n<li data-start=\"1394\" data-end=\"1494\">\n<p data-start=\"1396\" data-end=\"1494\"><strong data-start=\"1396\" data-end=\"1419\">Varoventtiili:<\/strong>\u00a0Paineenalennukseen, jos sis\u00e4inen paine kasvaa vaurioituneen akun vuoksi.<\/p>\n<\/li>\n<li data-start=\"1496\" data-end=\"1562\">\n<p data-start=\"1498\" data-end=\"1562\"><strong data-start=\"1498\" data-end=\"1514\">Rakentaminen:<\/strong>\u00a0Valmistettu anodisoidusta alumiinista (jyrsitty)<\/p>\n<\/li>\n<li data-start=\"1564\" data-end=\"1630\">\n<p data-start=\"1566\" data-end=\"1630\"><strong data-start=\"1566\" data-end=\"1579\">O-renkaat:<\/strong>\u00a0Kaksinkertaiset silikoniset O-renkaat (osa # SL65301)<\/p>\n<\/li>\n<li data-start=\"1632\" data-end=\"1666\">\n<p data-start=\"1634\" data-end=\"1666\"><strong data-start=\"1634\" data-end=\"1653\">Elinik\u00e4inen LED:<\/strong>\u00a030,000 tuntia<\/p>\n<\/li>\n<li data-start=\"1668\" data-end=\"1708\">\n<p data-start=\"1670\" data-end=\"1708\"><strong data-start=\"1670\" data-end=\"1691\">V\u00e4ril\u00e4mp\u00f6tila:<\/strong>\u00a06000-7000K<\/p>\n<\/li>\n<li data-start=\"1710\" data-end=\"1747\">\n<p data-start=\"1712\" data-end=\"1747\"><strong data-start=\"1712\" data-end=\"1742\">V\u00e4rintoistoindeksi (CRI):<\/strong>\u00a070<\/p>\n<\/li>\n<li data-start=\"1749\" data-end=\"1798\">\n<p data-start=\"1751\" data-end=\"1798\"><strong data-start=\"1751\" data-end=\"1777\">Vedenpit\u00e4v\u00e4ksi testattu:<\/strong>\u00a0100 metri\u00e4 (330 jalkaa)<\/p>\n<\/li>\n<li data-start=\"1800\" data-end=\"1857\">\n<p data-start=\"1802\" data-end=\"1857\"><strong data-start=\"1802\" data-end=\"1826\">K\u00e4ytt\u00f6l\u00e4mp\u00f6tila:<\/strong>\u00a00\u00b0C - 45\u00b0C (0\u00b0F - 113\u00b0F)<\/p>\n<\/li>\n<li data-start=\"1859\" data-end=\"1917\">\n<p data-start=\"1861\" data-end=\"1917\"><strong data-start=\"1861\" data-end=\"1883\">Varastointil\u00e4mp\u00f6tila:<\/strong>\u00a0-10\u00b0C - 60\u00b0C (14\u00b0F - 140\u00b0F)<\/p>\n<\/li>\n<li data-start=\"1919\" data-end=\"1976\">\n<p data-start=\"1921\" data-end=\"1976\"><strong data-start=\"1921\" data-end=\"1943\">Tuotteen mitat:<\/strong>\u00a0\u00d8 40 mm x 151 mm (1,6\" x 5,9\")<\/p>\n<\/li>\n<li data-start=\"1978\" data-end=\"2035\">\n<p data-start=\"1980\" data-end=\"2035\"><strong data-start=\"1980\" data-end=\"1999\">Tuotteen paino:<\/strong>\u00a0149 grammaa (5,3 oz) ilman akkua.<\/p>\n<\/li>\n<li data-start=\"2037\" data-end=\"2062\">\n<p data-start=\"2039\" data-end=\"2062\"><strong data-start=\"2039\" data-end=\"2047\">UPC:<\/strong>\u00a0077068416586<\/p>\n<\/li>\n<\/ul>\n<p data-start=\"2064\" data-end=\"2297\"><strong data-start=\"2064\" data-end=\"2078\">Huomautus:<\/strong>\u00a0K\u00e4yt\u00e4 vain 18650-akkua, jossa on nappisuljin (eli ei litteit\u00e4 p\u00e4it\u00e4), jossa on integroidut suojauspiirit, v\u00e4hint\u00e4\u00e4n 3500 mAh ja jonka purkausvirta on v\u00e4hint\u00e4\u00e4n 3,5 A. K\u00e4yt\u00e4\u00a0<strong data-start=\"2271\" data-end=\"2279\">ei<\/strong>\u00a0CR123-paristot.<\/p>","protected":false},"excerpt":{"rendered":"<p>Sea Dragon Mini 1600 Kit Product Nr. SLKIT13 Klein van stuk, groots in prestatie! De nieuwe SeaDragon Mini 1600\u00a0duiklamp.\u00a0 Dit mag je [&hellip;]<\/p>\n","protected":false},"featured_media":3490,"comment_status":"open","ping_status":"closed","template":"","meta":{"_acf_changed":false},"product_brand":[],"product_cat":[44],"product_tag":[168,252,377,378,439,379,237],"class_list":{"0":"post-3486","1":"product","2":"type-product","3":"status-publish","4":"has-post-thumbnail","6":"product_cat-duiklampen","7":"product_tag-onderwater","8":"product_tag-onderwaterwereld","9":"product_tag-photography","10":"product_tag-sea-dragon","11":"product_tag-sea-dragon-lampen","12":"product_tag-sealife","13":"product_tag-underwater","15":"first","16":"instock","17":"featured","18":"shipping-taxable","19":"product-type-simple"},"acf":[],"_links":{"self":[{"href":"https:\/\/sealife-cameras.eu\/fi\/wp-json\/wp\/v2\/product\/3486","targetHints":{"allow":["GET"]}}],"collection":[{"href":"https:\/\/sealife-cameras.eu\/fi\/wp-json\/wp\/v2\/product"}],"about":[{"href":"https:\/\/sealife-cameras.eu\/fi\/wp-json\/wp\/v2\/types\/product"}],"replies":[{"embeddable":true,"href":"https:\/\/sealife-cameras.eu\/fi\/wp-json\/wp\/v2\/comments?post=3486"}],"wp:featuredmedia":[{"embeddable":true,"href":"https:\/\/sealife-cameras.eu\/fi\/wp-json\/wp\/v2\/media\/3490"}],"wp:attachment":[{"href":"https:\/\/sealife-cameras.eu\/fi\/wp-json\/wp\/v2\/media?parent=3486"}],"wp:term":[{"taxonomy":"product_brand","embeddable":true,"href":"https:\/\/sealife-cameras.eu\/fi\/wp-json\/wp\/v2\/product_brand?post=3486"},{"taxonomy":"product_cat","embeddable":true,"href":"https:\/\/sealife-cameras.eu\/fi\/wp-json\/wp\/v2\/product_cat?post=3486"},{"taxonomy":"product_tag","embeddable":true,"href":"https:\/\/sealife-cameras.eu\/fi\/wp-json\/wp\/v2\/product_tag?post=3486"}],"curies":[{"name":"wp","href":"https:\/\/api.w.org\/{rel}","templated":true}]}}