{"id":2004,"date":"2024-05-13T02:57:51","date_gmt":"2024-05-13T00:57:51","guid":{"rendered":"https:\/\/modest-cartwright.45-82-188-209.plesk.page\/?page_id=2004"},"modified":"2024-05-13T02:58:32","modified_gmt":"2024-05-13T00:58:32","slug":"retourbeleid","status":"publish","type":"page","link":"https:\/\/sealife-cameras.eu\/fr\/retourbeleid\/","title":{"rendered":"Politique de retour"},"content":{"rendered":"<div data-elementor-type=\"wp-page\" data-elementor-id=\"2004\" class=\"elementor elementor-2004\" data-elementor-post-type=\"page\">\n\t\t\t\t\t\t<section class=\"has_ae_slider elementor-section elementor-top-section elementor-element elementor-element-057ba27 elementor-section-boxed elementor-section-height-default elementor-section-height-default ae-bg-gallery-type-default\" data-id=\"057ba27\" data-element_type=\"section\" data-e-type=\"section\" data-settings=\"{&quot;background_background&quot;:&quot;classic&quot;}\">\n\t\t\t\t\t\t<div class=\"elementor-container elementor-column-gap-default\">\n\t\t\t\t\t<div class=\"has_ae_slider elementor-column elementor-col-100 elementor-top-column elementor-element elementor-element-d0bb494 ae-bg-gallery-type-default\" data-id=\"d0bb494\" data-element_type=\"column\" data-e-type=\"column\" data-settings=\"{&quot;background_background&quot;:&quot;classic&quot;}\">\n\t\t\t<div class=\"elementor-widget-wrap elementor-element-populated\">\n\t\t\t\t\t\t<div class=\"elementor-element elementor-element-9fdd789 elementor-widget elementor-widget-heading\" data-id=\"9fdd789\" data-element_type=\"widget\" data-e-type=\"widget\" data-widget_type=\"heading.default\">\n\t\t\t\t<div class=\"elementor-widget-container\">\n\t\t\t\t\t<h2 class=\"elementor-heading-title elementor-size-default\">Conditions g\u00e9n\u00e9rales d'utilisation\n<\/h2>\t\t\t\t<\/div>\n\t\t\t\t<\/div>\n\t\t\t\t<div class=\"elementor-element elementor-element-669a265 elementor-widget elementor-widget-text-editor\" data-id=\"669a265\" data-element_type=\"widget\" data-e-type=\"widget\" data-widget_type=\"text-editor.default\">\n\t\t\t\t<div class=\"elementor-widget-container\">\n\t\t\t\t\t\t\t\t\t<p class=\"p1\"><b>Demande de retour<\/b><\/p><p class=\"p1\">Vous avez le droit de r\u00e9silier le contrat dans un d\u00e9lai de 7 jours sans donner de raisons. Le d\u00e9lai de r\u00e9tractation expire 7 jours apr\u00e8s le jour o\u00f9 vous-m\u00eame ou un tiers autre que le transporteur et d\u00e9sign\u00e9 par vous prend physiquement possession du bien. Pour exercer le droit de r\u00e9tractation, vous devez nous informer de votre volont\u00e9 de vous r\u00e9tracter du contrat par une d\u00e9claration sans \u00e9quivoque (par exemple, par \u00e9crit, par courrier, par t\u00e9l\u00e9copie ou par courrier \u00e9lectronique). Pour respecter le d\u00e9lai de r\u00e9tractation, il suffit de vous envoyer une communication concernant l'exercice du droit de r\u00e9tractation avant l'expiration du d\u00e9lai de r\u00e9tractation.<\/p><p class=\"p1\"><b>Cons\u00e9quences de la r\u00e9vocation<\/b><\/p><p class=\"p1\">En cas de r\u00e9tractation de votre part du contrat, nous vous rembourserons tous les paiements que vous avez effectu\u00e9s jusqu'\u00e0 ce moment-l\u00e0, y compris les frais de livraison (\u00e0 l'exception des frais suppl\u00e9mentaires d\u00e9coulant du fait que vous avez choisi un mode de livraison autre que le mode de livraison standard le moins cher propos\u00e9 par nous) sans d\u00e9lai et, en tout \u00e9tat de cause, au plus tard 7 jours apr\u00e8s que nous avons \u00e9t\u00e9 inform\u00e9s de votre d\u00e9cision de r\u00e9tractation du contrat. Nous vous rembourserons en utilisant le m\u00eame moyen de paiement que celui avec lequel vous avez effectu\u00e9 la transaction initiale, sauf si vous en avez express\u00e9ment convenu autrement ; en tout \u00e9tat de cause, ce remboursement ne vous sera pas factur\u00e9. Nous pouvons attendre pour vous rembourser que nous ayons re\u00e7u le bien ou que vous ayez prouv\u00e9 que vous avez renvoy\u00e9 le bien, la date retenue \u00e9tant celle du premier de ces faits.\u00a0<\/p><p>Vous devez nous renvoyer ou nous remettre les marchandises imm\u00e9diatement, mais en tout \u00e9tat de cause au plus tard 7 jours \u00e0 compter du jour o\u00f9 vous nous communiquez votre d\u00e9cision de r\u00e9tractation du contrat. Vous \u00eates dans les d\u00e9lais si vous renvoyez les biens avant l'expiration du d\u00e9lai de 7 jours. Les frais directs de renvoi des marchandises sont \u00e0 votre charge. Vous n'\u00eates responsable que de la d\u00e9pr\u00e9ciation des biens r\u00e9sultant de l'utilisation des biens au-del\u00e0 de ce qui est n\u00e9cessaire pour \u00e9tablir la nature, les caract\u00e9ristiques et le fonctionnement des biens.\u00a0<\/p><p class=\"p1\"><b>Adresse<\/b><br \/>Quelque chose \u00e0 renvoyer ? Pensez \u00e0 une bonne description de vos souhaits tels que l'\u00e9change, le retour ou la r\u00e9paration. De pr\u00e9f\u00e9rence, contactez-nous \u00e0 l'avance. Cela permet d'\u00e9viter les envois inutiles et les retards. Envoyez le colis \u00e0<\/p><p>Sealife Benelux BV<br \/>Rue de l'industrie 6G\/Rouge<br \/>3144CL Maassluis<\/p>\t\t\t\t\t\t\t\t<\/div>\n\t\t\t\t<\/div>\n\t\t\t\t\t<\/div>\n\t\t<\/div>\n\t\t\t\t\t<\/div>\n\t\t<\/section>\n\t\t\t\t<\/div>","protected":false},"excerpt":{"rendered":"<p>Algemene voorwaarden Retour aanvraag U heeft het recht om binnen een termijn van 7 dagen zonder opgave van redenen de overeenkomst te [&hellip;]<\/p>\n","protected":false},"author":1,"featured_media":0,"parent":0,"menu_order":0,"comment_status":"closed","ping_status":"closed","template":"","meta":{"_acf_changed":false,"footnotes":""},"class_list":["post-2004","page","type-page","status-publish","hentry"],"acf":[],"_links":{"self":[{"href":"https:\/\/sealife-cameras.eu\/fr\/wp-json\/wp\/v2\/pages\/2004","targetHints":{"allow":["GET"]}}],"collection":[{"href":"https:\/\/sealife-cameras.eu\/fr\/wp-json\/wp\/v2\/pages"}],"about":[{"href":"https:\/\/sealife-cameras.eu\/fr\/wp-json\/wp\/v2\/types\/page"}],"author":[{"embeddable":true,"href":"https:\/\/sealife-cameras.eu\/fr\/wp-json\/wp\/v2\/users\/1"}],"replies":[{"embeddable":true,"href":"https:\/\/sealife-cameras.eu\/fr\/wp-json\/wp\/v2\/comments?post=2004"}],"version-history":[{"count":4,"href":"https:\/\/sealife-cameras.eu\/fr\/wp-json\/wp\/v2\/pages\/2004\/revisions"}],"predecessor-version":[{"id":2008,"href":"https:\/\/sealife-cameras.eu\/fr\/wp-json\/wp\/v2\/pages\/2004\/revisions\/2008"}],"wp:attachment":[{"href":"https:\/\/sealife-cameras.eu\/fr\/wp-json\/wp\/v2\/media?parent=2004"}],"curies":[{"name":"wp","href":"https:\/\/api.w.org\/{rel}","templated":true}]}}