{"id":2346,"date":"2024-05-13T09:25:36","date_gmt":"2024-05-13T07:25:36","guid":{"rendered":"https:\/\/modest-cartwright.45-82-188-209.plesk.page\/?post_type=product&#038;p=2346"},"modified":"2024-08-20T12:42:51","modified_gmt":"2024-08-20T10:42:51","slug":"sea-dragon-universal-flash","status":"publish","type":"product","link":"https:\/\/sealife-cameras.eu\/fr\/produit\/sea-dragon-universal-flash\/","title":{"rendered":"Dragon de mer Flash universel"},"content":{"rendered":"<p><em>Dragon de mer Flash universel<br \/>\nNum\u00e9ro de produit SL963<\/em><\/p>\n<p><em>VEUILLEZ NOTER QUE CE PRODUIT EST EN QUANTIT\u00c9 LIMIT\u00c9E.<\/em><\/p>\n<p><em><br \/>\nLe flash universel puissant et compact Sea Dragon permet d'ajouter facilement de la lumi\u00e8re et de la couleur \u00e0 vos images jusqu'\u00e0 60 m\u00e8tres. Le flash Sea Dragon produit des couleurs riches et profondes dans les photos sous-marines et est compatible avec les mod\u00e8les d'appareils photo SeaLife et la plupart des autres marques d'appareils photo sous-marins qui utilisent un flash interne.<br \/>\nComprend un connecteur de c\u00e2ble optique de 7 mm pour s'adapter facilement \u00e0 tout bo\u00eetier d'appareil photo sous-marin non-SeaLife dot\u00e9 d'un port de connecteur de c\u00e2ble optique, tel que Olympus, Fantasea et Sea &amp; Sea. Un masque de liaison flash universel est \u00e9galement inclus pour s'adapter \u00e0 tout appareil photo dot\u00e9 d'un flash interne.<br \/>\nLe Sea Dragon Flash est \u00e9galement disponible en configuration t\u00eate seule (SL9631) et comprend tout ce que contient le kit SL963, \u00e0 l'exception de la poign\u00e9e, du plateau et de l'\u00e9tui Sea Dragon.<br \/>\nSp\u00e9cifications<br \/>\nFlash sous-marin universel<br \/>\nR\u00e9glage variable de la puissance<br \/>\nPort\u00e9e effective de la distance UW jusqu'\u00e0 8 ft \/ 2,5 m<br \/>\nLe mode d'apprentissage automatique synchronise facilement le pr\u00e9-flash<br \/>\nProfondeur jusqu'\u00e0 60 m\u00e8tres<br \/>\nEgalement disponible en coupe seule (article SL9631)<br \/>\n4 piles AA<\/em><\/p>","protected":false},"excerpt":{"rendered":"<p>Sea Dragon Universal Flash Product Nr. SL963 LET OP DIT PRODUCT IS BEPERKT LEVERBAAR. De krachtige en compacte Sea Dragon universele flitser [&hellip;]<\/p>\n","protected":false},"featured_media":2375,"comment_status":"closed","ping_status":"closed","template":"","meta":{"_acf_changed":false},"product_brand":[],"product_cat":[381],"product_tag":[152,282,197,146,168,252,377,378,379,144,237,380],"class_list":{"0":"post-2346","1":"product","2":"type-product","3":"status-publish","4":"has-post-thumbnail","6":"product_cat-flitsers","7":"product_tag-camera","8":"product_tag-diving","9":"product_tag-flash","10":"product_tag-fotografie","11":"product_tag-onderwater","12":"product_tag-onderwaterwereld","13":"product_tag-photography","14":"product_tag-sea-dragon","15":"product_tag-sealife","16":"product_tag-strobe","17":"product_tag-underwater","18":"product_tag-universal","19":"product_shipping_class-pakket","21":"first","22":"instock","23":"product-type-simple"},"acf":[],"_links":{"self":[{"href":"https:\/\/sealife-cameras.eu\/fr\/wp-json\/wp\/v2\/product\/2346","targetHints":{"allow":["GET"]}}],"collection":[{"href":"https:\/\/sealife-cameras.eu\/fr\/wp-json\/wp\/v2\/product"}],"about":[{"href":"https:\/\/sealife-cameras.eu\/fr\/wp-json\/wp\/v2\/types\/product"}],"replies":[{"embeddable":true,"href":"https:\/\/sealife-cameras.eu\/fr\/wp-json\/wp\/v2\/comments?post=2346"}],"wp:featuredmedia":[{"embeddable":true,"href":"https:\/\/sealife-cameras.eu\/fr\/wp-json\/wp\/v2\/media\/2375"}],"wp:attachment":[{"href":"https:\/\/sealife-cameras.eu\/fr\/wp-json\/wp\/v2\/media?parent=2346"}],"wp:term":[{"taxonomy":"product_brand","embeddable":true,"href":"https:\/\/sealife-cameras.eu\/fr\/wp-json\/wp\/v2\/product_brand?post=2346"},{"taxonomy":"product_cat","embeddable":true,"href":"https:\/\/sealife-cameras.eu\/fr\/wp-json\/wp\/v2\/product_cat?post=2346"},{"taxonomy":"product_tag","embeddable":true,"href":"https:\/\/sealife-cameras.eu\/fr\/wp-json\/wp\/v2\/product_tag?post=2346"}],"curies":[{"name":"wp","href":"https:\/\/api.w.org\/{rel}","templated":true}]}}