{"id":2348,"date":"2024-05-13T09:25:36","date_gmt":"2024-05-13T07:25:36","guid":{"rendered":"https:\/\/modest-cartwright.45-82-188-209.plesk.page\/?post_type=product&#038;p=2348"},"modified":"2024-08-20T12:42:50","modified_gmt":"2024-08-20T10:42:50","slug":"sea-dragon-duo-6000-set","status":"publish","type":"product","link":"https:\/\/sealife-cameras.eu\/fr\/produit\/sea-dragon-duo-6000-set\/","title":{"rendered":"Ensemble Sea Dragon Duo 6000"},"content":{"rendered":"<p><em>Ensemble Sea Dragon Duo 6000<br \/>\nNum\u00e9ro de produit SL691<\/em><\/p>\n<p>VEUILLEZ NOTER QUE CE PRODUIT EST EN QUANTIT\u00c9 LIMIT\u00c9E.<\/p>\n<p>Le kit d'\u00e9clairage sous-marin Sea Dragon Duo 6000 offre une puissance de 6000 lumens avec deux \u00e9clairages LED Sea Dragon 3000 COB mont\u00e9s sur un Flex-Connect\u00ae Dual Tray. Les poign\u00e9es ergonomiques augmentent la stabilit\u00e9 de la cam\u00e9ra, tandis que le double \u00e9clairage augmente encore les angles de rayonnement. Comprend un adaptateur pour cam\u00e9ra GoPro\u00ae.<\/p>\n<p>Sp\u00e9cifications<\/p>\n<p>Deux puissantes lampes LED de 3000 lumens<br \/>\nGrand angle de rayonnement de 120<br \/>\nProfondeur \u00e9valu\u00e9e \u00e0 100 m \/ 330 ft<br \/>\nT\u00eates de lampe r\u00e9sistantes \u00e0 la corrosion<\/p>","protected":false},"excerpt":{"rendered":"<p>Sea Dragon Duo 6000 Set Product Nr. SL691 LET OP DIT PRODUCT IS BEPERKT LEVERBAAR. De Sea Dragon Duo 6000 onderwaterverlichtings set [&hellip;]<\/p>\n","protected":false},"featured_media":2789,"comment_status":"closed","ping_status":"closed","template":"","meta":{"_acf_changed":false},"product_brand":[],"product_cat":[142],"product_tag":[152,282,146,213,168,252,377,378,379,57,237,380],"class_list":{"0":"post-2348","1":"product","2":"type-product","3":"status-publish","4":"has-post-thumbnail","6":"product_cat-foto-en-videolampen","7":"product_tag-camera","8":"product_tag-diving","9":"product_tag-fotografie","10":"product_tag-light","11":"product_tag-onderwater","12":"product_tag-onderwaterwereld","13":"product_tag-photography","14":"product_tag-sea-dragon","15":"product_tag-sealife","16":"product_tag-set","17":"product_tag-underwater","18":"product_tag-universal","19":"product_shipping_class-pakket","21":"first","22":"instock","23":"product-type-simple"},"acf":[],"_links":{"self":[{"href":"https:\/\/sealife-cameras.eu\/fr\/wp-json\/wp\/v2\/product\/2348","targetHints":{"allow":["GET"]}}],"collection":[{"href":"https:\/\/sealife-cameras.eu\/fr\/wp-json\/wp\/v2\/product"}],"about":[{"href":"https:\/\/sealife-cameras.eu\/fr\/wp-json\/wp\/v2\/types\/product"}],"replies":[{"embeddable":true,"href":"https:\/\/sealife-cameras.eu\/fr\/wp-json\/wp\/v2\/comments?post=2348"}],"wp:featuredmedia":[{"embeddable":true,"href":"https:\/\/sealife-cameras.eu\/fr\/wp-json\/wp\/v2\/media\/2789"}],"wp:attachment":[{"href":"https:\/\/sealife-cameras.eu\/fr\/wp-json\/wp\/v2\/media?parent=2348"}],"wp:term":[{"taxonomy":"product_brand","embeddable":true,"href":"https:\/\/sealife-cameras.eu\/fr\/wp-json\/wp\/v2\/product_brand?post=2348"},{"taxonomy":"product_cat","embeddable":true,"href":"https:\/\/sealife-cameras.eu\/fr\/wp-json\/wp\/v2\/product_cat?post=2348"},{"taxonomy":"product_tag","embeddable":true,"href":"https:\/\/sealife-cameras.eu\/fr\/wp-json\/wp\/v2\/product_tag?post=2348"}],"curies":[{"name":"wp","href":"https:\/\/api.w.org\/{rel}","templated":true}]}}