{"id":2352,"date":"2024-05-13T09:25:36","date_gmt":"2024-05-13T07:25:36","guid":{"rendered":"https:\/\/modest-cartwright.45-82-188-209.plesk.page\/?post_type=product&#038;p=2352"},"modified":"2025-07-10T15:20:53","modified_gmt":"2025-07-10T13:20:53","slug":"sea-dragon-mini-1300s","status":"publish","type":"product","link":"https:\/\/sealife-cameras.eu\/fr\/produit\/sea-dragon-mini-1300s\/","title":{"rendered":"Dragon de mer Mini 1300S"},"content":{"rendered":"<p><em>Dragon de mer Mini 1300S<br \/>\nNum\u00e9ro de produit SL654<\/em><\/p>\n<p>CET ARTICLE EST EN QUANTIT\u00c9 LIMIT\u00c9E.<\/p>\n<p>La lampe de plong\u00e9e compacte Sea Dragon Mini 1300S avec 1300 lumens offre aux utilisateurs une luminosit\u00e9 \u00e9norme et un faisceau \u00e9troit de 8\u00b0 \u00e0 longue port\u00e9e. Toutes les fonctions de la lampe sont facilement accessibles avec une seule main pour passer d'un mode \u00e0 l'autre. Cette lampe n'est pas livr\u00e9e avec des piles.<\/p>\n<p>Sp\u00e9cifications<\/p>\n<p>Lumi\u00e8re puissante de 1300 lumens<br \/>\nProfondeur test\u00e9e jusqu'\u00e0 100 m \/ 330 ft<br \/>\nAngle de rayonnement \u00e9troit de 8<br \/>\nCinq modes d'\u00e9clairage<br \/>\nBo\u00eetier en aluminium anodis\u00e9<\/p>","protected":false},"excerpt":{"rendered":"<p>Sea Dragon Mini 1300S Product Nr. SL654 DIT ITEM IS BEPERKT LEVERBAAR. De compacte Sea Dragon Mini 1300S duiklamp met 1300 lumen [&hellip;]<\/p>\n","protected":false},"featured_media":2768,"comment_status":"closed","ping_status":"closed","template":"","meta":{"_acf_changed":false},"product_brand":[],"product_cat":[44],"product_tag":[],"class_list":{"0":"post-2352","1":"product","2":"type-product","3":"status-publish","4":"has-post-thumbnail","6":"product_cat-duiklampen","7":"product_shipping_class-pakket","9":"first","10":"instock","11":"product-type-simple"},"acf":[],"_links":{"self":[{"href":"https:\/\/sealife-cameras.eu\/fr\/wp-json\/wp\/v2\/product\/2352","targetHints":{"allow":["GET"]}}],"collection":[{"href":"https:\/\/sealife-cameras.eu\/fr\/wp-json\/wp\/v2\/product"}],"about":[{"href":"https:\/\/sealife-cameras.eu\/fr\/wp-json\/wp\/v2\/types\/product"}],"replies":[{"embeddable":true,"href":"https:\/\/sealife-cameras.eu\/fr\/wp-json\/wp\/v2\/comments?post=2352"}],"wp:featuredmedia":[{"embeddable":true,"href":"https:\/\/sealife-cameras.eu\/fr\/wp-json\/wp\/v2\/media\/2768"}],"wp:attachment":[{"href":"https:\/\/sealife-cameras.eu\/fr\/wp-json\/wp\/v2\/media?parent=2352"}],"wp:term":[{"taxonomy":"product_brand","embeddable":true,"href":"https:\/\/sealife-cameras.eu\/fr\/wp-json\/wp\/v2\/product_brand?post=2352"},{"taxonomy":"product_cat","embeddable":true,"href":"https:\/\/sealife-cameras.eu\/fr\/wp-json\/wp\/v2\/product_cat?post=2352"},{"taxonomy":"product_tag","embeddable":true,"href":"https:\/\/sealife-cameras.eu\/fr\/wp-json\/wp\/v2\/product_tag?post=2352"}],"curies":[{"name":"wp","href":"https:\/\/api.w.org\/{rel}","templated":true}]}}