{"id":2397,"date":"2024-05-13T09:26:02","date_gmt":"2024-05-13T07:26:02","guid":{"rendered":"https:\/\/modest-cartwright.45-82-188-209.plesk.page\/?post_type=product&#038;p=2397"},"modified":"2024-08-20T12:42:50","modified_gmt":"2024-08-20T10:42:50","slug":"reefmaster-rm-4k-pro-2000-set","status":"publish","type":"product","link":"https:\/\/sealife-cameras.eu\/fr\/produit\/reefmaster-rm-4k-pro-2000-set\/","title":{"rendered":"Reefmaster RM-4K Pro 2000 Set"},"content":{"rendered":"<p><em>Reefmaster RM-4K Pro 2000 Set<br \/>\nNum\u00e9ro de produit SL354<\/em><\/p>\n<p>Le Reefmaster RM-4K de Sealife a un design compact et un capteur d'image CMOS Panasonic de 14 m\u00e9gapixels. Le design compact permet aux plongeurs et aux amateurs d'apn\u00e9e d'emporter cette cam\u00e9ra n'importe o\u00f9. La cam\u00e9ra est capable de filmer en 4K avec une correction des couleurs sous l'eau. La Sealife Reefmaster RM-4K est dot\u00e9e de commandes \u00e0 quatre boutons et d'un \u00e9cran LCD de 2 pouces, ce qui la rend facile \u00e0 utiliser. Il est \u00e9galement \u00e9quip\u00e9 d'un syst\u00e8me WiFi, ce qui permet de partager facilement vos prises de vue avec vos amis et votre famille. Le caisson sous-marin est dot\u00e9 de la fonction \"Moisture Muncher\". Cette fonction emp\u00eache la cam\u00e9ra de s'embuer en raison de la chaleur et de l'humidit\u00e9 \u00e0 l'int\u00e9rieur du bo\u00eetier. Cet appareil photo sous-marin peut \u00eatre utilis\u00e9 avec une carte MicroSDHC jusqu'\u00e0 128 Go. <\/p>\n<p>SeaLife Sea Dragon 2000F UW Photo-Video Light kit<\/p>\n<p>La lampe Sealife Sea Dragon 2000F est une lampe LED puissante qui fournit jusqu'\u00e0 2000 lumens de lumi\u00e8re. La temp\u00e9rature de couleur est de 5000K et est proche de la lumi\u00e8re du soleil. Cela vous donne un effet de lumi\u00e8re tr\u00e8s naturel sur votre sujet sous l'eau. La lampe dispose d'un \"Flood beam\" avec un angle d'\u00e9clairage de 120 degr\u00e9s et de 90 degr\u00e9s sous l'eau. Vous pouvez r\u00e9gler l'intensit\u00e9 lumineuse en trois \u00e9tapes : 100%, 50% et 25%. Respectivement 2000, 1000 et 500 lumens. Gr\u00e2ce \u00e0 son faisceau large, cette lampe est id\u00e9ale pour les appareils photo dot\u00e9s d'un objectif large, comme l'appareil photo Sealife 2.0 Micro. Il suffit de fixer l'appareil photo sur la vis 1\/4\u2033 et vous disposez imm\u00e9diatement d'une poign\u00e9e suppl\u00e9mentaire pour la baignade. Cela facilite grandement la prise de photos !<br \/>\nCaract\u00e9ristiques principales du kit SeaLife Sea Dragon 2000F UW Photo-Video Light :<\/p>\n<p>Accessoires standard inclus dans le Set Sealife Reefmaster RM-4K Pro 2000 :<\/p>\n<p>    Sealife Reefmaster RM-4K Cam\u00e9ra sous-marine<br \/>\n    Lumi\u00e8re vid\u00e9o Sea Dragon 2000<br \/>\n    Poign\u00e9e<br \/>\n    Plaque de cam\u00e9ra<br \/>\n    Batterie<br \/>\n    Bracelet<br \/>\n    C\u00e2ble USB<\/p>","protected":false},"excerpt":{"rendered":"<p>Reefmaster RM-4K Pro 2000 Set Product Nr. SL354 Deze Sealife Reefmaster RM-4K heeft een compact ontwerp en een 14 megapixel Panasonic CMOS [&hellip;]<\/p>\n","protected":false},"featured_media":2443,"comment_status":"closed","ping_status":"closed","template":"","meta":{"_acf_changed":false},"product_brand":[],"product_cat":[387],"product_tag":[392,152,282,396,393,146,168,252,377,169,394,395,397,379,57,237],"class_list":{"0":"post-2397","1":"product","2":"type-product","3":"status-publish","4":"has-post-thumbnail","6":"product_cat-cameras-en-behuizing","7":"product_tag-392","8":"product_tag-camera","9":"product_tag-diving","10":"product_tag-dragon","11":"product_tag-duo","12":"product_tag-fotografie","13":"product_tag-onderwater","14":"product_tag-onderwaterwereld","15":"product_tag-photography","16":"product_tag-pro","17":"product_tag-reefmaster","18":"product_tag-reefmaster-rm-4k","19":"product_tag-sea","20":"product_tag-sealife","21":"product_tag-set","22":"product_tag-underwater","23":"product_shipping_class-pakket","25":"first","26":"instock","27":"product-type-simple"},"acf":[],"_links":{"self":[{"href":"https:\/\/sealife-cameras.eu\/fr\/wp-json\/wp\/v2\/product\/2397","targetHints":{"allow":["GET"]}}],"collection":[{"href":"https:\/\/sealife-cameras.eu\/fr\/wp-json\/wp\/v2\/product"}],"about":[{"href":"https:\/\/sealife-cameras.eu\/fr\/wp-json\/wp\/v2\/types\/product"}],"replies":[{"embeddable":true,"href":"https:\/\/sealife-cameras.eu\/fr\/wp-json\/wp\/v2\/comments?post=2397"}],"wp:featuredmedia":[{"embeddable":true,"href":"https:\/\/sealife-cameras.eu\/fr\/wp-json\/wp\/v2\/media\/2443"}],"wp:attachment":[{"href":"https:\/\/sealife-cameras.eu\/fr\/wp-json\/wp\/v2\/media?parent=2397"}],"wp:term":[{"taxonomy":"product_brand","embeddable":true,"href":"https:\/\/sealife-cameras.eu\/fr\/wp-json\/wp\/v2\/product_brand?post=2397"},{"taxonomy":"product_cat","embeddable":true,"href":"https:\/\/sealife-cameras.eu\/fr\/wp-json\/wp\/v2\/product_cat?post=2397"},{"taxonomy":"product_tag","embeddable":true,"href":"https:\/\/sealife-cameras.eu\/fr\/wp-json\/wp\/v2\/product_tag?post=2397"}],"curies":[{"name":"wp","href":"https:\/\/api.w.org\/{rel}","templated":true}]}}