{"id":2403,"date":"2024-05-13T09:26:03","date_gmt":"2024-05-13T07:26:03","guid":{"rendered":"https:\/\/modest-cartwright.45-82-188-209.plesk.page\/?post_type=product&#038;p=2403"},"modified":"2024-08-20T12:42:49","modified_gmt":"2024-08-20T10:42:49","slug":"0-75x-wide-angle-conversion-lens-voor-dc-series","status":"publish","type":"product","link":"https:\/\/sealife-cameras.eu\/fr\/produit\/0-75x-wide-angle-conversion-lens-voor-dc-series\/","title":{"rendered":"Objectif de conversion grand angle 0,75x pour la s\u00e9rie DC"},"content":{"rendered":"<p><em>Objectif de conversion grand angle 0,75x pour la s\u00e9rie DC<br \/>\nNum\u00e9ro de produit SL051<\/em><\/p>\n<p>Avec l'objectif de conversion grand angle 0,75x de SeaLife, vous pouvez rester dans la plage de prise de vue de votre flash et tout faire entrer dans la photo. Il suffit de monter l'objectif et de r\u00e9gler l'appareil photo sur la mise au point automatique ou le r\u00e9glage macro. La lentille de conversion grand angle compense l'effet de grossissement de l'eau et augmente le champ de vision sous l'eau avec 33% !<\/p>\n<p>Sp\u00e9cifications<\/p>\n<p>Pour les cam\u00e9ras SeaLife de la s\u00e9rie DC<br \/>\nConvient \u00e0 la plupart des marques d'appareils photo et de bo\u00eetiers<br \/>\nFixation universelle par vis de 52 mm<br \/>\nComprend un adaptateur DC pour les cam\u00e9ras SeaLife<br \/>\nCompense le gonflement de l'eau<br \/>\nPr\u00e9cision et nettet\u00e9, d'un bord \u00e0 l'autre<br \/>\nProfondeur \u00e9valu\u00e9e \u00e0 200 ft \/ 60 m<\/p>","protected":false},"excerpt":{"rendered":"<p>0.75x Wide Angle Conversion Lens voor DC-Series Product Nr. SL051 Met de SeaLife 0,75x groothoekconversielens kunt u binnen het opnamebereik van uw [&hellip;]<\/p>\n","protected":false},"featured_media":2839,"comment_status":"closed","ping_status":"closed","template":"","meta":{"_acf_changed":false},"product_brand":[],"product_cat":[171],"product_tag":[152,399,282,146,400,168,252,377,379,237,170],"class_list":{"0":"post-2403","1":"product","2":"type-product","3":"status-publish","4":"has-post-thumbnail","6":"product_cat-lenzen","7":"product_tag-camera","8":"product_tag-dc-series","9":"product_tag-diving","10":"product_tag-fotografie","11":"product_tag-lenses","12":"product_tag-onderwater","13":"product_tag-onderwaterwereld","14":"product_tag-photography","15":"product_tag-sealife","16":"product_tag-underwater","17":"product_tag-wide-angle","18":"product_shipping_class-pakket","20":"first","21":"instock","22":"product-type-simple"},"acf":[],"_links":{"self":[{"href":"https:\/\/sealife-cameras.eu\/fr\/wp-json\/wp\/v2\/product\/2403","targetHints":{"allow":["GET"]}}],"collection":[{"href":"https:\/\/sealife-cameras.eu\/fr\/wp-json\/wp\/v2\/product"}],"about":[{"href":"https:\/\/sealife-cameras.eu\/fr\/wp-json\/wp\/v2\/types\/product"}],"replies":[{"embeddable":true,"href":"https:\/\/sealife-cameras.eu\/fr\/wp-json\/wp\/v2\/comments?post=2403"}],"wp:featuredmedia":[{"embeddable":true,"href":"https:\/\/sealife-cameras.eu\/fr\/wp-json\/wp\/v2\/media\/2839"}],"wp:attachment":[{"href":"https:\/\/sealife-cameras.eu\/fr\/wp-json\/wp\/v2\/media?parent=2403"}],"wp:term":[{"taxonomy":"product_brand","embeddable":true,"href":"https:\/\/sealife-cameras.eu\/fr\/wp-json\/wp\/v2\/product_brand?post=2403"},{"taxonomy":"product_cat","embeddable":true,"href":"https:\/\/sealife-cameras.eu\/fr\/wp-json\/wp\/v2\/product_cat?post=2403"},{"taxonomy":"product_tag","embeddable":true,"href":"https:\/\/sealife-cameras.eu\/fr\/wp-json\/wp\/v2\/product_tag?post=2403"}],"curies":[{"name":"wp","href":"https:\/\/api.w.org\/{rel}","templated":true}]}}