{"id":2405,"date":"2024-05-13T09:26:03","date_gmt":"2024-05-13T07:26:03","guid":{"rendered":"https:\/\/modest-cartwright.45-82-188-209.plesk.page\/?post_type=product&#038;p=2405"},"modified":"2024-08-20T12:42:49","modified_gmt":"2024-08-20T10:42:49","slug":"52mm-lens-filter-adapter-voor-dc-series","status":"publish","type":"product","link":"https:\/\/sealife-cameras.eu\/fr\/produit\/52mm-lens-filter-adapter-voor-dc-series\/","title":{"rendered":"Adaptateur objectif\/filtre 52mm pour s\u00e9rie DC"},"content":{"rendered":"<p><em>Adaptateur objectif\/filtre 52mm pour s\u00e9rie DC<br \/>\nNum\u00e9ro de produit SL977<\/em><\/p>\n<p>Convertit le port de l'objectif de la s\u00e9rie DC en 52 mm. Se monte rapidement et facilement sur terre ou sous l'eau. Fonctionne avec les SeaLife DC2000, DC1400 et toutes les cam\u00e9ras pr\u00e9c\u00e9dentes de la s\u00e9rie DC. L'objectif\/filtre de 67 mm peut \u00eatre fix\u00e9 \u00e0 l'adaptateur de 52 mm avec la bague d'extension SL978 52-67 mm (vendue s\u00e9par\u00e9ment).<\/p>\n<p>Sp\u00e9cifications<\/p>\n<p>Convertir le port de l'objectif de la s\u00e9rie DC en 52 mm<br \/>\nPort de 52 mm avec filetage pour objectifs, filtres<br \/>\nS'ins\u00e8re dans le port de l'objectif pour un ajustement pr\u00e9cis<\/p>","protected":false},"excerpt":{"rendered":"<p>52mm Lens\/Filter Adapter voor DC-Series Product Nr. SL977 Zet de lenspoort van de DC-serie om in 52 mm. Snel en eenvoudig opsteekbevestiging [&hellip;]<\/p>\n","protected":false},"featured_media":2451,"comment_status":"closed","ping_status":"closed","template":"","meta":{"_acf_changed":false},"product_brand":[],"product_cat":[171],"product_tag":[402,152,399,282,146,400,168,252,377,379,237],"class_list":{"0":"post-2405","1":"product","2":"type-product","3":"status-publish","4":"has-post-thumbnail","6":"product_cat-lenzen","7":"product_tag-adapter","8":"product_tag-camera","9":"product_tag-dc-series","10":"product_tag-diving","11":"product_tag-fotografie","12":"product_tag-lenses","13":"product_tag-onderwater","14":"product_tag-onderwaterwereld","15":"product_tag-photography","16":"product_tag-sealife","17":"product_tag-underwater","18":"product_shipping_class-pakket","20":"first","21":"instock","22":"product-type-simple"},"acf":[],"_links":{"self":[{"href":"https:\/\/sealife-cameras.eu\/fr\/wp-json\/wp\/v2\/product\/2405","targetHints":{"allow":["GET"]}}],"collection":[{"href":"https:\/\/sealife-cameras.eu\/fr\/wp-json\/wp\/v2\/product"}],"about":[{"href":"https:\/\/sealife-cameras.eu\/fr\/wp-json\/wp\/v2\/types\/product"}],"replies":[{"embeddable":true,"href":"https:\/\/sealife-cameras.eu\/fr\/wp-json\/wp\/v2\/comments?post=2405"}],"wp:featuredmedia":[{"embeddable":true,"href":"https:\/\/sealife-cameras.eu\/fr\/wp-json\/wp\/v2\/media\/2451"}],"wp:attachment":[{"href":"https:\/\/sealife-cameras.eu\/fr\/wp-json\/wp\/v2\/media?parent=2405"}],"wp:term":[{"taxonomy":"product_brand","embeddable":true,"href":"https:\/\/sealife-cameras.eu\/fr\/wp-json\/wp\/v2\/product_brand?post=2405"},{"taxonomy":"product_cat","embeddable":true,"href":"https:\/\/sealife-cameras.eu\/fr\/wp-json\/wp\/v2\/product_cat?post=2405"},{"taxonomy":"product_tag","embeddable":true,"href":"https:\/\/sealife-cameras.eu\/fr\/wp-json\/wp\/v2\/product_tag?post=2405"}],"curies":[{"name":"wp","href":"https:\/\/api.w.org\/{rel}","templated":true}]}}