{"id":2435,"date":"2024-05-13T09:26:32","date_gmt":"2024-05-13T07:26:32","guid":{"rendered":"https:\/\/modest-cartwright.45-82-188-209.plesk.page\/?post_type=product&#038;p=2435"},"modified":"2024-08-20T12:42:47","modified_gmt":"2024-08-20T10:42:47","slug":"1-ball-clamp","status":"publish","type":"product","link":"https:\/\/sealife-cameras.eu\/fr\/produit\/1-ball-clamp\/","title":{"rendered":"1\u2033 Ball Clamp"},"content":{"rendered":"<p><em>1\u2033 Ball Clamp<br \/>\nNum\u00e9ro de produit SL9907<\/em><\/p>\n<p>La pince Flex-Connect 1-inch Ball Clamp permet d'assembler deux boules de 25,4 mm. Les plaques de serrage en aluminium sont munies d'un ressort pour faciliter le montage et le d\u00e9montage. La poign\u00e9e en forme d'\u00e9crou \u00e0 ailettes pr\u00e9sente une finition anodis\u00e9e rouge attrayante.<\/p>","protected":false},"excerpt":{"rendered":"<p>1&#8243; Ball Clamp Product Nr. SL9907 De Flex-Connect 1-inch Ball Clamp verbindt twee 1-inch (25,4 mm) ballen met elkaar. De aluminium klem [&hellip;]<\/p>\n","protected":false},"featured_media":2844,"comment_status":"closed","ping_status":"closed","template":"","meta":{"_acf_changed":false},"product_brand":[],"product_cat":[406],"product_tag":[412,152,282,407,146,168,252,377,379,237],"class_list":{"0":"post-2435","1":"product","2":"type-product","3":"status-publish","4":"has-post-thumbnail","6":"product_cat-flex-connect-accessoires","7":"product_tag-ball-clamp","8":"product_tag-camera","9":"product_tag-diving","10":"product_tag-flex-connect","11":"product_tag-fotografie","12":"product_tag-onderwater","13":"product_tag-onderwaterwereld","14":"product_tag-photography","15":"product_tag-sealife","16":"product_tag-underwater","17":"product_shipping_class-pakket","19":"first","20":"instock","21":"product-type-simple"},"acf":[],"_links":{"self":[{"href":"https:\/\/sealife-cameras.eu\/fr\/wp-json\/wp\/v2\/product\/2435","targetHints":{"allow":["GET"]}}],"collection":[{"href":"https:\/\/sealife-cameras.eu\/fr\/wp-json\/wp\/v2\/product"}],"about":[{"href":"https:\/\/sealife-cameras.eu\/fr\/wp-json\/wp\/v2\/types\/product"}],"replies":[{"embeddable":true,"href":"https:\/\/sealife-cameras.eu\/fr\/wp-json\/wp\/v2\/comments?post=2435"}],"wp:featuredmedia":[{"embeddable":true,"href":"https:\/\/sealife-cameras.eu\/fr\/wp-json\/wp\/v2\/media\/2844"}],"wp:attachment":[{"href":"https:\/\/sealife-cameras.eu\/fr\/wp-json\/wp\/v2\/media?parent=2435"}],"wp:term":[{"taxonomy":"product_brand","embeddable":true,"href":"https:\/\/sealife-cameras.eu\/fr\/wp-json\/wp\/v2\/product_brand?post=2435"},{"taxonomy":"product_cat","embeddable":true,"href":"https:\/\/sealife-cameras.eu\/fr\/wp-json\/wp\/v2\/product_cat?post=2435"},{"taxonomy":"product_tag","embeddable":true,"href":"https:\/\/sealife-cameras.eu\/fr\/wp-json\/wp\/v2\/product_tag?post=2435"}],"curies":[{"name":"wp","href":"https:\/\/api.w.org\/{rel}","templated":true}]}}