{"id":2439,"date":"2024-05-13T09:26:32","date_gmt":"2024-05-13T07:26:32","guid":{"rendered":"https:\/\/modest-cartwright.45-82-188-209.plesk.page\/?post_type=product&#038;p=2439"},"modified":"2024-08-20T12:42:47","modified_gmt":"2024-08-20T10:42:47","slug":"ys-adapter","status":"publish","type":"product","link":"https:\/\/sealife-cameras.eu\/fr\/produit\/ys-adapter\/","title":{"rendered":"Adaptateur YS"},"content":{"rendered":"<p><em>Adaptateur YS<br \/>\nNum\u00e9ro de produit SL994<\/em><\/p>\n<p>L'adaptateur Flex-Connect YS permet de connecter facilement tout flash ou \u00e9clairage sous-marin utilisant une monture YS aux poign\u00e9es, plateaux, bras, montures Cold Shoe et autres accessoires Flex-Connect, sans se soucier des probl\u00e8mes de compatibilit\u00e9. L'adaptateur YS pivote \u00e0 gauche et \u00e0 droite sur sa base et permet de contr\u00f4ler le haut et le bas en inclinant la lumi\u00e8re sur la monture.<\/p>","protected":false},"excerpt":{"rendered":"<p>YS Adapter Product Nr. SL994 De Flex-Connect YS-adapter verbindt eenvoudig elk onderwaterlicht of flitser met behulp van een YS-bevestiging op Flex-Connect-grepen, dienbladen, [&hellip;]<\/p>\n","protected":false},"featured_media":2498,"comment_status":"closed","ping_status":"closed","template":"","meta":{"_acf_changed":false},"product_brand":[],"product_cat":[406],"product_tag":[152,282,407,146,168,252,377,379,237,415],"class_list":{"0":"post-2439","1":"product","2":"type-product","3":"status-publish","4":"has-post-thumbnail","6":"product_cat-flex-connect-accessoires","7":"product_tag-camera","8":"product_tag-diving","9":"product_tag-flex-connect","10":"product_tag-fotografie","11":"product_tag-onderwater","12":"product_tag-onderwaterwereld","13":"product_tag-photography","14":"product_tag-sealife","15":"product_tag-underwater","16":"product_tag-ys-adapter","17":"product_shipping_class-pakket","19":"first","20":"instock","21":"product-type-simple"},"acf":[],"_links":{"self":[{"href":"https:\/\/sealife-cameras.eu\/fr\/wp-json\/wp\/v2\/product\/2439","targetHints":{"allow":["GET"]}}],"collection":[{"href":"https:\/\/sealife-cameras.eu\/fr\/wp-json\/wp\/v2\/product"}],"about":[{"href":"https:\/\/sealife-cameras.eu\/fr\/wp-json\/wp\/v2\/types\/product"}],"replies":[{"embeddable":true,"href":"https:\/\/sealife-cameras.eu\/fr\/wp-json\/wp\/v2\/comments?post=2439"}],"wp:featuredmedia":[{"embeddable":true,"href":"https:\/\/sealife-cameras.eu\/fr\/wp-json\/wp\/v2\/media\/2498"}],"wp:attachment":[{"href":"https:\/\/sealife-cameras.eu\/fr\/wp-json\/wp\/v2\/media?parent=2439"}],"wp:term":[{"taxonomy":"product_brand","embeddable":true,"href":"https:\/\/sealife-cameras.eu\/fr\/wp-json\/wp\/v2\/product_brand?post=2439"},{"taxonomy":"product_cat","embeddable":true,"href":"https:\/\/sealife-cameras.eu\/fr\/wp-json\/wp\/v2\/product_cat?post=2439"},{"taxonomy":"product_tag","embeddable":true,"href":"https:\/\/sealife-cameras.eu\/fr\/wp-json\/wp\/v2\/product_tag?post=2439"}],"curies":[{"name":"wp","href":"https:\/\/api.w.org\/{rel}","templated":true}]}}